{"id":16269,"date":"2021-02-01T14:41:58","date_gmt":"2021-02-01T20:41:58","guid":{"rendered":"https:\/\/recurrentenergy.com\/technologien\/"},"modified":"2025-11-19T15:41:31","modified_gmt":"2025-11-19T21:41:31","slug":"technologien","status":"publish","type":"page","link":"https:\/\/recurrentenergy.com\/de\/technologien\/","title":{"rendered":"Technologien"},"content":{"rendered":"\t\t<div data-elementor-type=\"wp-page\" data-elementor-id=\"16269\" class=\"elementor elementor-16269 elementor-5711\" data-elementor-settings=\"{&quot;ha_cmc_init_switcher&quot;:&quot;no&quot;}\" data-elementor-post-type=\"page\">\n\t\t\t\t\t\t<section class=\"elementor-section elementor-top-section elementor-element elementor-element-6fb8d24 elementor-section-boxed elementor-section-height-default elementor-section-height-default\" data-id=\"6fb8d24\" data-element_type=\"section\" data-e-type=\"section\">\n\t\t\t\t\t\t<div class=\"elementor-container elementor-column-gap-default\">\n\t\t\t\t\t<div class=\"elementor-column elementor-col-100 elementor-top-column elementor-element elementor-element-3989a5a\" data-id=\"3989a5a\" data-element_type=\"column\" data-e-type=\"column\">\n\t\t\t<div class=\"elementor-widget-wrap elementor-element-populated\">\n\t\t\t\t\t\t<div class=\"elementor-element elementor-element-aad3fa0 elementor-widget__width-inherit elementor-widget elementor-widget-heading\" data-id=\"aad3fa0\" data-element_type=\"widget\" data-e-type=\"widget\" data-widget_type=\"heading.default\">\n\t\t\t\t<div class=\"elementor-widget-container\">\n\t\t\t\t\t<h1 class=\"elementor-heading-title elementor-size-default\">Solarenergie und Energiespeicherung<\/h1>\t\t\t\t<\/div>\n\t\t\t\t<\/div>\n\t\t\t\t\t<\/div>\n\t\t<\/div>\n\t\t\t\t\t<\/div>\n\t\t<\/section>\n\t\t\t\t<section class=\"elementor-section elementor-top-section elementor-element elementor-element-5789030 elementor-section-height-min-height elementor-section-content-bottom elementor-section-full_width elementor-section-height-default elementor-section-items-middle\" data-id=\"5789030\" data-element_type=\"section\" data-e-type=\"section\" data-settings=\"{&quot;background_background&quot;:&quot;classic&quot;,&quot;background_motion_fx_motion_fx_scrolling&quot;:&quot;yes&quot;,&quot;background_motion_fx_translateY_effect&quot;:&quot;yes&quot;,&quot;background_motion_fx_translateY_speed&quot;:{&quot;unit&quot;:&quot;px&quot;,&quot;size&quot;:4,&quot;sizes&quot;:[]},&quot;background_motion_fx_translateY_affectedRange&quot;:{&quot;unit&quot;:&quot;%&quot;,&quot;size&quot;:&quot;&quot;,&quot;sizes&quot;:{&quot;start&quot;:0,&quot;end&quot;:100}},&quot;background_motion_fx_devices&quot;:[&quot;desktop&quot;,&quot;tablet&quot;,&quot;mobile&quot;]}\">\n\t\t\t\t\t\t<div class=\"elementor-container elementor-column-gap-default\">\n\t\t\t\t\t<div class=\"elementor-column elementor-col-100 elementor-top-column elementor-element elementor-element-3c3a2cd\" data-id=\"3c3a2cd\" data-element_type=\"column\" data-e-type=\"column\" data-settings=\"{&quot;background_background&quot;:&quot;classic&quot;}\">\n\t\t\t<div class=\"elementor-widget-wrap elementor-element-populated\">\n\t\t\t\t\t\t<section class=\"elementor-section elementor-inner-section elementor-element elementor-element-c4ed430 elementor-section-full_width elementor-section-height-default elementor-section-height-default\" data-id=\"c4ed430\" data-element_type=\"section\" data-e-type=\"section\">\n\t\t\t\t\t\t<div class=\"elementor-container elementor-column-gap-default\">\n\t\t\t\t\t<div class=\"elementor-column elementor-col-50 elementor-inner-column elementor-element elementor-element-9423ef7\" data-id=\"9423ef7\" data-element_type=\"column\" data-e-type=\"column\">\n\t\t\t<div class=\"elementor-widget-wrap elementor-element-populated\">\n\t\t\t\t\t\t<div class=\"elementor-element elementor-element-532d971 elementor-widget elementor-widget-heading\" data-id=\"532d971\" data-element_type=\"widget\" data-e-type=\"widget\" data-widget_type=\"heading.default\">\n\t\t\t\t<div class=\"elementor-widget-container\">\n\t\t\t\t\t<h2 class=\"elementor-heading-title elementor-size-default\">Recurrent Energy steht an der Spitze der gegenw\u00e4rtigen Energiewende.<\/h2>\t\t\t\t<\/div>\n\t\t\t\t<\/div>\n\t\t\t\t<div class=\"elementor-element elementor-element-758d648 elementor-widget elementor-widget-text-editor\" data-id=\"758d648\" data-element_type=\"widget\" data-e-type=\"widget\" data-widget_type=\"text-editor.default\">\n\t\t\t\t<div class=\"elementor-widget-container\">\n\t\t\t\t\t\t\t\t\t<p>Die Technologien f\u00fcr erneuerbare Energien haben sich rapide weiterentwickelt: Die Wirkungsgrade wurden wesentlich verbessert, w\u00e4hrend die Kosten gleichzeitig drastisch gesunken sind. Hinzu kommt, dass sich die Stromm\u00e4rkte mittlerweile im Umbruch befinden, da immer mehr Erzeuger erneuerbarer Energie ans Netz gehen. Da die Nutzung erneuerbarer Energien immer st\u00e4rker vorangetrieben wird und die Kosten f\u00fcr Speichertechnologien kontinuierlich sinken, erkennen Energieeink\u00e4ufer in zunehmendem Ma\u00dfe die zahlreichen Vorteile von Solaranlagen in Kombination mit Energiespeichern.   <\/p><p>Durch die Kombination der unersch\u00f6pflichen Ressource Sonnenenergie mit fortschrittlichen Speicherl\u00f6sungen k\u00f6nnen wir den spezifischen Strombedarf unserer Kunden auf der ganzen Welt decken. Dar\u00fcber hinaus liefern unsere Projekte sauberen, kosteng\u00fcnstigen und zuverl\u00e4ssigen Strom an die Abnehmer, da bei der Energieerzeugung aus erneuerbaren Energien keine variablen Brennstoff- oder Betriebskosten anfallen. <\/p>\t\t\t\t\t\t\t\t<\/div>\n\t\t\t\t<\/div>\n\t\t\t\t\t<\/div>\n\t\t<\/div>\n\t\t\t\t<div class=\"elementor-column elementor-col-50 elementor-inner-column elementor-element elementor-element-44ad5f3\" data-id=\"44ad5f3\" data-element_type=\"column\" data-e-type=\"column\" data-settings=\"{&quot;background_background&quot;:&quot;classic&quot;}\">\n\t\t\t<div class=\"elementor-widget-wrap elementor-element-populated\">\n\t\t\t\t\t\t<div class=\"elementor-element elementor-element-075dbb8 elementor-widget elementor-widget-spacer\" data-id=\"075dbb8\" data-element_type=\"widget\" data-e-type=\"widget\" data-widget_type=\"spacer.default\">\n\t\t\t\t<div class=\"elementor-widget-container\">\n\t\t\t\t\t\t\t<div class=\"elementor-spacer\">\n\t\t\t<div class=\"elementor-spacer-inner\"><\/div>\n\t\t<\/div>\n\t\t\t\t\t\t<\/div>\n\t\t\t\t<\/div>\n\t\t\t\t\t<\/div>\n\t\t<\/div>\n\t\t\t\t\t<\/div>\n\t\t<\/section>\n\t\t\t\t\t<\/div>\n\t\t<\/div>\n\t\t\t\t\t<\/div>\n\t\t<\/section>\n\t\t\t\t<section class=\"elementor-section elementor-top-section elementor-element elementor-element-6461836 elementor-section-content-middle elementor-section-boxed elementor-section-height-default elementor-section-height-default\" data-id=\"6461836\" data-element_type=\"section\" data-e-type=\"section\" data-settings=\"{&quot;background_background&quot;:&quot;classic&quot;}\">\n\t\t\t\t\t\t<div class=\"elementor-container elementor-column-gap-default\">\n\t\t\t\t\t<div class=\"elementor-column elementor-col-100 elementor-top-column elementor-element elementor-element-1e26bbc\" data-id=\"1e26bbc\" data-element_type=\"column\" data-e-type=\"column\">\n\t\t\t<div class=\"elementor-widget-wrap elementor-element-populated\">\n\t\t\t\t\t\t<section class=\"elementor-section elementor-inner-section elementor-element elementor-element-9c82714 elementor-section-boxed elementor-section-height-default elementor-section-height-default\" data-id=\"9c82714\" data-element_type=\"section\" data-e-type=\"section\">\n\t\t\t\t\t\t<div class=\"elementor-container elementor-column-gap-no\">\n\t\t\t\t\t<div class=\"elementor-column elementor-col-100 elementor-inner-column elementor-element elementor-element-6383807\" data-id=\"6383807\" data-element_type=\"column\" data-e-type=\"column\">\n\t\t\t<div class=\"elementor-widget-wrap elementor-element-populated\">\n\t\t\t\t\t\t<div class=\"elementor-element elementor-element-6795192 elementor-widget elementor-widget-heading\" data-id=\"6795192\" data-element_type=\"widget\" data-e-type=\"widget\" data-widget_type=\"heading.default\">\n\t\t\t\t<div class=\"elementor-widget-container\">\n\t\t\t\t\t<h2 class=\"elementor-heading-title elementor-size-default\">Bei der Umsetzung unserer Solar- und Batteriespeicherprojekte arbeiten wir mit bew\u00e4hrten, zuverl\u00e4ssigen und sicheren Technologien.<\/h2>\t\t\t\t<\/div>\n\t\t\t\t<\/div>\n\t\t\t\t\t<\/div>\n\t\t<\/div>\n\t\t\t\t\t<\/div>\n\t\t<\/section>\n\t\t\t\t<div class=\"elementor-element elementor-element-46b8189 elementor-widget elementor-widget-spacer\" data-id=\"46b8189\" data-element_type=\"widget\" data-e-type=\"widget\" data-widget_type=\"spacer.default\">\n\t\t\t\t<div class=\"elementor-widget-container\">\n\t\t\t\t\t\t\t<div class=\"elementor-spacer\">\n\t\t\t<div class=\"elementor-spacer-inner\"><\/div>\n\t\t<\/div>\n\t\t\t\t\t\t<\/div>\n\t\t\t\t<\/div>\n\t\t\t\t<section class=\"elementor-section elementor-inner-section elementor-element elementor-element-2821f26 elementor-section-boxed elementor-section-height-default elementor-section-height-default\" data-id=\"2821f26\" data-element_type=\"section\" data-e-type=\"section\">\n\t\t\t\t\t\t<div class=\"elementor-container elementor-column-gap-default\">\n\t\t\t\t\t<div class=\"elementor-column elementor-col-50 elementor-inner-column elementor-element elementor-element-b398ffe\" data-id=\"b398ffe\" data-element_type=\"column\" data-e-type=\"column\" data-settings=\"{&quot;background_background&quot;:&quot;classic&quot;}\">\n\t\t\t<div class=\"elementor-widget-wrap elementor-element-populated\">\n\t\t\t\t\t<div class=\"elementor-background-overlay\"><\/div>\n\t\t\t\t\t\t<div class=\"elementor-element elementor-element-ecb276c elementor-widget elementor-widget-pp-info-box\" data-id=\"ecb276c\" data-element_type=\"widget\" data-e-type=\"widget\" data-widget_type=\"pp-info-box.default\">\n\t\t\t\t<div class=\"elementor-widget-container\">\n\t\t\t\t\t\t\t<div class=\"pp-info-box-container\">\n\t\t\t<div class=\"pp-info-box\">\n\t\t\t\t\t\t\t\t<div class=\"pp-info-box-content\">\n\t\t\t\t\t<div class=\"pp-info-box-title-wrap\">\n\t\t\t\t\t\t\t\t\t\t\t\t\t<div class=\"pp-info-box-title-container\">\n\t\t\t\t\t\t\t\t<h4 class=\"pp-info-box-title\">\n\t\t\t\t\t\t\t\t\tSolarenergie\t\t\t\t\t\t\t\t<\/h4>\n\t\t\t\t\t\t\t<\/div>\n\t\t\t\t\t\t\t\t\t\t\t\t<\/div>\n\n\t\t\t\t\t\n\t\t\t\t\t\t\t\t\t\t\t<div class=\"pp-info-box-description\">\n\t\t\t\t\t\t\tRecurrent Energy spielt im Bereich der Entwicklung von Solarenergieprojekten eine f\u00fchrende Rolle. Als Vorreiter auf den Wachstumsm\u00e4rkten hat Recurrent Energy Ma\u00dfst\u00e4be bei der Projektentwicklung und beim Solarenergie-Contracting gesetzt. Als die Solarenergie in neuen M\u00e4rkten zunehmend wettbewerbsf\u00e4hig wurde, haben wir unseren Aktionsradius erweitert und k\u00f6nnen nun die Anforderungen unserer Kunden weltweit erf\u00fcllen.   \t\t\t\t\t\t<\/div>\n\t\t\t\t\t\t\t\t\t\t\t\t\t\t<\/div>\n\t\t\t<\/div>\n\t\t<\/div>\n\t\t\t\t\t\t<\/div>\n\t\t\t\t<\/div>\n\t\t\t\t<div class=\"elementor-element elementor-element-56002ab pp-icon-right elementor-widget__width-auto pp-icon-list-traditional elementor-list-item-link-inline elementor-widget elementor-widget-pp-icon-list\" data-id=\"56002ab\" data-element_type=\"widget\" data-e-type=\"widget\" data-widget_type=\"pp-icon-list.default\">\n\t\t\t\t<div class=\"elementor-widget-container\">\n\t\t\t\t\t\t\t<div class=\"pp-list-container\">\n\t\t\t<ul class=\"pp-list-items\">\n\t\t\t\t\t\t\t\t\t\t\t\t\t\t\t\t\t\t\t\t\t<li class=\"pp-icon-list-item elementor-repeater-item-230ca39\">\n\t\t\t\t\t\t\t\t\t\t\t\t\t\t\t<a href=\"\/solar\">\n\t\t\t\t\t\t\t\t\t\t\t<span class=\"pp-icon-wrapper\">\n\t\t\t\t\t\t\t\t\t\t<span class=\"pp-icon-list-icon pp-icon \">\n\t\t\t\t\t\t<i aria-hidden=\"true\" class=\"hm hm-arrow-right\"><\/i><\/span>\t\t\t<\/span>\n\t\t\t\t\t\t\t\t\t\t<span class=\"pp-icon-list-text\">\n\t\t\t\t\t\t\t\tMehr erfahren\t\t\t\t\t\t\t<\/span>\n\t\t\t\t\t\t\t\t\t\t\t\t\t\t\t<\/a>\n\t\t\t\t\t\t\t\t\t\t\t\t\t\t<\/li>\n\t\t\t\t\t\t\t\t\t\t\t\t\t<\/ul>\n\t\t<\/div>\n\t\t\t\t\t\t<\/div>\n\t\t\t\t<\/div>\n\t\t\t\t\t<\/div>\n\t\t<\/div>\n\t\t\t\t<div class=\"elementor-column elementor-col-50 elementor-inner-column elementor-element elementor-element-2d59cdc\" data-id=\"2d59cdc\" data-element_type=\"column\" data-e-type=\"column\" data-settings=\"{&quot;background_background&quot;:&quot;classic&quot;}\">\n\t\t\t<div class=\"elementor-widget-wrap elementor-element-populated\">\n\t\t\t\t\t<div class=\"elementor-background-overlay\"><\/div>\n\t\t\t\t\t\t<div class=\"elementor-element elementor-element-495f678 elementor-widget elementor-widget-pp-info-box\" data-id=\"495f678\" data-element_type=\"widget\" data-e-type=\"widget\" data-widget_type=\"pp-info-box.default\">\n\t\t\t\t<div class=\"elementor-widget-container\">\n\t\t\t\t\t\t\t<div class=\"pp-info-box-container\">\n\t\t\t<div class=\"pp-info-box\">\n\t\t\t\t\t\t\t\t<div class=\"pp-info-box-content\">\n\t\t\t\t\t<div class=\"pp-info-box-title-wrap\">\n\t\t\t\t\t\t\t\t\t\t\t\t\t<div class=\"pp-info-box-title-container\">\n\t\t\t\t\t\t\t\t<h4 class=\"pp-info-box-title\">\n\t\t\t\t\t\t\t\t\tEnergiespeicherung\t\t\t\t\t\t\t\t<\/h4>\n\t\t\t\t\t\t\t<\/div>\n\t\t\t\t\t\t\t\t\t\t\t\t<\/div>\n\n\t\t\t\t\t\n\t\t\t\t\t\t\t\t\t\t\t<div class=\"pp-info-box-description\">\n\t\t\t\t\t\t\tWir verf\u00fcgen \u00fcber ein erstklassiges Team von hauseigenen Experten f\u00fcr alle Phasen des Lebenszyklus von Energiespeicherprojekten \u2013 von der Standortwahl, Planung und Vernetzung \u00fcber Genehmigungsverfahren, Beschaffung und Strukturierung bis hin zu Finanzierung, Bau und Asset Management. Das umfangreiche betriebsinterne Know-How unseres Teams hinsichtlich Konzeption, Marketing und Optimierung von Energiespeichern erg\u00e4nzt unsere Erfahrung im Bereich der Solarenergie und erm\u00f6glicht es uns, innovative Energieprojekte zu entwickeln. Solche Projekte erm\u00f6glichen den \u00dcbergang zu einer klimafreundlichen Energieversorgung.]  \t\t\t\t\t\t<\/div>\n\t\t\t\t\t\t\t\t\t\t\t\t\t\t<\/div>\n\t\t\t<\/div>\n\t\t<\/div>\n\t\t\t\t\t\t<\/div>\n\t\t\t\t<\/div>\n\t\t\t\t<div class=\"elementor-element elementor-element-d1b9b39 elementor-widget elementor-widget-spacer\" data-id=\"d1b9b39\" data-element_type=\"widget\" data-e-type=\"widget\" data-widget_type=\"spacer.default\">\n\t\t\t\t<div class=\"elementor-widget-container\">\n\t\t\t\t\t\t\t<div class=\"elementor-spacer\">\n\t\t\t<div class=\"elementor-spacer-inner\"><\/div>\n\t\t<\/div>\n\t\t\t\t\t\t<\/div>\n\t\t\t\t<\/div>\n\t\t\t\t<div class=\"elementor-element elementor-element-15362a1 pp-icon-right elementor-widget__width-auto pp-icon-list-traditional elementor-list-item-link-inline elementor-widget elementor-widget-pp-icon-list\" data-id=\"15362a1\" data-element_type=\"widget\" data-e-type=\"widget\" data-widget_type=\"pp-icon-list.default\">\n\t\t\t\t<div class=\"elementor-widget-container\">\n\t\t\t\t\t\t\t<div class=\"pp-list-container\">\n\t\t\t<ul class=\"pp-list-items\">\n\t\t\t\t\t\t\t\t\t\t\t\t\t\t\t\t\t\t\t\t\t<li class=\"pp-icon-list-item elementor-repeater-item-230ca39\">\n\t\t\t\t\t\t\t\t\t\t\t\t\t\t\t<a href=\"https:\/\/recurrentenergy.com\/de\/technologien\/energy-storage\/\">\n\t\t\t\t\t\t\t\t\t\t\t<span class=\"pp-icon-wrapper\">\n\t\t\t\t\t\t\t\t\t\t<span class=\"pp-icon-list-icon pp-icon \">\n\t\t\t\t\t\t<i aria-hidden=\"true\" class=\"hm hm-arrow-right\"><\/i><\/span>\t\t\t<\/span>\n\t\t\t\t\t\t\t\t\t\t<span class=\"pp-icon-list-text\">\n\t\t\t\t\t\t\t\tMehr erfahren\t\t\t\t\t\t\t<\/span>\n\t\t\t\t\t\t\t\t\t\t\t\t\t\t\t<\/a>\n\t\t\t\t\t\t\t\t\t\t\t\t\t\t<\/li>\n\t\t\t\t\t\t\t\t\t\t\t\t\t<\/ul>\n\t\t<\/div>\n\t\t\t\t\t\t<\/div>\n\t\t\t\t<\/div>\n\t\t\t\t\t<\/div>\n\t\t<\/div>\n\t\t\t\t\t<\/div>\n\t\t<\/section>\n\t\t\t\t\t<\/div>\n\t\t<\/div>\n\t\t\t\t\t<\/div>\n\t\t<\/section>\n\t\t\t\t<\/div>\n\t\t","protected":false},"excerpt":{"rendered":"<p>Solarenergie und Energiespeicherung Recurrent Energy steht an der Spitze der gegenw\u00e4rtigen Energiewende. Die Technologien f\u00fcr erneuerbare Energien haben sich rapide weiterentwickelt: Die Wirkungsgrade wurden wesentlich verbessert, w\u00e4hrend die Kosten gleichzeitig drastisch gesunken sind. Hinzu kommt, dass sich die Stromm\u00e4rkte mittlerweile im Umbruch befinden, da immer mehr Erzeuger erneuerbarer Energie ans Netz gehen. Da die Nutzung&hellip;<a class=\"button moretag\" href=\"https:\/\/recurrentenergy.com\/de\/technologien\/\">Read More<\/a><\/p>\n","protected":false},"author":20,"featured_media":19880,"parent":0,"menu_order":0,"comment_status":"closed","ping_status":"closed","template":"","meta":{"_acf_changed":false,"_lmt_disableupdate":"","_lmt_disable":"","_monsterinsights_skip_tracking":false,"_monsterinsights_sitenote_active":false,"_monsterinsights_sitenote_note":"","_monsterinsights_sitenote_category":0,"_uf_show_specific_survey":0,"_uf_disable_surveys":false,"footnotes":"","_links_to":"","_links_to_target":""},"class_list":["post-16269","page","type-page","status-publish","has-post-thumbnail","hentry"],"acf":[],"yoast_head":"<!-- This site is optimized with the Yoast SEO plugin v27.3 - https:\/\/yoast.com\/product\/yoast-seo-wordpress\/ -->\n<title>Technologien - Recurrent Energy<\/title>\n<meta name=\"description\" content=\"Renewable energy technologies have matured by rapidly increasing in efficiencies while dramatically decreasing in cost.\" \/>\n<meta name=\"robots\" content=\"index, follow, max-snippet:-1, max-image-preview:large, max-video-preview:-1\" \/>\n<link rel=\"canonical\" href=\"https:\/\/recurrentenergy.com\/de\/technologien\/\" \/>\n<meta property=\"og:locale\" content=\"de_DE\" \/>\n<meta property=\"og:type\" content=\"article\" \/>\n<meta property=\"og:title\" content=\"Technologien - Recurrent Energy\" \/>\n<meta property=\"og:description\" content=\"Renewable energy technologies have matured by rapidly increasing in efficiencies while dramatically decreasing in cost.\" \/>\n<meta property=\"og:url\" content=\"https:\/\/recurrentenergy.com\/de\/technologien\/\" \/>\n<meta property=\"og:site_name\" content=\"Recurrent Energy\" \/>\n<meta property=\"article:modified_time\" content=\"2025-11-19T21:41:31+00:00\" \/>\n<meta property=\"og:image\" content=\"https:\/\/recurrentenergy.com\/wp-content\/uploads\/2025\/06\/Technologies.jpg\" \/>\n\t<meta property=\"og:image:width\" content=\"2048\" \/>\n\t<meta property=\"og:image:height\" content=\"1024\" \/>\n\t<meta property=\"og:image:type\" content=\"image\/jpeg\" \/>\n<meta name=\"twitter:card\" content=\"summary_large_image\" \/>\n<meta name=\"twitter:label1\" content=\"Gesch\u00e4tzte Lesezeit\" \/>\n\t<meta name=\"twitter:data1\" content=\"2 Minuten\" \/>\n<script type=\"application\/ld+json\" class=\"yoast-schema-graph\">{\"@context\":\"https:\\\/\\\/schema.org\",\"@graph\":[{\"@type\":\"WebPage\",\"@id\":\"https:\\\/\\\/recurrentenergy.com\\\/de\\\/technologien\\\/\",\"url\":\"https:\\\/\\\/recurrentenergy.com\\\/de\\\/technologien\\\/\",\"name\":\"Technologien - Recurrent Energy\",\"isPartOf\":{\"@id\":\"https:\\\/\\\/recurrentenergy.com\\\/#website\"},\"primaryImageOfPage\":{\"@id\":\"https:\\\/\\\/recurrentenergy.com\\\/de\\\/technologien\\\/#primaryimage\"},\"image\":{\"@id\":\"https:\\\/\\\/recurrentenergy.com\\\/de\\\/technologien\\\/#primaryimage\"},\"thumbnailUrl\":\"https:\\\/\\\/recurrentenergy.com\\\/wp-content\\\/uploads\\\/2025\\\/06\\\/Technologies.jpg\",\"datePublished\":\"2021-02-01T20:41:58+00:00\",\"dateModified\":\"2025-11-19T21:41:31+00:00\",\"description\":\"Renewable energy technologies have matured by rapidly increasing in efficiencies while dramatically decreasing in cost.\",\"breadcrumb\":{\"@id\":\"https:\\\/\\\/recurrentenergy.com\\\/de\\\/technologien\\\/#breadcrumb\"},\"inLanguage\":\"de\",\"potentialAction\":[{\"@type\":\"ReadAction\",\"target\":[\"https:\\\/\\\/recurrentenergy.com\\\/de\\\/technologien\\\/\"]}]},{\"@type\":\"ImageObject\",\"inLanguage\":\"de\",\"@id\":\"https:\\\/\\\/recurrentenergy.com\\\/de\\\/technologien\\\/#primaryimage\",\"url\":\"https:\\\/\\\/recurrentenergy.com\\\/wp-content\\\/uploads\\\/2025\\\/06\\\/Technologies.jpg\",\"contentUrl\":\"https:\\\/\\\/recurrentenergy.com\\\/wp-content\\\/uploads\\\/2025\\\/06\\\/Technologies.jpg\",\"width\":2048,\"height\":1024},{\"@type\":\"BreadcrumbList\",\"@id\":\"https:\\\/\\\/recurrentenergy.com\\\/de\\\/technologien\\\/#breadcrumb\",\"itemListElement\":[{\"@type\":\"ListItem\",\"position\":1,\"name\":\"Home\",\"item\":\"https:\\\/\\\/recurrentenergy.com\\\/de\\\/recurrent-energy\\\/\"},{\"@type\":\"ListItem\",\"position\":2,\"name\":\"Technologien\"}]},{\"@type\":\"WebSite\",\"@id\":\"https:\\\/\\\/recurrentenergy.com\\\/#website\",\"url\":\"https:\\\/\\\/recurrentenergy.com\\\/\",\"name\":\"Recurrent Energy\",\"description\":\"A subsidiary of Canadian Solar\",\"publisher\":{\"@id\":\"https:\\\/\\\/recurrentenergy.com\\\/#organization\"},\"potentialAction\":[{\"@type\":\"SearchAction\",\"target\":{\"@type\":\"EntryPoint\",\"urlTemplate\":\"https:\\\/\\\/recurrentenergy.com\\\/?s={search_term_string}\"},\"query-input\":{\"@type\":\"PropertyValueSpecification\",\"valueRequired\":true,\"valueName\":\"search_term_string\"}}],\"inLanguage\":\"de\"},{\"@type\":\"Organization\",\"@id\":\"https:\\\/\\\/recurrentenergy.com\\\/#organization\",\"name\":\"Recurrent Energy\",\"url\":\"https:\\\/\\\/recurrentenergy.com\\\/\",\"logo\":{\"@type\":\"ImageObject\",\"inLanguage\":\"de\",\"@id\":\"https:\\\/\\\/recurrentenergy.com\\\/#\\\/schema\\\/logo\\\/image\\\/\",\"url\":\"https:\\\/\\\/recurrentenergy.com\\\/wp-content\\\/uploads\\\/2021\\\/01\\\/Recurrent-Energy-logo.png\",\"contentUrl\":\"https:\\\/\\\/recurrentenergy.com\\\/wp-content\\\/uploads\\\/2021\\\/01\\\/Recurrent-Energy-logo.png\",\"width\":1201,\"height\":449,\"caption\":\"Recurrent Energy\"},\"image\":{\"@id\":\"https:\\\/\\\/recurrentenergy.com\\\/#\\\/schema\\\/logo\\\/image\\\/\"}}]}<\/script>\n<!-- \/ Yoast SEO plugin. -->","yoast_head_json":{"title":"Technologien - Recurrent Energy","description":"Renewable energy technologies have matured by rapidly increasing in efficiencies while dramatically decreasing in cost.","robots":{"index":"index","follow":"follow","max-snippet":"max-snippet:-1","max-image-preview":"max-image-preview:large","max-video-preview":"max-video-preview:-1"},"canonical":"https:\/\/recurrentenergy.com\/de\/technologien\/","og_locale":"de_DE","og_type":"article","og_title":"Technologien - Recurrent Energy","og_description":"Renewable energy technologies have matured by rapidly increasing in efficiencies while dramatically decreasing in cost.","og_url":"https:\/\/recurrentenergy.com\/de\/technologien\/","og_site_name":"Recurrent Energy","article_modified_time":"2025-11-19T21:41:31+00:00","og_image":[{"width":2048,"height":1024,"url":"https:\/\/recurrentenergy.com\/wp-content\/uploads\/2025\/06\/Technologies.jpg","type":"image\/jpeg"}],"twitter_card":"summary_large_image","twitter_misc":{"Gesch\u00e4tzte Lesezeit":"2 Minuten"},"schema":{"@context":"https:\/\/schema.org","@graph":[{"@type":"WebPage","@id":"https:\/\/recurrentenergy.com\/de\/technologien\/","url":"https:\/\/recurrentenergy.com\/de\/technologien\/","name":"Technologien - Recurrent Energy","isPartOf":{"@id":"https:\/\/recurrentenergy.com\/#website"},"primaryImageOfPage":{"@id":"https:\/\/recurrentenergy.com\/de\/technologien\/#primaryimage"},"image":{"@id":"https:\/\/recurrentenergy.com\/de\/technologien\/#primaryimage"},"thumbnailUrl":"https:\/\/recurrentenergy.com\/wp-content\/uploads\/2025\/06\/Technologies.jpg","datePublished":"2021-02-01T20:41:58+00:00","dateModified":"2025-11-19T21:41:31+00:00","description":"Renewable energy technologies have matured by rapidly increasing in efficiencies while dramatically decreasing in cost.","breadcrumb":{"@id":"https:\/\/recurrentenergy.com\/de\/technologien\/#breadcrumb"},"inLanguage":"de","potentialAction":[{"@type":"ReadAction","target":["https:\/\/recurrentenergy.com\/de\/technologien\/"]}]},{"@type":"ImageObject","inLanguage":"de","@id":"https:\/\/recurrentenergy.com\/de\/technologien\/#primaryimage","url":"https:\/\/recurrentenergy.com\/wp-content\/uploads\/2025\/06\/Technologies.jpg","contentUrl":"https:\/\/recurrentenergy.com\/wp-content\/uploads\/2025\/06\/Technologies.jpg","width":2048,"height":1024},{"@type":"BreadcrumbList","@id":"https:\/\/recurrentenergy.com\/de\/technologien\/#breadcrumb","itemListElement":[{"@type":"ListItem","position":1,"name":"Home","item":"https:\/\/recurrentenergy.com\/de\/recurrent-energy\/"},{"@type":"ListItem","position":2,"name":"Technologien"}]},{"@type":"WebSite","@id":"https:\/\/recurrentenergy.com\/#website","url":"https:\/\/recurrentenergy.com\/","name":"Recurrent Energy","description":"A subsidiary of Canadian Solar","publisher":{"@id":"https:\/\/recurrentenergy.com\/#organization"},"potentialAction":[{"@type":"SearchAction","target":{"@type":"EntryPoint","urlTemplate":"https:\/\/recurrentenergy.com\/?s={search_term_string}"},"query-input":{"@type":"PropertyValueSpecification","valueRequired":true,"valueName":"search_term_string"}}],"inLanguage":"de"},{"@type":"Organization","@id":"https:\/\/recurrentenergy.com\/#organization","name":"Recurrent Energy","url":"https:\/\/recurrentenergy.com\/","logo":{"@type":"ImageObject","inLanguage":"de","@id":"https:\/\/recurrentenergy.com\/#\/schema\/logo\/image\/","url":"https:\/\/recurrentenergy.com\/wp-content\/uploads\/2021\/01\/Recurrent-Energy-logo.png","contentUrl":"https:\/\/recurrentenergy.com\/wp-content\/uploads\/2021\/01\/Recurrent-Energy-logo.png","width":1201,"height":449,"caption":"Recurrent Energy"},"image":{"@id":"https:\/\/recurrentenergy.com\/#\/schema\/logo\/image\/"}}]}},"_links":{"self":[{"href":"https:\/\/recurrentenergy.com\/de\/wp-json\/wp\/v2\/pages\/16269","targetHints":{"allow":["GET"]}}],"collection":[{"href":"https:\/\/recurrentenergy.com\/de\/wp-json\/wp\/v2\/pages"}],"about":[{"href":"https:\/\/recurrentenergy.com\/de\/wp-json\/wp\/v2\/types\/page"}],"author":[{"embeddable":true,"href":"https:\/\/recurrentenergy.com\/de\/wp-json\/wp\/v2\/users\/20"}],"replies":[{"embeddable":true,"href":"https:\/\/recurrentenergy.com\/de\/wp-json\/wp\/v2\/comments?post=16269"}],"version-history":[{"count":0,"href":"https:\/\/recurrentenergy.com\/de\/wp-json\/wp\/v2\/pages\/16269\/revisions"}],"wp:featuredmedia":[{"embeddable":true,"href":"https:\/\/recurrentenergy.com\/de\/wp-json\/wp\/v2\/media\/19880"}],"wp:attachment":[{"href":"https:\/\/recurrentenergy.com\/de\/wp-json\/wp\/v2\/media?parent=16269"}],"curies":[{"name":"wp","href":"https:\/\/api.w.org\/{rel}","templated":true}]}}