{"id":15928,"date":"2021-02-01T14:41:58","date_gmt":"2021-02-01T20:41:58","guid":{"rendered":"https:\/\/recurrentenergy.com\/tecnologias\/"},"modified":"2025-11-07T09:41:51","modified_gmt":"2025-11-07T15:41:51","slug":"technologies","status":"publish","type":"page","link":"https:\/\/recurrentenergy.com\/es\/technologies\/","title":{"rendered":"TECNOLOG\u00cdAS"},"content":{"rendered":"\t\t<div data-elementor-type=\"wp-page\" data-elementor-id=\"15928\" class=\"elementor elementor-15928 elementor-5711\" data-elementor-settings=\"{&quot;ha_cmc_init_switcher&quot;:&quot;no&quot;}\" data-elementor-post-type=\"page\">\n\t\t\t\t\t\t<section class=\"elementor-section elementor-top-section elementor-element elementor-element-6fb8d24 elementor-section-boxed elementor-section-height-default elementor-section-height-default\" data-id=\"6fb8d24\" data-element_type=\"section\" data-e-type=\"section\">\n\t\t\t\t\t\t<div class=\"elementor-container elementor-column-gap-default\">\n\t\t\t\t\t<div class=\"elementor-column elementor-col-100 elementor-top-column elementor-element elementor-element-3989a5a\" data-id=\"3989a5a\" data-element_type=\"column\" data-e-type=\"column\">\n\t\t\t<div class=\"elementor-widget-wrap elementor-element-populated\">\n\t\t\t\t\t\t<div class=\"elementor-element elementor-element-aad3fa0 elementor-widget__width-inherit elementor-widget elementor-widget-heading\" data-id=\"aad3fa0\" data-element_type=\"widget\" data-e-type=\"widget\" data-widget_type=\"heading.default\">\n\t\t\t\t<div class=\"elementor-widget-container\">\n\t\t\t\t\t<h1 class=\"elementor-heading-title elementor-size-default\">Energ\u00eda solar y almacenamiento<\/h1>\t\t\t\t<\/div>\n\t\t\t\t<\/div>\n\t\t\t\t\t<\/div>\n\t\t<\/div>\n\t\t\t\t\t<\/div>\n\t\t<\/section>\n\t\t\t\t<section class=\"elementor-section elementor-top-section elementor-element elementor-element-5789030 elementor-section-height-min-height elementor-section-content-bottom elementor-section-full_width elementor-section-height-default elementor-section-items-middle\" data-id=\"5789030\" data-element_type=\"section\" data-e-type=\"section\" data-settings=\"{&quot;background_background&quot;:&quot;classic&quot;,&quot;background_motion_fx_motion_fx_scrolling&quot;:&quot;yes&quot;,&quot;background_motion_fx_translateY_effect&quot;:&quot;yes&quot;,&quot;background_motion_fx_translateY_speed&quot;:{&quot;unit&quot;:&quot;px&quot;,&quot;size&quot;:4,&quot;sizes&quot;:[]},&quot;background_motion_fx_translateY_affectedRange&quot;:{&quot;unit&quot;:&quot;%&quot;,&quot;size&quot;:&quot;&quot;,&quot;sizes&quot;:{&quot;start&quot;:0,&quot;end&quot;:100}},&quot;background_motion_fx_devices&quot;:[&quot;desktop&quot;,&quot;tablet&quot;,&quot;mobile&quot;]}\">\n\t\t\t\t\t\t<div class=\"elementor-container elementor-column-gap-default\">\n\t\t\t\t\t<div class=\"elementor-column elementor-col-100 elementor-top-column elementor-element elementor-element-3c3a2cd\" data-id=\"3c3a2cd\" data-element_type=\"column\" data-e-type=\"column\" data-settings=\"{&quot;background_background&quot;:&quot;classic&quot;}\">\n\t\t\t<div class=\"elementor-widget-wrap elementor-element-populated\">\n\t\t\t\t\t\t<section class=\"elementor-section elementor-inner-section elementor-element elementor-element-c4ed430 elementor-section-full_width elementor-section-height-default elementor-section-height-default\" data-id=\"c4ed430\" data-element_type=\"section\" data-e-type=\"section\">\n\t\t\t\t\t\t<div class=\"elementor-container elementor-column-gap-default\">\n\t\t\t\t\t<div class=\"elementor-column elementor-col-50 elementor-inner-column elementor-element elementor-element-9423ef7\" data-id=\"9423ef7\" data-element_type=\"column\" data-e-type=\"column\">\n\t\t\t<div class=\"elementor-widget-wrap elementor-element-populated\">\n\t\t\t\t\t\t<div class=\"elementor-element elementor-element-532d971 elementor-widget elementor-widget-heading\" data-id=\"532d971\" data-element_type=\"widget\" data-e-type=\"widget\" data-widget_type=\"heading.default\">\n\t\t\t\t<div class=\"elementor-widget-container\">\n\t\t\t\t\t<h2 class=\"elementor-heading-title elementor-size-default\">Recurrent Energy est\u00e1 a la vanguardia de la transici\u00f3n energ\u00e9tica actual.<\/h2>\t\t\t\t<\/div>\n\t\t\t\t<\/div>\n\t\t\t\t<div class=\"elementor-element elementor-element-758d648 elementor-widget elementor-widget-text-editor\" data-id=\"758d648\" data-element_type=\"widget\" data-e-type=\"widget\" data-widget_type=\"text-editor.default\">\n\t\t\t\t<div class=\"elementor-widget-container\">\n\t\t\t\t\t\t\t\t\t<p>La tecnolog\u00eda de las energ\u00edas renovables ha madurado mucho, aumentando r\u00e1pidamente su eficiencia y reduciendo el coste de forma espectacular. Al mismo tiempo, los mercados el\u00e9ctricos han entrado en una fase de transici\u00f3n a medida que se incorporan a la red m\u00e1s y m\u00e1s generadores de energ\u00edas renovables. Mientras la adopci\u00f3n de las energ\u00edas renovables se acelera y los costes de la tecnolog\u00eda de almacenamiento contin\u00faan disminuyendo, los compradores de energ\u00eda aprovechan cada vez m\u00e1s las numerosas ventajas de la energ\u00eda solar combinada con el almacenamiento.   <\/p><p>Combinar el recurso infinito del sol con avanzadas soluciones de almacenamiento nos permite satisfacer las necesidades espec\u00edficas de electricidad de nuestros clientes en todo el mundo. Adem\u00e1s, dado que no hay costes variables de combustible ni de explotaci\u00f3n asociados a la generaci\u00f3n de energ\u00eda renovable, nuestros proyectos suministran a nuestros clientes energ\u00eda limpia y fiable a bajo coste. <\/p>\t\t\t\t\t\t\t\t<\/div>\n\t\t\t\t<\/div>\n\t\t\t\t\t<\/div>\n\t\t<\/div>\n\t\t\t\t<div class=\"elementor-column elementor-col-50 elementor-inner-column elementor-element elementor-element-44ad5f3\" data-id=\"44ad5f3\" data-element_type=\"column\" data-e-type=\"column\" data-settings=\"{&quot;background_background&quot;:&quot;classic&quot;}\">\n\t\t\t<div class=\"elementor-widget-wrap elementor-element-populated\">\n\t\t\t\t\t\t<div class=\"elementor-element elementor-element-075dbb8 elementor-widget elementor-widget-spacer\" data-id=\"075dbb8\" data-element_type=\"widget\" data-e-type=\"widget\" data-widget_type=\"spacer.default\">\n\t\t\t\t<div class=\"elementor-widget-container\">\n\t\t\t\t\t\t\t<div class=\"elementor-spacer\">\n\t\t\t<div class=\"elementor-spacer-inner\"><\/div>\n\t\t<\/div>\n\t\t\t\t\t\t<\/div>\n\t\t\t\t<\/div>\n\t\t\t\t\t<\/div>\n\t\t<\/div>\n\t\t\t\t\t<\/div>\n\t\t<\/section>\n\t\t\t\t\t<\/div>\n\t\t<\/div>\n\t\t\t\t\t<\/div>\n\t\t<\/section>\n\t\t\t\t<section class=\"elementor-section elementor-top-section elementor-element elementor-element-6461836 elementor-section-content-middle elementor-section-boxed elementor-section-height-default elementor-section-height-default\" data-id=\"6461836\" data-element_type=\"section\" data-e-type=\"section\" data-settings=\"{&quot;background_background&quot;:&quot;classic&quot;}\">\n\t\t\t\t\t\t<div class=\"elementor-container elementor-column-gap-default\">\n\t\t\t\t\t<div class=\"elementor-column elementor-col-100 elementor-top-column elementor-element elementor-element-1e26bbc\" data-id=\"1e26bbc\" data-element_type=\"column\" data-e-type=\"column\">\n\t\t\t<div class=\"elementor-widget-wrap elementor-element-populated\">\n\t\t\t\t\t\t<section class=\"elementor-section elementor-inner-section elementor-element elementor-element-9c82714 elementor-section-boxed elementor-section-height-default elementor-section-height-default\" data-id=\"9c82714\" data-element_type=\"section\" data-e-type=\"section\">\n\t\t\t\t\t\t<div class=\"elementor-container elementor-column-gap-no\">\n\t\t\t\t\t<div class=\"elementor-column elementor-col-100 elementor-inner-column elementor-element elementor-element-6383807\" data-id=\"6383807\" data-element_type=\"column\" data-e-type=\"column\">\n\t\t\t<div class=\"elementor-widget-wrap elementor-element-populated\">\n\t\t\t\t\t\t<div class=\"elementor-element elementor-element-6795192 elementor-widget elementor-widget-heading\" data-id=\"6795192\" data-element_type=\"widget\" data-e-type=\"widget\" data-widget_type=\"heading.default\">\n\t\t\t\t<div class=\"elementor-widget-container\">\n\t\t\t\t\t<h2 class=\"elementor-heading-title elementor-size-default\">Utilizamos tecnolog\u00edas acreditadas, fiables y seguras para nuestros proyectos de energ\u00eda solar y de bater\u00edas.<\/h2>\t\t\t\t<\/div>\n\t\t\t\t<\/div>\n\t\t\t\t\t<\/div>\n\t\t<\/div>\n\t\t\t\t\t<\/div>\n\t\t<\/section>\n\t\t\t\t<div class=\"elementor-element elementor-element-46b8189 elementor-widget elementor-widget-spacer\" data-id=\"46b8189\" data-element_type=\"widget\" data-e-type=\"widget\" data-widget_type=\"spacer.default\">\n\t\t\t\t<div class=\"elementor-widget-container\">\n\t\t\t\t\t\t\t<div class=\"elementor-spacer\">\n\t\t\t<div class=\"elementor-spacer-inner\"><\/div>\n\t\t<\/div>\n\t\t\t\t\t\t<\/div>\n\t\t\t\t<\/div>\n\t\t\t\t<section class=\"elementor-section elementor-inner-section elementor-element elementor-element-2821f26 elementor-section-boxed elementor-section-height-default elementor-section-height-default\" data-id=\"2821f26\" data-element_type=\"section\" data-e-type=\"section\">\n\t\t\t\t\t\t<div class=\"elementor-container elementor-column-gap-default\">\n\t\t\t\t\t<div class=\"elementor-column elementor-col-50 elementor-inner-column elementor-element elementor-element-b398ffe\" data-id=\"b398ffe\" data-element_type=\"column\" data-e-type=\"column\" data-settings=\"{&quot;background_background&quot;:&quot;classic&quot;}\">\n\t\t\t<div class=\"elementor-widget-wrap elementor-element-populated\">\n\t\t\t\t\t<div class=\"elementor-background-overlay\"><\/div>\n\t\t\t\t\t\t<div class=\"elementor-element elementor-element-ecb276c elementor-widget elementor-widget-pp-info-box\" data-id=\"ecb276c\" data-element_type=\"widget\" data-e-type=\"widget\" data-widget_type=\"pp-info-box.default\">\n\t\t\t\t<div class=\"elementor-widget-container\">\n\t\t\t\t\t\t\t<div class=\"pp-info-box-container\">\n\t\t\t<div class=\"pp-info-box\">\n\t\t\t\t\t\t\t\t<div class=\"pp-info-box-content\">\n\t\t\t\t\t<div class=\"pp-info-box-title-wrap\">\n\t\t\t\t\t\t\t\t\t\t\t\t\t<div class=\"pp-info-box-title-container\">\n\t\t\t\t\t\t\t\t<h4 class=\"pp-info-box-title\">\n\t\t\t\t\t\t\t\t\tEnerg\u00eda Solar\t\t\t\t\t\t\t\t<\/h4>\n\t\t\t\t\t\t\t<\/div>\n\t\t\t\t\t\t\t\t\t\t\t\t<\/div>\n\n\t\t\t\t\t\n\t\t\t\t\t\t\t\t\t\t\t<div class=\"pp-info-box-description\">\n\t\t\t\t\t\t\tRecurrent Energy ha liderado el desarrollo de la energ\u00eda solar. Como pionera en los mercados de mayor crecimiento, Recurrent Energy marc\u00f3 la pauta en el desarrollo y la contrataci\u00f3n de este tipo de proyectos. A medida que esta se va haciendo m\u00e1s competitiva en t\u00e9rminos de costes en los nuevos mercados, hemos ampliado tambi\u00e9n nuestra presencia, satisfaciendo las necesidades de nuestros clientes en todo el mundo.   \t\t\t\t\t\t<\/div>\n\t\t\t\t\t\t\t\t\t\t\t\t\t\t<\/div>\n\t\t\t<\/div>\n\t\t<\/div>\n\t\t\t\t\t\t<\/div>\n\t\t\t\t<\/div>\n\t\t\t\t<div class=\"elementor-element elementor-element-56002ab pp-icon-right elementor-widget__width-auto pp-icon-list-traditional elementor-list-item-link-inline elementor-widget elementor-widget-pp-icon-list\" data-id=\"56002ab\" data-element_type=\"widget\" data-e-type=\"widget\" data-widget_type=\"pp-icon-list.default\">\n\t\t\t\t<div class=\"elementor-widget-container\">\n\t\t\t\t\t\t\t<div class=\"pp-list-container\">\n\t\t\t<ul class=\"pp-list-items\">\n\t\t\t\t\t\t\t\t\t\t\t\t\t\t\t\t\t\t\t\t\t<li class=\"pp-icon-list-item elementor-repeater-item-230ca39\">\n\t\t\t\t\t\t\t\t\t\t\t\t\t\t\t<a href=\"https:\/\/recurrentenergy.com\/es\/technologies\/solar\/solar-2\/\">\n\t\t\t\t\t\t\t\t\t\t\t<span class=\"pp-icon-wrapper\">\n\t\t\t\t\t\t\t\t\t\t<span class=\"pp-icon-list-icon pp-icon \">\n\t\t\t\t\t\t<i aria-hidden=\"true\" class=\"hm hm-arrow-right\"><\/i><\/span>\t\t\t<\/span>\n\t\t\t\t\t\t\t\t\t\t<span class=\"pp-icon-list-text\">\n\t\t\t\t\t\t\t\tSaber m\u00e1s\t\t\t\t\t\t\t<\/span>\n\t\t\t\t\t\t\t\t\t\t\t\t\t\t\t<\/a>\n\t\t\t\t\t\t\t\t\t\t\t\t\t\t<\/li>\n\t\t\t\t\t\t\t\t\t\t\t\t\t<\/ul>\n\t\t<\/div>\n\t\t\t\t\t\t<\/div>\n\t\t\t\t<\/div>\n\t\t\t\t\t<\/div>\n\t\t<\/div>\n\t\t\t\t<div class=\"elementor-column elementor-col-50 elementor-inner-column elementor-element elementor-element-2d59cdc\" data-id=\"2d59cdc\" data-element_type=\"column\" data-e-type=\"column\" data-settings=\"{&quot;background_background&quot;:&quot;classic&quot;}\">\n\t\t\t<div class=\"elementor-widget-wrap elementor-element-populated\">\n\t\t\t\t\t<div class=\"elementor-background-overlay\"><\/div>\n\t\t\t\t\t\t<div class=\"elementor-element elementor-element-495f678 elementor-widget elementor-widget-pp-info-box\" data-id=\"495f678\" data-element_type=\"widget\" data-e-type=\"widget\" data-widget_type=\"pp-info-box.default\">\n\t\t\t\t<div class=\"elementor-widget-container\">\n\t\t\t\t\t\t\t<div class=\"pp-info-box-container\">\n\t\t\t<div class=\"pp-info-box\">\n\t\t\t\t\t\t\t\t<div class=\"pp-info-box-content\">\n\t\t\t\t\t<div class=\"pp-info-box-title-wrap\">\n\t\t\t\t\t\t\t\t\t\t\t\t\t<div class=\"pp-info-box-title-container\">\n\t\t\t\t\t\t\t\t<h4 class=\"pp-info-box-title\">\n\t\t\t\t\t\t\t\t\tAlmacenamiento de energ\u00eda\t\t\t\t\t\t\t\t<\/h4>\n\t\t\t\t\t\t\t<\/div>\n\t\t\t\t\t\t\t\t\t\t\t\t<\/div>\n\n\t\t\t\t\t\n\t\t\t\t\t\t\t\t\t\t\t<div class=\"pp-info-box-description\">\n\t\t\t\t\t\t\tContamos con un equipo interno de expertos l\u00edder en el sector en todas las fases del ciclo de vida del proyecto, desde la localizaci\u00f3n de emplazamientos, el dise\u00f1o, la interconexi\u00f3n, la obtenci\u00f3n de permisos y las compras hasta la originaci\u00f3n y estructuraci\u00f3n, financiaci\u00f3n, construcci\u00f3n, y gesti\u00f3n de activos (asset management). La amplia experiencia interna de nuestro equipo en el dise\u00f1o, comercializaci\u00f3n y optimizaci\u00f3n de proyectos de almacenamiento de energ\u00eda complementa nuestro know-how solar para desarrollar innovadores proyectos energ\u00e9ticos que respalden la transici\u00f3n hacia una red de bajas emisiones de carbono.  \t\t\t\t\t\t<\/div>\n\t\t\t\t\t\t\t\t\t\t\t\t\t\t<\/div>\n\t\t\t<\/div>\n\t\t<\/div>\n\t\t\t\t\t\t<\/div>\n\t\t\t\t<\/div>\n\t\t\t\t<div class=\"elementor-element elementor-element-d1b9b39 elementor-widget elementor-widget-spacer\" data-id=\"d1b9b39\" data-element_type=\"widget\" data-e-type=\"widget\" data-widget_type=\"spacer.default\">\n\t\t\t\t<div class=\"elementor-widget-container\">\n\t\t\t\t\t\t\t<div class=\"elementor-spacer\">\n\t\t\t<div class=\"elementor-spacer-inner\"><\/div>\n\t\t<\/div>\n\t\t\t\t\t\t<\/div>\n\t\t\t\t<\/div>\n\t\t\t\t<div class=\"elementor-element elementor-element-15362a1 pp-icon-right elementor-widget__width-auto pp-icon-list-traditional elementor-list-item-link-inline elementor-widget elementor-widget-pp-icon-list\" data-id=\"15362a1\" data-element_type=\"widget\" data-e-type=\"widget\" data-widget_type=\"pp-icon-list.default\">\n\t\t\t\t<div class=\"elementor-widget-container\">\n\t\t\t\t\t\t\t<div class=\"pp-list-container\">\n\t\t\t<ul class=\"pp-list-items\">\n\t\t\t\t\t\t\t\t\t\t\t\t\t\t\t\t\t\t\t\t\t<li class=\"pp-icon-list-item elementor-repeater-item-230ca39\">\n\t\t\t\t\t\t\t\t\t\t\t\t\t\t\t<a href=\"\/energy-storage\">\n\t\t\t\t\t\t\t\t\t\t\t<span class=\"pp-icon-wrapper\">\n\t\t\t\t\t\t\t\t\t\t<span class=\"pp-icon-list-icon pp-icon \">\n\t\t\t\t\t\t<i aria-hidden=\"true\" class=\"hm hm-arrow-right\"><\/i><\/span>\t\t\t<\/span>\n\t\t\t\t\t\t\t\t\t\t<span class=\"pp-icon-list-text\">\n\t\t\t\t\t\t\t\tSaber m\u00e1s\t\t\t\t\t\t\t<\/span>\n\t\t\t\t\t\t\t\t\t\t\t\t\t\t\t<\/a>\n\t\t\t\t\t\t\t\t\t\t\t\t\t\t<\/li>\n\t\t\t\t\t\t\t\t\t\t\t\t\t<\/ul>\n\t\t<\/div>\n\t\t\t\t\t\t<\/div>\n\t\t\t\t<\/div>\n\t\t\t\t\t<\/div>\n\t\t<\/div>\n\t\t\t\t\t<\/div>\n\t\t<\/section>\n\t\t\t\t\t<\/div>\n\t\t<\/div>\n\t\t\t\t\t<\/div>\n\t\t<\/section>\n\t\t\t\t<\/div>\n\t\t","protected":false},"excerpt":{"rendered":"<p>Energ\u00eda solar y almacenamiento Recurrent Energy est\u00e1 a la vanguardia de la transici\u00f3n energ\u00e9tica actual. La tecnolog\u00eda de las energ\u00edas renovables ha madurado mucho, aumentando r\u00e1pidamente su eficiencia y reduciendo el coste de forma espectacular. Al mismo tiempo, los mercados el\u00e9ctricos han entrado en una fase de transici\u00f3n a medida que se incorporan a la&hellip;<a class=\"button moretag\" href=\"https:\/\/recurrentenergy.com\/es\/technologies\/\">Read More<\/a><\/p>\n","protected":false},"author":20,"featured_media":19885,"parent":0,"menu_order":0,"comment_status":"closed","ping_status":"closed","template":"","meta":{"_acf_changed":false,"_lmt_disableupdate":"","_lmt_disable":"","_monsterinsights_skip_tracking":false,"_monsterinsights_sitenote_active":false,"_monsterinsights_sitenote_note":"","_monsterinsights_sitenote_category":0,"_uf_show_specific_survey":0,"_uf_disable_surveys":false,"footnotes":"","_links_to":"","_links_to_target":""},"class_list":["post-15928","page","type-page","status-publish","has-post-thumbnail","hentry"],"acf":[],"yoast_head":"<!-- This site is optimized with the Yoast SEO plugin v27.4 - https:\/\/yoast.com\/product\/yoast-seo-wordpress\/ -->\n<title>TECNOLOG\u00cdAS - Recurrent Energy<\/title>\n<meta name=\"description\" content=\"Renewable energy technologies have matured by rapidly increasing in efficiencies while dramatically decreasing in cost.\" \/>\n<meta name=\"robots\" content=\"index, follow, max-snippet:-1, max-image-preview:large, max-video-preview:-1\" \/>\n<link rel=\"canonical\" href=\"https:\/\/recurrentenergy.com\/technologies\/\" \/>\n<meta property=\"og:locale\" content=\"es_ES\" \/>\n<meta property=\"og:type\" content=\"article\" \/>\n<meta property=\"og:title\" content=\"TECNOLOG\u00cdAS - Recurrent Energy\" \/>\n<meta property=\"og:description\" content=\"Renewable energy technologies have matured by rapidly increasing in efficiencies while dramatically decreasing in cost.\" \/>\n<meta property=\"og:url\" content=\"https:\/\/recurrentenergy.com\/technologies\/\" \/>\n<meta property=\"og:site_name\" content=\"Recurrent Energy\" \/>\n<meta property=\"article:modified_time\" content=\"2025-11-07T15:41:51+00:00\" \/>\n<meta property=\"og:image\" content=\"https:\/\/recurrentenergy.com\/wp-content\/uploads\/2025\/06\/Technologies.jpg\" \/>\n\t<meta property=\"og:image:width\" content=\"2048\" \/>\n\t<meta property=\"og:image:height\" content=\"1024\" \/>\n\t<meta property=\"og:image:type\" content=\"image\/jpeg\" \/>\n<meta name=\"twitter:card\" content=\"summary_large_image\" \/>\n<meta name=\"twitter:label1\" content=\"Tiempo de lectura\" \/>\n\t<meta name=\"twitter:data1\" content=\"2 minutos\" \/>\n<script type=\"application\/ld+json\" class=\"yoast-schema-graph\">{\"@context\":\"https:\\\/\\\/schema.org\",\"@graph\":[{\"@type\":\"WebPage\",\"@id\":\"https:\\\/\\\/recurrentenergy.com\\\/technologies\\\/\",\"url\":\"https:\\\/\\\/recurrentenergy.com\\\/technologies\\\/\",\"name\":\"TECNOLOG\u00cdAS - Recurrent Energy\",\"isPartOf\":{\"@id\":\"https:\\\/\\\/recurrentenergy.com\\\/#website\"},\"primaryImageOfPage\":{\"@id\":\"https:\\\/\\\/recurrentenergy.com\\\/technologies\\\/#primaryimage\"},\"image\":{\"@id\":\"https:\\\/\\\/recurrentenergy.com\\\/technologies\\\/#primaryimage\"},\"thumbnailUrl\":\"https:\\\/\\\/recurrentenergy.com\\\/wp-content\\\/uploads\\\/2025\\\/06\\\/Technologies.jpg\",\"datePublished\":\"2021-02-01T20:41:58+00:00\",\"dateModified\":\"2025-11-07T15:41:51+00:00\",\"description\":\"Renewable energy technologies have matured by rapidly increasing in efficiencies while dramatically decreasing in cost.\",\"breadcrumb\":{\"@id\":\"https:\\\/\\\/recurrentenergy.com\\\/technologies\\\/#breadcrumb\"},\"inLanguage\":\"es\",\"potentialAction\":[{\"@type\":\"ReadAction\",\"target\":[\"https:\\\/\\\/recurrentenergy.com\\\/technologies\\\/\"]}]},{\"@type\":\"ImageObject\",\"inLanguage\":\"es\",\"@id\":\"https:\\\/\\\/recurrentenergy.com\\\/technologies\\\/#primaryimage\",\"url\":\"https:\\\/\\\/recurrentenergy.com\\\/wp-content\\\/uploads\\\/2025\\\/06\\\/Technologies.jpg\",\"contentUrl\":\"https:\\\/\\\/recurrentenergy.com\\\/wp-content\\\/uploads\\\/2025\\\/06\\\/Technologies.jpg\",\"width\":2048,\"height\":1024},{\"@type\":\"BreadcrumbList\",\"@id\":\"https:\\\/\\\/recurrentenergy.com\\\/technologies\\\/#breadcrumb\",\"itemListElement\":[{\"@type\":\"ListItem\",\"position\":1,\"name\":\"Home\",\"item\":\"https:\\\/\\\/recurrentenergy.com\\\/es\\\/recurrent-energy\\\/\"},{\"@type\":\"ListItem\",\"position\":2,\"name\":\"TECNOLOG\u00cdAS\"}]},{\"@type\":\"WebSite\",\"@id\":\"https:\\\/\\\/recurrentenergy.com\\\/#website\",\"url\":\"https:\\\/\\\/recurrentenergy.com\\\/\",\"name\":\"Recurrent Energy\",\"description\":\"A subsidiary of Canadian Solar\",\"publisher\":{\"@id\":\"https:\\\/\\\/recurrentenergy.com\\\/#organization\"},\"potentialAction\":[{\"@type\":\"SearchAction\",\"target\":{\"@type\":\"EntryPoint\",\"urlTemplate\":\"https:\\\/\\\/recurrentenergy.com\\\/?s={search_term_string}\"},\"query-input\":{\"@type\":\"PropertyValueSpecification\",\"valueRequired\":true,\"valueName\":\"search_term_string\"}}],\"inLanguage\":\"es\"},{\"@type\":\"Organization\",\"@id\":\"https:\\\/\\\/recurrentenergy.com\\\/#organization\",\"name\":\"Recurrent Energy\",\"url\":\"https:\\\/\\\/recurrentenergy.com\\\/\",\"logo\":{\"@type\":\"ImageObject\",\"inLanguage\":\"es\",\"@id\":\"https:\\\/\\\/recurrentenergy.com\\\/#\\\/schema\\\/logo\\\/image\\\/\",\"url\":\"https:\\\/\\\/recurrentenergy.com\\\/wp-content\\\/uploads\\\/2021\\\/01\\\/Recurrent-Energy-logo.png\",\"contentUrl\":\"https:\\\/\\\/recurrentenergy.com\\\/wp-content\\\/uploads\\\/2021\\\/01\\\/Recurrent-Energy-logo.png\",\"width\":1201,\"height\":449,\"caption\":\"Recurrent Energy\"},\"image\":{\"@id\":\"https:\\\/\\\/recurrentenergy.com\\\/#\\\/schema\\\/logo\\\/image\\\/\"}}]}<\/script>\n<!-- \/ Yoast SEO plugin. -->","yoast_head_json":{"title":"TECNOLOG\u00cdAS - Recurrent Energy","description":"Renewable energy technologies have matured by rapidly increasing in efficiencies while dramatically decreasing in cost.","robots":{"index":"index","follow":"follow","max-snippet":"max-snippet:-1","max-image-preview":"max-image-preview:large","max-video-preview":"max-video-preview:-1"},"canonical":"https:\/\/recurrentenergy.com\/technologies\/","og_locale":"es_ES","og_type":"article","og_title":"TECNOLOG\u00cdAS - Recurrent Energy","og_description":"Renewable energy technologies have matured by rapidly increasing in efficiencies while dramatically decreasing in cost.","og_url":"https:\/\/recurrentenergy.com\/technologies\/","og_site_name":"Recurrent Energy","article_modified_time":"2025-11-07T15:41:51+00:00","og_image":[{"width":2048,"height":1024,"url":"https:\/\/recurrentenergy.com\/wp-content\/uploads\/2025\/06\/Technologies.jpg","type":"image\/jpeg"}],"twitter_card":"summary_large_image","twitter_misc":{"Tiempo de lectura":"2 minutos"},"schema":{"@context":"https:\/\/schema.org","@graph":[{"@type":"WebPage","@id":"https:\/\/recurrentenergy.com\/technologies\/","url":"https:\/\/recurrentenergy.com\/technologies\/","name":"TECNOLOG\u00cdAS - Recurrent Energy","isPartOf":{"@id":"https:\/\/recurrentenergy.com\/#website"},"primaryImageOfPage":{"@id":"https:\/\/recurrentenergy.com\/technologies\/#primaryimage"},"image":{"@id":"https:\/\/recurrentenergy.com\/technologies\/#primaryimage"},"thumbnailUrl":"https:\/\/recurrentenergy.com\/wp-content\/uploads\/2025\/06\/Technologies.jpg","datePublished":"2021-02-01T20:41:58+00:00","dateModified":"2025-11-07T15:41:51+00:00","description":"Renewable energy technologies have matured by rapidly increasing in efficiencies while dramatically decreasing in cost.","breadcrumb":{"@id":"https:\/\/recurrentenergy.com\/technologies\/#breadcrumb"},"inLanguage":"es","potentialAction":[{"@type":"ReadAction","target":["https:\/\/recurrentenergy.com\/technologies\/"]}]},{"@type":"ImageObject","inLanguage":"es","@id":"https:\/\/recurrentenergy.com\/technologies\/#primaryimage","url":"https:\/\/recurrentenergy.com\/wp-content\/uploads\/2025\/06\/Technologies.jpg","contentUrl":"https:\/\/recurrentenergy.com\/wp-content\/uploads\/2025\/06\/Technologies.jpg","width":2048,"height":1024},{"@type":"BreadcrumbList","@id":"https:\/\/recurrentenergy.com\/technologies\/#breadcrumb","itemListElement":[{"@type":"ListItem","position":1,"name":"Home","item":"https:\/\/recurrentenergy.com\/es\/recurrent-energy\/"},{"@type":"ListItem","position":2,"name":"TECNOLOG\u00cdAS"}]},{"@type":"WebSite","@id":"https:\/\/recurrentenergy.com\/#website","url":"https:\/\/recurrentenergy.com\/","name":"Recurrent Energy","description":"A subsidiary of Canadian Solar","publisher":{"@id":"https:\/\/recurrentenergy.com\/#organization"},"potentialAction":[{"@type":"SearchAction","target":{"@type":"EntryPoint","urlTemplate":"https:\/\/recurrentenergy.com\/?s={search_term_string}"},"query-input":{"@type":"PropertyValueSpecification","valueRequired":true,"valueName":"search_term_string"}}],"inLanguage":"es"},{"@type":"Organization","@id":"https:\/\/recurrentenergy.com\/#organization","name":"Recurrent Energy","url":"https:\/\/recurrentenergy.com\/","logo":{"@type":"ImageObject","inLanguage":"es","@id":"https:\/\/recurrentenergy.com\/#\/schema\/logo\/image\/","url":"https:\/\/recurrentenergy.com\/wp-content\/uploads\/2021\/01\/Recurrent-Energy-logo.png","contentUrl":"https:\/\/recurrentenergy.com\/wp-content\/uploads\/2021\/01\/Recurrent-Energy-logo.png","width":1201,"height":449,"caption":"Recurrent Energy"},"image":{"@id":"https:\/\/recurrentenergy.com\/#\/schema\/logo\/image\/"}}]}},"_links":{"self":[{"href":"https:\/\/recurrentenergy.com\/es\/wp-json\/wp\/v2\/pages\/15928","targetHints":{"allow":["GET"]}}],"collection":[{"href":"https:\/\/recurrentenergy.com\/es\/wp-json\/wp\/v2\/pages"}],"about":[{"href":"https:\/\/recurrentenergy.com\/es\/wp-json\/wp\/v2\/types\/page"}],"author":[{"embeddable":true,"href":"https:\/\/recurrentenergy.com\/es\/wp-json\/wp\/v2\/users\/20"}],"replies":[{"embeddable":true,"href":"https:\/\/recurrentenergy.com\/es\/wp-json\/wp\/v2\/comments?post=15928"}],"version-history":[{"count":0,"href":"https:\/\/recurrentenergy.com\/es\/wp-json\/wp\/v2\/pages\/15928\/revisions"}],"wp:featuredmedia":[{"embeddable":true,"href":"https:\/\/recurrentenergy.com\/es\/wp-json\/wp\/v2\/media\/19885"}],"wp:attachment":[{"href":"https:\/\/recurrentenergy.com\/es\/wp-json\/wp\/v2\/media?parent=15928"}],"curies":[{"name":"wp","href":"https:\/\/api.w.org\/{rel}","templated":true}]}}