{"id":16414,"date":"2021-02-26T13:34:30","date_gmt":"2021-02-26T19:34:30","guid":{"rendered":"https:\/\/recurrentenergy.com\/fotowoltaika\/"},"modified":"2026-04-02T12:00:20","modified_gmt":"2026-04-02T17:00:20","slug":"solar","status":"publish","type":"page","link":"https:\/\/recurrentenergy.com\/pl\/technologie\/solar\/","title":{"rendered":"Farma fotowoltaiczna"},"content":{"rendered":"\t\t<div data-elementor-type=\"wp-page\" data-elementor-id=\"16414\" class=\"elementor elementor-16414 elementor-6575\" data-elementor-settings=\"{&quot;ha_cmc_init_switcher&quot;:&quot;no&quot;}\" data-elementor-post-type=\"page\">\n\t\t\t\t\t\t<section class=\"elementor-section elementor-top-section elementor-element elementor-element-905b135 elementor-section-content-middle elementor-section-boxed elementor-section-height-default elementor-section-height-default\" data-id=\"905b135\" data-element_type=\"section\" data-e-type=\"section\" data-settings=\"{&quot;background_background&quot;:&quot;classic&quot;}\">\n\t\t\t\t\t\t<div class=\"elementor-container elementor-column-gap-default\">\n\t\t\t\t\t<div class=\"elementor-column elementor-col-100 elementor-top-column elementor-element elementor-element-8ea2bfc\" data-id=\"8ea2bfc\" data-element_type=\"column\" data-e-type=\"column\">\n\t\t\t<div class=\"elementor-widget-wrap elementor-element-populated\">\n\t\t\t\t\t\t<div class=\"elementor-element elementor-element-6e1762a elementor-widget__width-initial elementor-widget elementor-widget-text-editor\" data-id=\"6e1762a\" data-element_type=\"widget\" data-e-type=\"widget\" data-widget_type=\"text-editor.default\">\n\t\t\t\t<div class=\"elementor-widget-container\">\n\t\t\t\t\t\t\t\t\t<p>W wi\u0119kszo\u015bci miejsc na \u015bwiecie fotowoltaika to najta\u0144sze w produkcji \u017ar\u00f3d\u0142o energii elektrycznej. Wed\u0142ug Mi\u0119dzynarodowej <strong><a href=\"https:\/\/www.irena.org\/publications\/2022\/Jul\/Renewable-Power-Generation-Costs-in-2021\">Agencji Energii Odnawialnej<\/a><\/strong> w ci\u0105gu ostatniej dekady koszt budowy wielkoskalowych instalacji fotowoltaicznych spad\u0142 o 88%, co znacznie przyspieszy\u0142o proces wdra\u017cania tej technologii. <\/p>\t\t\t\t\t\t\t\t<\/div>\n\t\t\t\t<\/div>\n\t\t\t\t\t<\/div>\n\t\t<\/div>\n\t\t\t\t\t<\/div>\n\t\t<\/section>\n\t\t\t\t<section class=\"elementor-section elementor-top-section elementor-element elementor-element-858a116 elementor-section-content-middle elementor-section-boxed elementor-section-height-default elementor-section-height-default\" data-id=\"858a116\" data-element_type=\"section\" data-e-type=\"section\" data-settings=\"{&quot;background_background&quot;:&quot;classic&quot;}\">\n\t\t\t\t\t\t\t<div class=\"elementor-background-overlay\"><\/div>\n\t\t\t\t\t\t\t<div class=\"elementor-container elementor-column-gap-default\">\n\t\t\t\t\t<div class=\"elementor-column elementor-col-100 elementor-top-column elementor-element elementor-element-addd0ee\" data-id=\"addd0ee\" data-element_type=\"column\" data-e-type=\"column\">\n\t\t\t<div class=\"elementor-widget-wrap elementor-element-populated\">\n\t\t\t\t\t\t<div class=\"elementor-element elementor-element-ecd26d5 elementor-widget-divider--view-line_icon elementor-view-default elementor-widget elementor-widget-divider\" data-id=\"ecd26d5\" data-element_type=\"widget\" data-e-type=\"widget\" data-widget_type=\"divider.default\">\n\t\t\t\t<div class=\"elementor-widget-container\">\n\t\t\t\t\t\t\t<div class=\"elementor-divider\">\n\t\t\t<span class=\"elementor-divider-separator\">\n\t\t\t\t\t\t\t<div class=\"elementor-icon elementor-divider__element\">\n\t\t\t\t\t<svg xmlns=\"http:\/\/www.w3.org\/2000\/svg\" id=\"Layer_1\" data-name=\"Layer 1\" width=\"14.5383402\" height=\"20.8744422\" viewBox=\"0 0 14.5383402 20.8744422\"><path d=\"M7.2690851,2.7787738c.1967773,0,.3564453-.159668.3564453-.355957V.4184223c0-.1967773-.159668-.3564453-.3564453-.3564453-.1962891,0-.355957.159668-.355957.3564453v2.0043945c0,.1962891.159668.355957.355957.355957Z\"><\/path><path d=\"M3.3545343,4.2167621c.0668945.0683594.1572266.105957.253418.105957.0957031,0,.1879883-.0385742.2514648-.1044922.0668945-.0668945.1040039-.15625.1040039-.2519531,0-.0952148-.0371094-.1845703-.1040039-.2514648l-1.4169922-1.4174805c-.1337891-.1337891-.3701172-.1337891-.5039062,0-.1391602.1391602-.1391602.3647461,0,.5039062l1.4160156,1.4155273Z\"><\/path><path d=\"M10.9497491,4.2763324c.0966797,0,.1865234-.0375977.2519531-.1044922l1.4174805-1.4169922c.1391602-.1391602.1391602-.3647461,0-.5039062-.1386719-.1386719-.3652344-.1386719-.5039062,0l-1.4169922,1.4174805c-.0668945.0668945-.1040039.15625-.1040039.2514648-.0004883.0952148.0361328.184082.1015625.2495117.065918.0678711.1582031.1069336.2539062.1069336Z\"><\/path><path d=\"M13.8745538,7.1337543v-.0004883c-.0126953-.1855469-.1689453-.3310547-.3833008-.3310547h-2.3808594c-.3291016-1.8334961-1.8945312-3.152832-3.7626953-3.152832s-3.434082,1.3193359-3.7631836,3.152832H1.0190851c-.1865234,0-.3422852.1455078-.3549805.3320312L.0308038,16.4428363c-.0068359.0976562.027832.1953125.0966797.2695312.0673828.0703125.1616211.1108398.2583008.1108398h5.7060547v2.3383789h-1.8657227c-.6435547,0-1.1669922.5234375-1.1669922,1.1669922v.1279297c0,.1962891.159668.355957.355957.355957h7.3168945c.1967773,0,.3564453-.159668.3564453-.355957v-.1279297c0-.6435547-.5234375-1.1669922-1.1669922-1.1669922h-1.8657227v-2.3383789h6.097168c.0981445,0,.1923828-.0410156.2578125-.1108398.0668945-.0703125.1025391-.1674805.097168-.269043l-.6333008-9.3095703ZM4.2964288,6.8022113c.3139648-1.4443359,1.5483398-2.4404297,3.0512695-2.4404297,1.4750977,0,2.7348633,1.0175781,3.0507812,2.4404297h-6.1020508ZM13.7715265,16.1108051H.767132l.5844727-8.5961914h11.8349609l.5849609,8.5961914ZM7.6992609,19.8739887h2.222168c.1650391,0,.3100586.0878906.3896484.2260742H3.8330499c.0791016-.1367188.2270508-.2260742.3930664-.2260742h2.2216797c.1967773,0,.3564453-.159668.3564453-.355957v-2.6948242h.5390625v2.6948242c0,.1962891.159668.355957.355957.355957Z\"><\/path><path d=\"M10.001507,10.430141l-.1474609-2.6368677-.7114258.0361328.1469727,2.6271021-.6103516.6479492h-2.8203125l-.6098633-.6479492.1464844-2.6271021-.7109375-.0361328-.1469727,2.6363794-.7666016.6748047H1.351158v.7124023h2.4071849l.6850586.6850586-.1484375,3.0877786.7109375.0307617.1494141-3.1068215.6967773-.6967773h2.8344727l.6962891.6962891.1499023,3.1073098.7109375-.0307617-.1484375-3.0877786.6850586-.6850586h2.3302495v-.7124023h-2.3429448l-.7661133-.6743164ZM10.1123468,11.4775043l-.3789062.3789062-.4033203-.4033203.3422852-.3637695.4399414.3881836ZM5.2085382,11.4530902l-.4033203.4033203-.3793945-.3789062.4404297-.3881836.3422852.3637695Z\"><\/path><\/svg><\/div>\n\t\t\t\t\t\t<\/span>\n\t\t<\/div>\n\t\t\t\t\t\t<\/div>\n\t\t\t\t<\/div>\n\t\t\t\t<div class=\"elementor-element elementor-element-7c3c79c elementor-widget elementor-widget-text-editor\" data-id=\"7c3c79c\" data-element_type=\"widget\" data-e-type=\"widget\" data-widget_type=\"text-editor.default\">\n\t\t\t\t<div class=\"elementor-widget-container\">\n\t\t\t\t\t\t\t\t\t<p>Dzi\u0119ki oko\u0142o 12 GWp projekt\u00f3w fotowoltaicznych opracowanych i pod\u0142\u0105czonych na ca\u0142ym \u015bwiecie, Recurrent Energy wnosi bogate do\u015bwiadczenie w dostarczaniu niezawodnych, wielkoskalowych rozwi\u0105za\u0144 solarnych. Nasze udokumentowane osi\u0105gni\u0119cia odzwierciedlaj\u0105 solidne podstawy techniczne oraz d\u0142ugoterminowe zaanga\u017cowanie w rozw\u00f3j energii s\u0142onecznej jako konkurencyjnego i niezawodnego \u017ar\u00f3d\u0142a energii na rynkach globalnych. <\/p>\t\t\t\t\t\t\t\t<\/div>\n\t\t\t\t<\/div>\n\t\t\t\t\t<\/div>\n\t\t<\/div>\n\t\t\t\t\t<\/div>\n\t\t<\/section>\n\t\t\t\t<section class=\"elementor-section elementor-top-section elementor-element elementor-element-7c0dbad7 elementor-reverse-tablet elementor-reverse-mobile elementor-section-boxed elementor-section-height-default elementor-section-height-default\" data-id=\"7c0dbad7\" data-element_type=\"section\" data-e-type=\"section\" data-settings=\"{&quot;background_background&quot;:&quot;classic&quot;}\">\n\t\t\t\t\t\t\t<div class=\"elementor-background-overlay\"><\/div>\n\t\t\t\t\t\t\t<div class=\"elementor-container elementor-column-gap-default\">\n\t\t\t\t\t<div class=\"elementor-column elementor-col-66 elementor-top-column elementor-element elementor-element-84e60b3\" data-id=\"84e60b3\" data-element_type=\"column\" data-e-type=\"column\">\n\t\t\t<div class=\"elementor-widget-wrap elementor-element-populated\">\n\t\t\t\t\t\t<div class=\"elementor-element elementor-element-377285f elementor-widget elementor-widget-pp-info-box\" data-id=\"377285f\" data-element_type=\"widget\" data-e-type=\"widget\" data-widget_type=\"pp-info-box.default\">\n\t\t\t\t<div class=\"elementor-widget-container\">\n\t\t\t\t\t\t\t<div class=\"pp-info-box-container\">\n\t\t\t<div class=\"pp-info-box\">\n\t\t\t\t\t\t\t\t<div class=\"pp-info-box-content\">\n\t\t\t\t\t<div class=\"pp-info-box-title-wrap\">\n\t\t\t\t\t\t\t\t\t\t\t\t\t<div class=\"pp-info-box-title-container\">\n\t\t\t\t\t\t\t\t<h3 class=\"pp-info-box-title\">\n\t\t\t\t\t\t\t\t\tJak to dzia\u0142a?\t\t\t\t\t\t\t\t<\/h3>\n\t\t\t\t\t\t\t<\/div>\n\t\t\t\t\t\t\t\t\t\t\t\t<\/div>\n\n\t\t\t\t\t\t\t\t\t\t\t<div class=\"pp-info-box-divider-wrap\">\n\t\t\t\t\t\t\t<div class=\"pp-info-box-divider\"><\/div>\n\t\t\t\t\t\t<\/div>\n\t\t\t\t\t\n\t\t\t\t\t\t\t\t\t\t\t<div class=\"pp-info-box-description\">\n\t\t\t\t\t\t\t<p>Panele fotowoltaiczne s\u0105 zwykle wykonane z krzemu, szk\u0142a hartowanego, aluminium, miedzi i materia\u0142\u00f3w p\u00f3\u0142przewodnikowych. Krzem \u2013 pierwiastek najcz\u0119\u015bciej wyst\u0119puj\u0105cy w piasku \u2013 ma w\u0142a\u015bciwo\u015bci przewodz\u0105ce, dzi\u0119ki kt\u00f3rym jest w stanie absorbowa\u0107 i przekszta\u0142ca\u0107 \u015bwiat\u0142o s\u0142oneczne w energi\u0119 elektryczn\u0105. Gdy \u015bwiat\u0142o trafia do ogniwa krzemowego, wprawia w ruch elektrony, co z kolei inicjuje przep\u0142yw pr\u0105du elektrycznego w procesie nazywanym \u201eefektem fotowoltaicznym\u201d.  <\/p><p>Farma fotowoltaiczna sk\u0142ada si\u0119 z szeregu paneli fotowoltaicznych po\u0142\u0105czonych z urz\u0105dzeniami, kt\u00f3re przetwarzaj\u0105 energi\u0119 s\u0142oneczn\u0105 na energi\u0119 elektryczn\u0105 nadaj\u0105c\u0105 si\u0119 do wykorzystania w gospodarstwie domowym. Podobnie jak tradycyjne elektrownie, farmy fotowoltaiczne dostarczaj\u0105 energi\u0119 do sieci elektrycznej, sk\u0105d trafia ona do firm i gospodarstw domowych w okolicznych spo\u0142eczno\u015bciach. <\/p>\t\t\t\t\t\t<\/div>\n\t\t\t\t\t\t\t\t\t\t\t\t\t\t<\/div>\n\t\t\t<\/div>\n\t\t<\/div>\n\t\t\t\t\t\t<\/div>\n\t\t\t\t<\/div>\n\t\t\t\t\t<\/div>\n\t\t<\/div>\n\t\t\t\t<div class=\"elementor-column elementor-col-33 elementor-top-column elementor-element elementor-element-4e97491\" data-id=\"4e97491\" data-element_type=\"column\" data-e-type=\"column\" data-settings=\"{&quot;background_background&quot;:&quot;classic&quot;}\">\n\t\t\t<div class=\"elementor-widget-wrap elementor-element-populated\">\n\t\t\t\t\t\t<div class=\"elementor-element elementor-element-cbf08de elementor-widget elementor-widget-spacer\" data-id=\"cbf08de\" data-element_type=\"widget\" data-e-type=\"widget\" data-widget_type=\"spacer.default\">\n\t\t\t\t<div class=\"elementor-widget-container\">\n\t\t\t\t\t\t\t<div class=\"elementor-spacer\">\n\t\t\t<div class=\"elementor-spacer-inner\"><\/div>\n\t\t<\/div>\n\t\t\t\t\t\t<\/div>\n\t\t\t\t<\/div>\n\t\t\t\t\t<\/div>\n\t\t<\/div>\n\t\t\t\t\t<\/div>\n\t\t<\/section>\n\t\t\t\t<section class=\"elementor-section elementor-top-section elementor-element elementor-element-b421fc6 elementor-section-boxed elementor-section-height-default elementor-section-height-default\" data-id=\"b421fc6\" data-element_type=\"section\" data-e-type=\"section\" data-settings=\"{&quot;background_background&quot;:&quot;classic&quot;}\">\n\t\t\t\t\t\t\t<div class=\"elementor-background-overlay\"><\/div>\n\t\t\t\t\t\t\t<div class=\"elementor-container elementor-column-gap-default\">\n\t\t\t\t\t<div class=\"elementor-column elementor-col-33 elementor-top-column elementor-element elementor-element-5d284d6\" data-id=\"5d284d6\" data-element_type=\"column\" data-e-type=\"column\" data-settings=\"{&quot;background_background&quot;:&quot;classic&quot;}\">\n\t\t\t<div class=\"elementor-widget-wrap elementor-element-populated\">\n\t\t\t\t\t\t<div class=\"elementor-element elementor-element-739f3be elementor-widget elementor-widget-spacer\" data-id=\"739f3be\" data-element_type=\"widget\" data-e-type=\"widget\" data-widget_type=\"spacer.default\">\n\t\t\t\t<div class=\"elementor-widget-container\">\n\t\t\t\t\t\t\t<div class=\"elementor-spacer\">\n\t\t\t<div class=\"elementor-spacer-inner\"><\/div>\n\t\t<\/div>\n\t\t\t\t\t\t<\/div>\n\t\t\t\t<\/div>\n\t\t\t\t\t<\/div>\n\t\t<\/div>\n\t\t\t\t<div class=\"elementor-column elementor-col-66 elementor-top-column elementor-element elementor-element-86a5759\" data-id=\"86a5759\" data-element_type=\"column\" data-e-type=\"column\">\n\t\t\t<div class=\"elementor-widget-wrap elementor-element-populated\">\n\t\t\t\t\t\t<div class=\"elementor-element elementor-element-8ddfa34 elementor-widget elementor-widget-pp-info-box\" data-id=\"8ddfa34\" data-element_type=\"widget\" data-e-type=\"widget\" data-widget_type=\"pp-info-box.default\">\n\t\t\t\t<div class=\"elementor-widget-container\">\n\t\t\t\t\t\t\t<div class=\"pp-info-box-container\">\n\t\t\t<div class=\"pp-info-box\">\n\t\t\t\t\t\t\t\t<div class=\"pp-info-box-content\">\n\t\t\t\t\t<div class=\"pp-info-box-title-wrap\">\n\t\t\t\t\t\t\t\t\t\t\t\t\t<div class=\"pp-info-box-title-container\">\n\t\t\t\t\t\t\t\t<h3 class=\"pp-info-box-title\">\n\t\t\t\t\t\t\t\t\tCzy to bezpieczne?\t\t\t\t\t\t\t\t<\/h3>\n\t\t\t\t\t\t\t<\/div>\n\t\t\t\t\t\t\t\t\t\t\t\t<\/div>\n\n\t\t\t\t\t\t\t\t\t\t\t<div class=\"pp-info-box-divider-wrap\">\n\t\t\t\t\t\t\t<div class=\"pp-info-box-divider\"><\/div>\n\t\t\t\t\t\t<\/div>\n\t\t\t\t\t\n\t\t\t\t\t\t\t\t\t\t\t<div class=\"pp-info-box-description\">\n\t\t\t\t\t\t\t<p>Tak. Poniewa\u017c materia\u0142y, z kt\u00f3rych wykonane s\u0105 panele fotowoltaiczne, s\u0105 zamkni\u0119te i nie mieszaj\u0105 si\u0119 z wod\u0105 ani nie odparowuj\u0105 do powietrza, ryzyko uwolnienia substancji chemicznych, w tym gaz\u00f3w cieplarnianych, do \u015brodowiska podczas normalnego u\u017cytkowania jest niewielkie lub nie wyst\u0119puje w og\u00f3le. <\/p><p><span data-contrast=\"auto\">Wszystkie farmy fotowoltaiczne Recurrent Energy spe\u0142niaj\u0105 restrykcyjne normy dotycz\u0105ce bezpiecze\u0144stwa urz\u0105dze\u0144 elektrycznych, co gwarantuje bezpiecze\u0144stwo ich dzia\u0142ania przez ca\u0142y okres eksploatacji projektu. <\/span><span data-ccp-props=\"{\"134233279\":true,\"201341983\":0,\"335559739\":0,\"335559740\":240,\"469777462\":[5451],\"469777927\":[0],\"469777928\":[1]}\"> <\/span><\/p>\t\t\t\t\t\t<\/div>\n\t\t\t\t\t\t\t\t\t\t\t\t\t\t<\/div>\n\t\t\t<\/div>\n\t\t<\/div>\n\t\t\t\t\t\t<\/div>\n\t\t\t\t<\/div>\n\t\t\t\t\t<\/div>\n\t\t<\/div>\n\t\t\t\t\t<\/div>\n\t\t<\/section>\n\t\t\t\t<\/div>\n\t\t","protected":false},"excerpt":{"rendered":"<p>W wi\u0119kszo\u015bci miejsc na \u015bwiecie fotowoltaika to najta\u0144sze w produkcji \u017ar\u00f3d\u0142o energii elektrycznej. Wed\u0142ug Mi\u0119dzynarodowej Agencji Energii Odnawialnej w ci\u0105gu ostatniej dekady koszt budowy wielkoskalowych instalacji fotowoltaicznych spad\u0142 o 88%, co znacznie przyspieszy\u0142o proces wdra\u017cania tej technologii. Dzi\u0119ki oko\u0142o 12 GWp projekt\u00f3w fotowoltaicznych opracowanych i pod\u0142\u0105czonych na ca\u0142ym \u015bwiecie, Recurrent Energy wnosi bogate do\u015bwiadczenie w&hellip;<a class=\"button moretag\" href=\"https:\/\/recurrentenergy.com\/pl\/technologie\/solar\/\">Read More<\/a><\/p>\n","protected":false},"author":20,"featured_media":20051,"parent":16415,"menu_order":0,"comment_status":"closed","ping_status":"closed","template":"","meta":{"_acf_changed":false,"_lmt_disableupdate":"","_lmt_disable":"","_monsterinsights_skip_tracking":false,"_monsterinsights_sitenote_active":false,"_monsterinsights_sitenote_note":"","_monsterinsights_sitenote_category":0,"_uf_show_specific_survey":0,"_uf_disable_surveys":false,"footnotes":"","_links_to":"","_links_to_target":""},"class_list":["post-16414","page","type-page","status-publish","has-post-thumbnail","hentry"],"acf":[],"yoast_head":"<!-- This site is optimized with the Yoast SEO plugin v27.3 - https:\/\/yoast.com\/product\/yoast-seo-wordpress\/ -->\n<title>Farma fotowoltaiczna - Recurrent Energy<\/title>\n<meta name=\"description\" content=\"The cost to install solar has dropped by more than 70% over the last decade, leading the industry to expand into new markets and deploy thousands of systems nationwide.\" \/>\n<meta name=\"robots\" content=\"index, follow, max-snippet:-1, max-image-preview:large, max-video-preview:-1\" \/>\n<link rel=\"canonical\" href=\"https:\/\/recurrentenergy.com\/pl\/technologie\/solar\/\" \/>\n<meta property=\"og:locale\" content=\"pl_PL\" \/>\n<meta property=\"og:type\" content=\"article\" \/>\n<meta property=\"og:title\" content=\"Farma fotowoltaiczna - Recurrent Energy\" \/>\n<meta property=\"og:description\" content=\"The cost to install solar has dropped by more than 70% over the last decade, leading the industry to expand into new markets and deploy thousands of systems nationwide.\" \/>\n<meta property=\"og:url\" content=\"https:\/\/recurrentenergy.com\/pl\/technologie\/solar\/\" \/>\n<meta property=\"og:site_name\" content=\"Recurrent Energy\" \/>\n<meta property=\"article:modified_time\" content=\"2026-04-02T17:00:20+00:00\" \/>\n<meta property=\"og:image\" content=\"https:\/\/recurrentenergy.com\/wp-content\/uploads\/2025\/06\/Solar-2.jpg\" \/>\n\t<meta property=\"og:image:width\" content=\"2048\" \/>\n\t<meta property=\"og:image:height\" content=\"1024\" \/>\n\t<meta property=\"og:image:type\" content=\"image\/jpeg\" \/>\n<meta name=\"twitter:card\" content=\"summary_large_image\" \/>\n<meta name=\"twitter:label1\" content=\"Szacowany czas czytania\" \/>\n\t<meta name=\"twitter:data1\" content=\"2 minuty\" \/>\n<script type=\"application\/ld+json\" class=\"yoast-schema-graph\">{\"@context\":\"https:\\\/\\\/schema.org\",\"@graph\":[{\"@type\":\"WebPage\",\"@id\":\"https:\\\/\\\/recurrentenergy.com\\\/pl\\\/technologie\\\/solar\\\/\",\"url\":\"https:\\\/\\\/recurrentenergy.com\\\/pl\\\/technologie\\\/solar\\\/\",\"name\":\"Farma fotowoltaiczna - Recurrent Energy\",\"isPartOf\":{\"@id\":\"https:\\\/\\\/recurrentenergy.com\\\/#website\"},\"primaryImageOfPage\":{\"@id\":\"https:\\\/\\\/recurrentenergy.com\\\/pl\\\/technologie\\\/solar\\\/#primaryimage\"},\"image\":{\"@id\":\"https:\\\/\\\/recurrentenergy.com\\\/pl\\\/technologie\\\/solar\\\/#primaryimage\"},\"thumbnailUrl\":\"https:\\\/\\\/recurrentenergy.com\\\/wp-content\\\/uploads\\\/2025\\\/06\\\/Solar-2.jpg\",\"datePublished\":\"2021-02-26T19:34:30+00:00\",\"dateModified\":\"2026-04-02T17:00:20+00:00\",\"description\":\"The cost to install solar has dropped by more than 70% over the last decade, leading the industry to expand into new markets and deploy thousands of systems nationwide.\",\"breadcrumb\":{\"@id\":\"https:\\\/\\\/recurrentenergy.com\\\/pl\\\/technologie\\\/solar\\\/#breadcrumb\"},\"inLanguage\":\"pl-PL\",\"potentialAction\":[{\"@type\":\"ReadAction\",\"target\":[\"https:\\\/\\\/recurrentenergy.com\\\/pl\\\/technologie\\\/solar\\\/\"]}]},{\"@type\":\"ImageObject\",\"inLanguage\":\"pl-PL\",\"@id\":\"https:\\\/\\\/recurrentenergy.com\\\/pl\\\/technologie\\\/solar\\\/#primaryimage\",\"url\":\"https:\\\/\\\/recurrentenergy.com\\\/wp-content\\\/uploads\\\/2025\\\/06\\\/Solar-2.jpg\",\"contentUrl\":\"https:\\\/\\\/recurrentenergy.com\\\/wp-content\\\/uploads\\\/2025\\\/06\\\/Solar-2.jpg\",\"width\":2048,\"height\":1024},{\"@type\":\"BreadcrumbList\",\"@id\":\"https:\\\/\\\/recurrentenergy.com\\\/pl\\\/technologie\\\/solar\\\/#breadcrumb\",\"itemListElement\":[{\"@type\":\"ListItem\",\"position\":1,\"name\":\"Home\",\"item\":\"https:\\\/\\\/recurrentenergy.com\\\/pl\\\/recurrent-energy\\\/\"},{\"@type\":\"ListItem\",\"position\":2,\"name\":\"TECHNOLOGIE\",\"item\":\"https:\\\/\\\/recurrentenergy.com\\\/technologies\\\/\"},{\"@type\":\"ListItem\",\"position\":3,\"name\":\"Farma fotowoltaiczna\"}]},{\"@type\":\"WebSite\",\"@id\":\"https:\\\/\\\/recurrentenergy.com\\\/#website\",\"url\":\"https:\\\/\\\/recurrentenergy.com\\\/\",\"name\":\"Recurrent Energy\",\"description\":\"A subsidiary of Canadian Solar\",\"publisher\":{\"@id\":\"https:\\\/\\\/recurrentenergy.com\\\/#organization\"},\"potentialAction\":[{\"@type\":\"SearchAction\",\"target\":{\"@type\":\"EntryPoint\",\"urlTemplate\":\"https:\\\/\\\/recurrentenergy.com\\\/?s={search_term_string}\"},\"query-input\":{\"@type\":\"PropertyValueSpecification\",\"valueRequired\":true,\"valueName\":\"search_term_string\"}}],\"inLanguage\":\"pl-PL\"},{\"@type\":\"Organization\",\"@id\":\"https:\\\/\\\/recurrentenergy.com\\\/#organization\",\"name\":\"Recurrent Energy\",\"url\":\"https:\\\/\\\/recurrentenergy.com\\\/\",\"logo\":{\"@type\":\"ImageObject\",\"inLanguage\":\"pl-PL\",\"@id\":\"https:\\\/\\\/recurrentenergy.com\\\/#\\\/schema\\\/logo\\\/image\\\/\",\"url\":\"https:\\\/\\\/recurrentenergy.com\\\/wp-content\\\/uploads\\\/2021\\\/01\\\/Recurrent-Energy-logo.png\",\"contentUrl\":\"https:\\\/\\\/recurrentenergy.com\\\/wp-content\\\/uploads\\\/2021\\\/01\\\/Recurrent-Energy-logo.png\",\"width\":1201,\"height\":449,\"caption\":\"Recurrent Energy\"},\"image\":{\"@id\":\"https:\\\/\\\/recurrentenergy.com\\\/#\\\/schema\\\/logo\\\/image\\\/\"}}]}<\/script>\n<!-- \/ Yoast SEO plugin. -->","yoast_head_json":{"title":"Farma fotowoltaiczna - Recurrent Energy","description":"The cost to install solar has dropped by more than 70% over the last decade, leading the industry to expand into new markets and deploy thousands of systems nationwide.","robots":{"index":"index","follow":"follow","max-snippet":"max-snippet:-1","max-image-preview":"max-image-preview:large","max-video-preview":"max-video-preview:-1"},"canonical":"https:\/\/recurrentenergy.com\/pl\/technologie\/solar\/","og_locale":"pl_PL","og_type":"article","og_title":"Farma fotowoltaiczna - Recurrent Energy","og_description":"The cost to install solar has dropped by more than 70% over the last decade, leading the industry to expand into new markets and deploy thousands of systems nationwide.","og_url":"https:\/\/recurrentenergy.com\/pl\/technologie\/solar\/","og_site_name":"Recurrent Energy","article_modified_time":"2026-04-02T17:00:20+00:00","og_image":[{"width":2048,"height":1024,"url":"https:\/\/recurrentenergy.com\/wp-content\/uploads\/2025\/06\/Solar-2.jpg","type":"image\/jpeg"}],"twitter_card":"summary_large_image","twitter_misc":{"Szacowany czas czytania":"2 minuty"},"schema":{"@context":"https:\/\/schema.org","@graph":[{"@type":"WebPage","@id":"https:\/\/recurrentenergy.com\/pl\/technologie\/solar\/","url":"https:\/\/recurrentenergy.com\/pl\/technologie\/solar\/","name":"Farma fotowoltaiczna - Recurrent Energy","isPartOf":{"@id":"https:\/\/recurrentenergy.com\/#website"},"primaryImageOfPage":{"@id":"https:\/\/recurrentenergy.com\/pl\/technologie\/solar\/#primaryimage"},"image":{"@id":"https:\/\/recurrentenergy.com\/pl\/technologie\/solar\/#primaryimage"},"thumbnailUrl":"https:\/\/recurrentenergy.com\/wp-content\/uploads\/2025\/06\/Solar-2.jpg","datePublished":"2021-02-26T19:34:30+00:00","dateModified":"2026-04-02T17:00:20+00:00","description":"The cost to install solar has dropped by more than 70% over the last decade, leading the industry to expand into new markets and deploy thousands of systems nationwide.","breadcrumb":{"@id":"https:\/\/recurrentenergy.com\/pl\/technologie\/solar\/#breadcrumb"},"inLanguage":"pl-PL","potentialAction":[{"@type":"ReadAction","target":["https:\/\/recurrentenergy.com\/pl\/technologie\/solar\/"]}]},{"@type":"ImageObject","inLanguage":"pl-PL","@id":"https:\/\/recurrentenergy.com\/pl\/technologie\/solar\/#primaryimage","url":"https:\/\/recurrentenergy.com\/wp-content\/uploads\/2025\/06\/Solar-2.jpg","contentUrl":"https:\/\/recurrentenergy.com\/wp-content\/uploads\/2025\/06\/Solar-2.jpg","width":2048,"height":1024},{"@type":"BreadcrumbList","@id":"https:\/\/recurrentenergy.com\/pl\/technologie\/solar\/#breadcrumb","itemListElement":[{"@type":"ListItem","position":1,"name":"Home","item":"https:\/\/recurrentenergy.com\/pl\/recurrent-energy\/"},{"@type":"ListItem","position":2,"name":"TECHNOLOGIE","item":"https:\/\/recurrentenergy.com\/technologies\/"},{"@type":"ListItem","position":3,"name":"Farma fotowoltaiczna"}]},{"@type":"WebSite","@id":"https:\/\/recurrentenergy.com\/#website","url":"https:\/\/recurrentenergy.com\/","name":"Recurrent Energy","description":"A subsidiary of Canadian Solar","publisher":{"@id":"https:\/\/recurrentenergy.com\/#organization"},"potentialAction":[{"@type":"SearchAction","target":{"@type":"EntryPoint","urlTemplate":"https:\/\/recurrentenergy.com\/?s={search_term_string}"},"query-input":{"@type":"PropertyValueSpecification","valueRequired":true,"valueName":"search_term_string"}}],"inLanguage":"pl-PL"},{"@type":"Organization","@id":"https:\/\/recurrentenergy.com\/#organization","name":"Recurrent Energy","url":"https:\/\/recurrentenergy.com\/","logo":{"@type":"ImageObject","inLanguage":"pl-PL","@id":"https:\/\/recurrentenergy.com\/#\/schema\/logo\/image\/","url":"https:\/\/recurrentenergy.com\/wp-content\/uploads\/2021\/01\/Recurrent-Energy-logo.png","contentUrl":"https:\/\/recurrentenergy.com\/wp-content\/uploads\/2021\/01\/Recurrent-Energy-logo.png","width":1201,"height":449,"caption":"Recurrent Energy"},"image":{"@id":"https:\/\/recurrentenergy.com\/#\/schema\/logo\/image\/"}}]}},"_links":{"self":[{"href":"https:\/\/recurrentenergy.com\/pl\/wp-json\/wp\/v2\/pages\/16414","targetHints":{"allow":["GET"]}}],"collection":[{"href":"https:\/\/recurrentenergy.com\/pl\/wp-json\/wp\/v2\/pages"}],"about":[{"href":"https:\/\/recurrentenergy.com\/pl\/wp-json\/wp\/v2\/types\/page"}],"author":[{"embeddable":true,"href":"https:\/\/recurrentenergy.com\/pl\/wp-json\/wp\/v2\/users\/20"}],"replies":[{"embeddable":true,"href":"https:\/\/recurrentenergy.com\/pl\/wp-json\/wp\/v2\/comments?post=16414"}],"version-history":[{"count":0,"href":"https:\/\/recurrentenergy.com\/pl\/wp-json\/wp\/v2\/pages\/16414\/revisions"}],"up":[{"embeddable":true,"href":"https:\/\/recurrentenergy.com\/pl\/wp-json\/wp\/v2\/pages\/16415"}],"wp:featuredmedia":[{"embeddable":true,"href":"https:\/\/recurrentenergy.com\/pl\/wp-json\/wp\/v2\/media\/20051"}],"wp:attachment":[{"href":"https:\/\/recurrentenergy.com\/pl\/wp-json\/wp\/v2\/media?parent=16414"}],"curies":[{"name":"wp","href":"https:\/\/api.w.org\/{rel}","templated":true}]}}