{"id":16415,"date":"2021-02-01T14:41:58","date_gmt":"2021-02-01T20:41:58","guid":{"rendered":"https:\/\/recurrentenergy.com\/technologie\/"},"modified":"2025-11-26T10:11:54","modified_gmt":"2025-11-26T16:11:54","slug":"technologie","status":"publish","type":"page","link":"https:\/\/recurrentenergy.com\/pl\/technologie\/","title":{"rendered":"TECHNOLOGIE"},"content":{"rendered":"\t\t<div data-elementor-type=\"wp-page\" data-elementor-id=\"16415\" class=\"elementor elementor-16415 elementor-5711\" data-elementor-settings=\"{&quot;ha_cmc_init_switcher&quot;:&quot;no&quot;}\" data-elementor-post-type=\"page\">\n\t\t\t\t\t\t<section class=\"elementor-section elementor-top-section elementor-element elementor-element-6fb8d24 elementor-section-boxed elementor-section-height-default elementor-section-height-default\" data-id=\"6fb8d24\" data-element_type=\"section\" data-e-type=\"section\">\n\t\t\t\t\t\t<div class=\"elementor-container elementor-column-gap-default\">\n\t\t\t\t\t<div class=\"elementor-column elementor-col-100 elementor-top-column elementor-element elementor-element-3989a5a\" data-id=\"3989a5a\" data-element_type=\"column\" data-e-type=\"column\">\n\t\t\t<div class=\"elementor-widget-wrap elementor-element-populated\">\n\t\t\t\t\t\t<div class=\"elementor-element elementor-element-aad3fa0 elementor-widget__width-inherit elementor-widget elementor-widget-heading\" data-id=\"aad3fa0\" data-element_type=\"widget\" data-e-type=\"widget\" data-widget_type=\"heading.default\">\n\t\t\t\t<div class=\"elementor-widget-container\">\n\t\t\t\t\t<h1 class=\"elementor-heading-title elementor-size-default\">Nasze technologie<\/h1>\t\t\t\t<\/div>\n\t\t\t\t<\/div>\n\t\t\t\t\t<\/div>\n\t\t<\/div>\n\t\t\t\t\t<\/div>\n\t\t<\/section>\n\t\t\t\t<section class=\"elementor-section elementor-top-section elementor-element elementor-element-5789030 elementor-section-height-min-height elementor-section-content-bottom elementor-section-full_width elementor-section-height-default elementor-section-items-middle\" data-id=\"5789030\" data-element_type=\"section\" data-e-type=\"section\" data-settings=\"{&quot;background_background&quot;:&quot;classic&quot;,&quot;background_motion_fx_motion_fx_scrolling&quot;:&quot;yes&quot;,&quot;background_motion_fx_translateY_effect&quot;:&quot;yes&quot;,&quot;background_motion_fx_translateY_speed&quot;:{&quot;unit&quot;:&quot;px&quot;,&quot;size&quot;:4,&quot;sizes&quot;:[]},&quot;background_motion_fx_translateY_affectedRange&quot;:{&quot;unit&quot;:&quot;%&quot;,&quot;size&quot;:&quot;&quot;,&quot;sizes&quot;:{&quot;start&quot;:0,&quot;end&quot;:100}},&quot;background_motion_fx_devices&quot;:[&quot;desktop&quot;,&quot;tablet&quot;,&quot;mobile&quot;]}\">\n\t\t\t\t\t\t<div class=\"elementor-container elementor-column-gap-default\">\n\t\t\t\t\t<div class=\"elementor-column elementor-col-100 elementor-top-column elementor-element elementor-element-3c3a2cd\" data-id=\"3c3a2cd\" data-element_type=\"column\" data-e-type=\"column\" data-settings=\"{&quot;background_background&quot;:&quot;classic&quot;}\">\n\t\t\t<div class=\"elementor-widget-wrap elementor-element-populated\">\n\t\t\t\t\t\t<section class=\"elementor-section elementor-inner-section elementor-element elementor-element-c4ed430 elementor-section-full_width elementor-section-height-default elementor-section-height-default\" data-id=\"c4ed430\" data-element_type=\"section\" data-e-type=\"section\">\n\t\t\t\t\t\t<div class=\"elementor-container elementor-column-gap-default\">\n\t\t\t\t\t<div class=\"elementor-column elementor-col-50 elementor-inner-column elementor-element elementor-element-9423ef7\" data-id=\"9423ef7\" data-element_type=\"column\" data-e-type=\"column\">\n\t\t\t<div class=\"elementor-widget-wrap elementor-element-populated\">\n\t\t\t\t\t\t<div class=\"elementor-element elementor-element-70d1466 elementor-widget elementor-widget-heading\" data-id=\"70d1466\" data-element_type=\"widget\" data-e-type=\"widget\" data-widget_type=\"heading.default\">\n\t\t\t\t<div class=\"elementor-widget-container\">\n\t\t\t\t\t<h2 class=\"elementor-heading-title elementor-size-default\">Recurrent Energy jest jednym z pionier\u00f3w transformacji energetycznej, jakiej jeste\u015bmy \u015bwiadkami od niedawna.<\/h2>\t\t\t\t<\/div>\n\t\t\t\t<\/div>\n\t\t\t\t<div class=\"elementor-element elementor-element-758d648 elementor-widget elementor-widget-text-editor\" data-id=\"758d648\" data-element_type=\"widget\" data-e-type=\"widget\" data-widget_type=\"text-editor.default\">\n\t\t\t\t<div class=\"elementor-widget-container\">\n\t\t\t\t\t\t\t\t\t<p>Technologie energii odnawialnej znacznie dojrza\u0142y przez ostatnie lata \u2013 sta\u0142y si\u0119 znacznie bardziej wydajne oraz przyst\u0119pne cenowo. Jednocze\u015bnie za\u015b w sieciach energetycznych pojawia si\u0119 coraz wi\u0119cej nowych \u017ar\u00f3de\u0142 energii odnawialnej, a na rynkach energii trwa transformacja. Upowszechnianie si\u0119 energii odnawialnej i ci\u0105g\u0142y spadek koszt\u00f3w technologii magazynowania powoduje, \u017ce nabywcy energii coraz cz\u0119\u015bciej dostrzegaj\u0105, jak wiele zalet przynosz\u0105 instalacje hybrydowe.   <\/p>\n<p>\u0141\u0105cz\u0105c niesko\u0144czone zasoby energii s\u0142onecznej z zaawansowanymi rozwi\u0105zaniami do magazynowania, mo\u017cemy zaspokoi\u0107 potrzeby energetyczne klient\u00f3w na ca\u0142ym \u015bwiecie. Natomiast brak waha\u0144 koszt\u00f3w paliwa i koszt\u00f3w operacyjnych zwi\u0105zanych z wytwarzaniem energii odnawialnej sprawia, \u017ce nasze projekty dostarczaj\u0105 klientom czyst\u0105, tani\u0105 i pewn\u0105 energi\u0119. <\/p>\n\t\t\t\t\t\t\t\t<\/div>\n\t\t\t\t<\/div>\n\t\t\t\t\t<\/div>\n\t\t<\/div>\n\t\t\t\t<div class=\"elementor-column elementor-col-50 elementor-inner-column elementor-element elementor-element-44ad5f3\" data-id=\"44ad5f3\" data-element_type=\"column\" data-e-type=\"column\" data-settings=\"{&quot;background_background&quot;:&quot;classic&quot;}\">\n\t\t\t<div class=\"elementor-widget-wrap elementor-element-populated\">\n\t\t\t\t\t\t<div class=\"elementor-element elementor-element-075dbb8 elementor-widget elementor-widget-spacer\" data-id=\"075dbb8\" data-element_type=\"widget\" data-e-type=\"widget\" data-widget_type=\"spacer.default\">\n\t\t\t\t<div class=\"elementor-widget-container\">\n\t\t\t\t\t\t\t<div class=\"elementor-spacer\">\n\t\t\t<div class=\"elementor-spacer-inner\"><\/div>\n\t\t<\/div>\n\t\t\t\t\t\t<\/div>\n\t\t\t\t<\/div>\n\t\t\t\t\t<\/div>\n\t\t<\/div>\n\t\t\t\t\t<\/div>\n\t\t<\/section>\n\t\t\t\t\t<\/div>\n\t\t<\/div>\n\t\t\t\t\t<\/div>\n\t\t<\/section>\n\t\t\t\t<section class=\"elementor-section elementor-top-section elementor-element elementor-element-6461836 elementor-section-content-middle elementor-section-boxed elementor-section-height-default elementor-section-height-default\" data-id=\"6461836\" data-element_type=\"section\" data-e-type=\"section\" data-settings=\"{&quot;background_background&quot;:&quot;classic&quot;}\">\n\t\t\t\t\t\t<div class=\"elementor-container elementor-column-gap-default\">\n\t\t\t\t\t<div class=\"elementor-column elementor-col-100 elementor-top-column elementor-element elementor-element-1e26bbc\" data-id=\"1e26bbc\" data-element_type=\"column\" data-e-type=\"column\">\n\t\t\t<div class=\"elementor-widget-wrap elementor-element-populated\">\n\t\t\t\t\t\t<section class=\"elementor-section elementor-inner-section elementor-element elementor-element-9c82714 elementor-section-boxed elementor-section-height-default elementor-section-height-default\" data-id=\"9c82714\" data-element_type=\"section\" data-e-type=\"section\">\n\t\t\t\t\t\t<div class=\"elementor-container elementor-column-gap-no\">\n\t\t\t\t\t<div class=\"elementor-column elementor-col-100 elementor-inner-column elementor-element elementor-element-6383807\" data-id=\"6383807\" data-element_type=\"column\" data-e-type=\"column\">\n\t\t\t<div class=\"elementor-widget-wrap elementor-element-populated\">\n\t\t\t\t\t\t<div class=\"elementor-element elementor-element-6795192 elementor-widget elementor-widget-heading\" data-id=\"6795192\" data-element_type=\"widget\" data-e-type=\"widget\" data-widget_type=\"heading.default\">\n\t\t\t\t<div class=\"elementor-widget-container\">\n\t\t\t\t\t<h2 class=\"elementor-heading-title elementor-size-default\">W naszych farmach fotowoltaicznych i magazynach energii stosujemy tylko sprawdzone, niezawodne i bezpieczne technologie.<\/h2>\t\t\t\t<\/div>\n\t\t\t\t<\/div>\n\t\t\t\t\t<\/div>\n\t\t<\/div>\n\t\t\t\t\t<\/div>\n\t\t<\/section>\n\t\t\t\t<div class=\"elementor-element elementor-element-46b8189 elementor-widget elementor-widget-spacer\" data-id=\"46b8189\" data-element_type=\"widget\" data-e-type=\"widget\" data-widget_type=\"spacer.default\">\n\t\t\t\t<div class=\"elementor-widget-container\">\n\t\t\t\t\t\t\t<div class=\"elementor-spacer\">\n\t\t\t<div class=\"elementor-spacer-inner\"><\/div>\n\t\t<\/div>\n\t\t\t\t\t\t<\/div>\n\t\t\t\t<\/div>\n\t\t\t\t<section class=\"elementor-section elementor-inner-section elementor-element elementor-element-2821f26 elementor-section-boxed elementor-section-height-default elementor-section-height-default\" data-id=\"2821f26\" data-element_type=\"section\" data-e-type=\"section\">\n\t\t\t\t\t\t<div class=\"elementor-container elementor-column-gap-default\">\n\t\t\t\t\t<div class=\"elementor-column elementor-col-50 elementor-inner-column elementor-element elementor-element-b398ffe\" data-id=\"b398ffe\" data-element_type=\"column\" data-e-type=\"column\" data-settings=\"{&quot;background_background&quot;:&quot;classic&quot;}\">\n\t\t\t<div class=\"elementor-widget-wrap elementor-element-populated\">\n\t\t\t\t\t<div class=\"elementor-background-overlay\"><\/div>\n\t\t\t\t\t\t<div class=\"elementor-element elementor-element-ecb276c elementor-widget elementor-widget-pp-info-box\" data-id=\"ecb276c\" data-element_type=\"widget\" data-e-type=\"widget\" data-widget_type=\"pp-info-box.default\">\n\t\t\t\t<div class=\"elementor-widget-container\">\n\t\t\t\t\t\t\t<div class=\"pp-info-box-container\">\n\t\t\t<div class=\"pp-info-box\">\n\t\t\t\t\t\t\t\t<div class=\"pp-info-box-content\">\n\t\t\t\t\t<div class=\"pp-info-box-title-wrap\">\n\t\t\t\t\t\t\t\t\t\t\t\t\t<div class=\"pp-info-box-title-container\">\n\t\t\t\t\t\t\t\t<h4 class=\"pp-info-box-title\">\n\t\t\t\t\t\t\t\t\tFarma fotowoltaiczna\t\t\t\t\t\t\t\t<\/h4>\n\t\t\t\t\t\t\t<\/div>\n\t\t\t\t\t\t\t\t\t\t\t\t<\/div>\n\n\t\t\t\t\t\n\t\t\t\t\t\t\t\t\t\t\t<div class=\"pp-info-box-description\">\n\t\t\t\t\t\t\tRecurrent Energy jest liderem w dziedzinie rozwoju fotowoltaiki. Szybko dostrzegli\u015bmy potencja\u0142 rynk\u00f3w rozwijaj\u0105cych si\u0119, dlatego wyznaczamy standardy w obszarze realizacji i kontraktowania projekt\u00f3w fotowoltaicznych. W miar\u0119 wzrostu konkurencyjno\u015bci cenowej energii s\u0142onecznej na nowych rynkach rozszerzyli\u015bmy zasi\u0119g dzia\u0142alno\u015bci, tak aby wychodzi\u0107 naprzeciw potrzebom klient\u00f3w na ca\u0142ym \u015bwiecie.]   \t\t\t\t\t\t<\/div>\n\t\t\t\t\t\t\t\t\t\t\t\t\t\t<\/div>\n\t\t\t<\/div>\n\t\t<\/div>\n\t\t\t\t\t\t<\/div>\n\t\t\t\t<\/div>\n\t\t\t\t<div class=\"elementor-element elementor-element-56002ab pp-icon-right elementor-widget__width-auto pp-icon-list-traditional elementor-list-item-link-inline elementor-widget elementor-widget-pp-icon-list\" data-id=\"56002ab\" data-element_type=\"widget\" data-e-type=\"widget\" data-widget_type=\"pp-icon-list.default\">\n\t\t\t\t<div class=\"elementor-widget-container\">\n\t\t\t\t\t\t\t<div class=\"pp-list-container\">\n\t\t\t<ul class=\"pp-list-items\">\n\t\t\t\t\t\t\t\t\t\t\t\t\t\t\t\t\t\t\t\t\t<li class=\"pp-icon-list-item elementor-repeater-item-230ca39\">\n\t\t\t\t\t\t\t\t\t\t\t\t\t\t\t<a href=\"\/solar\">\n\t\t\t\t\t\t\t\t\t\t\t<span class=\"pp-icon-wrapper\">\n\t\t\t\t\t\t\t\t\t\t<span class=\"pp-icon-list-icon pp-icon \">\n\t\t\t\t\t\t<i aria-hidden=\"true\" class=\"hm hm-arrow-right\"><\/i><\/span>\t\t\t<\/span>\n\t\t\t\t\t\t\t\t\t\t<span class=\"pp-icon-list-text\">\n\t\t\t\t\t\t\t\tDowiedz si\u0119 wi\u0119cej\t\t\t\t\t\t\t<\/span>\n\t\t\t\t\t\t\t\t\t\t\t\t\t\t\t<\/a>\n\t\t\t\t\t\t\t\t\t\t\t\t\t\t<\/li>\n\t\t\t\t\t\t\t\t\t\t\t\t\t<\/ul>\n\t\t<\/div>\n\t\t\t\t\t\t<\/div>\n\t\t\t\t<\/div>\n\t\t\t\t\t<\/div>\n\t\t<\/div>\n\t\t\t\t<div class=\"elementor-column elementor-col-50 elementor-inner-column elementor-element elementor-element-2d59cdc\" data-id=\"2d59cdc\" data-element_type=\"column\" data-e-type=\"column\" data-settings=\"{&quot;background_background&quot;:&quot;classic&quot;}\">\n\t\t\t<div class=\"elementor-widget-wrap elementor-element-populated\">\n\t\t\t\t\t<div class=\"elementor-background-overlay\"><\/div>\n\t\t\t\t\t\t<div class=\"elementor-element elementor-element-495f678 elementor-widget elementor-widget-pp-info-box\" data-id=\"495f678\" data-element_type=\"widget\" data-e-type=\"widget\" data-widget_type=\"pp-info-box.default\">\n\t\t\t\t<div class=\"elementor-widget-container\">\n\t\t\t\t\t\t\t<div class=\"pp-info-box-container\">\n\t\t\t<div class=\"pp-info-box\">\n\t\t\t\t\t\t\t\t<div class=\"pp-info-box-content\">\n\t\t\t\t\t<div class=\"pp-info-box-title-wrap\">\n\t\t\t\t\t\t\t\t\t\t\t\t\t<div class=\"pp-info-box-title-container\">\n\t\t\t\t\t\t\t\t<h4 class=\"pp-info-box-title\">\n\t\t\t\t\t\t\t\t\tMagazynowanie energii\t\t\t\t\t\t\t\t<\/h4>\n\t\t\t\t\t\t\t<\/div>\n\t\t\t\t\t\t\t\t\t\t\t\t<\/div>\n\n\t\t\t\t\t\n\t\t\t\t\t\t\t\t\t\t\t<div class=\"pp-info-box-description\">\n\t\t\t\t\t\t\t[Dysponujemy jednym z najlepszych w bran\u017cy zespo\u0142\u00f3w ekspert\u00f3w specjalizuj\u0105cych si\u0119 we wszystkich etapach przygotowania i realizacji projekt\u00f3w fotowoltaicznych i magazyn\u00f3w energii \u2013 od pozyskania lokalizacji poprzez projektowanie, zabezpieczenie przy\u0142\u0105czenia do sieci elektroenergetycznej, uzyskanie pozwole\u0144, zakup urz\u0105dze\u0144 i komponent\u00f3w a\u017c po pozyskiwanie finansowania, realizacj\u0119, eksploatacj\u0119 i utrzymanie oraz zarz\u0105dzanie aktywami. Rozleg\u0142a wiedza naszego zespo\u0142u w zakresie projektowania, marketingu i optymalizacji magazyn\u00f3w energii doskonale uzupe\u0142nia nasze do\u015bwiadczenie w dziedzinie fotowoltaiki. Dzi\u0119ki temu mo\u017cemy realizowa\u0107 innowacyjne projekty energetyczne, kt\u00f3re u\u0142atwiaj\u0105 wdra\u017canie sieci niskoemisyjnych.]  \t\t\t\t\t\t<\/div>\n\t\t\t\t\t\t\t\t\t\t\t\t\t\t<\/div>\n\t\t\t<\/div>\n\t\t<\/div>\n\t\t\t\t\t\t<\/div>\n\t\t\t\t<\/div>\n\t\t\t\t<div class=\"elementor-element elementor-element-d1b9b39 elementor-widget elementor-widget-spacer\" data-id=\"d1b9b39\" data-element_type=\"widget\" data-e-type=\"widget\" data-widget_type=\"spacer.default\">\n\t\t\t\t<div class=\"elementor-widget-container\">\n\t\t\t\t\t\t\t<div class=\"elementor-spacer\">\n\t\t\t<div class=\"elementor-spacer-inner\"><\/div>\n\t\t<\/div>\n\t\t\t\t\t\t<\/div>\n\t\t\t\t<\/div>\n\t\t\t\t<div class=\"elementor-element elementor-element-15362a1 pp-icon-right elementor-widget__width-auto pp-icon-list-traditional elementor-list-item-link-inline elementor-widget elementor-widget-pp-icon-list\" data-id=\"15362a1\" data-element_type=\"widget\" data-e-type=\"widget\" data-widget_type=\"pp-icon-list.default\">\n\t\t\t\t<div class=\"elementor-widget-container\">\n\t\t\t\t\t\t\t<div class=\"pp-list-container\">\n\t\t\t<ul class=\"pp-list-items\">\n\t\t\t\t\t\t\t\t\t\t\t\t\t\t\t\t\t\t\t\t\t<li class=\"pp-icon-list-item elementor-repeater-item-230ca39\">\n\t\t\t\t\t\t\t\t\t\t\t\t\t\t\t<a href=\"\/energy-storage\">\n\t\t\t\t\t\t\t\t\t\t\t<span class=\"pp-icon-wrapper\">\n\t\t\t\t\t\t\t\t\t\t<span class=\"pp-icon-list-icon pp-icon \">\n\t\t\t\t\t\t<i aria-hidden=\"true\" class=\"hm hm-arrow-right\"><\/i><\/span>\t\t\t<\/span>\n\t\t\t\t\t\t\t\t\t\t<span class=\"pp-icon-list-text\">\n\t\t\t\t\t\t\t\tDowiedz si\u0119 wi\u0119cej\t\t\t\t\t\t\t<\/span>\n\t\t\t\t\t\t\t\t\t\t\t\t\t\t\t<\/a>\n\t\t\t\t\t\t\t\t\t\t\t\t\t\t<\/li>\n\t\t\t\t\t\t\t\t\t\t\t\t\t<\/ul>\n\t\t<\/div>\n\t\t\t\t\t\t<\/div>\n\t\t\t\t<\/div>\n\t\t\t\t\t<\/div>\n\t\t<\/div>\n\t\t\t\t\t<\/div>\n\t\t<\/section>\n\t\t\t\t\t<\/div>\n\t\t<\/div>\n\t\t\t\t\t<\/div>\n\t\t<\/section>\n\t\t\t\t<\/div>\n\t\t","protected":false},"excerpt":{"rendered":"<p>Nasze technologie Recurrent Energy jest jednym z pionier\u00f3w transformacji energetycznej, jakiej jeste\u015bmy \u015bwiadkami od niedawna. Technologie energii odnawialnej znacznie dojrza\u0142y przez ostatnie lata \u2013 sta\u0142y si\u0119 znacznie bardziej wydajne oraz przyst\u0119pne cenowo. Jednocze\u015bnie za\u015b w sieciach energetycznych pojawia si\u0119 coraz wi\u0119cej nowych \u017ar\u00f3de\u0142 energii odnawialnej, a na rynkach energii trwa transformacja. Upowszechnianie si\u0119 energii odnawialnej&hellip;<a class=\"button moretag\" href=\"https:\/\/recurrentenergy.com\/pl\/technologie\/\">Read More<\/a><\/p>\n","protected":false},"author":20,"featured_media":19883,"parent":0,"menu_order":0,"comment_status":"closed","ping_status":"closed","template":"","meta":{"_acf_changed":false,"_lmt_disableupdate":"","_lmt_disable":"","_monsterinsights_skip_tracking":false,"_monsterinsights_sitenote_active":false,"_monsterinsights_sitenote_note":"","_monsterinsights_sitenote_category":0,"_uf_show_specific_survey":0,"_uf_disable_surveys":false,"footnotes":"","_links_to":"","_links_to_target":""},"class_list":["post-16415","page","type-page","status-publish","has-post-thumbnail","hentry"],"acf":[],"yoast_head":"<!-- This site is optimized with the Yoast SEO plugin v27.2 - https:\/\/yoast.com\/product\/yoast-seo-wordpress\/ -->\n<title>TECHNOLOGIE - Recurrent Energy<\/title>\n<meta name=\"description\" content=\"Renewable energy technologies have matured by rapidly increasing in efficiencies while dramatically decreasing in cost.\" \/>\n<meta name=\"robots\" content=\"index, follow, max-snippet:-1, max-image-preview:large, max-video-preview:-1\" \/>\n<link rel=\"canonical\" href=\"https:\/\/recurrentenergy.com\/technologies\/\" \/>\n<meta property=\"og:locale\" content=\"pl_PL\" \/>\n<meta property=\"og:type\" content=\"article\" \/>\n<meta property=\"og:title\" content=\"TECHNOLOGIE - Recurrent Energy\" \/>\n<meta property=\"og:description\" content=\"Renewable energy technologies have matured by rapidly increasing in efficiencies while dramatically decreasing in cost.\" \/>\n<meta property=\"og:url\" content=\"https:\/\/recurrentenergy.com\/technologies\/\" \/>\n<meta property=\"og:site_name\" content=\"Recurrent Energy\" \/>\n<meta property=\"article:modified_time\" content=\"2025-11-26T16:11:54+00:00\" \/>\n<meta property=\"og:image\" content=\"https:\/\/recurrentenergy.com\/wp-content\/uploads\/2025\/06\/Technologies.jpg\" \/>\n\t<meta property=\"og:image:width\" content=\"2048\" \/>\n\t<meta property=\"og:image:height\" content=\"1024\" \/>\n\t<meta property=\"og:image:type\" content=\"image\/jpeg\" \/>\n<meta name=\"twitter:card\" content=\"summary_large_image\" \/>\n<meta name=\"twitter:label1\" content=\"Szacowany czas czytania\" \/>\n\t<meta name=\"twitter:data1\" content=\"2 minuty\" \/>\n<script type=\"application\/ld+json\" class=\"yoast-schema-graph\">{\"@context\":\"https:\/\/schema.org\",\"@graph\":[{\"@type\":\"WebPage\",\"@id\":\"https:\/\/recurrentenergy.com\/technologies\/\",\"url\":\"https:\/\/recurrentenergy.com\/technologies\/\",\"name\":\"TECHNOLOGIE - Recurrent Energy\",\"isPartOf\":{\"@id\":\"https:\/\/recurrentenergy.com\/#website\"},\"primaryImageOfPage\":{\"@id\":\"https:\/\/recurrentenergy.com\/technologies\/#primaryimage\"},\"image\":{\"@id\":\"https:\/\/recurrentenergy.com\/technologies\/#primaryimage\"},\"thumbnailUrl\":\"https:\/\/recurrentenergy.com\/wp-content\/uploads\/2025\/06\/Technologies.jpg\",\"datePublished\":\"2021-02-01T20:41:58+00:00\",\"dateModified\":\"2025-11-26T16:11:54+00:00\",\"description\":\"Renewable energy technologies have matured by rapidly increasing in efficiencies while dramatically decreasing in cost.\",\"breadcrumb\":{\"@id\":\"https:\/\/recurrentenergy.com\/technologies\/#breadcrumb\"},\"inLanguage\":\"pl-PL\",\"potentialAction\":[{\"@type\":\"ReadAction\",\"target\":[\"https:\/\/recurrentenergy.com\/technologies\/\"]}]},{\"@type\":\"ImageObject\",\"inLanguage\":\"pl-PL\",\"@id\":\"https:\/\/recurrentenergy.com\/technologies\/#primaryimage\",\"url\":\"https:\/\/recurrentenergy.com\/wp-content\/uploads\/2025\/06\/Technologies.jpg\",\"contentUrl\":\"https:\/\/recurrentenergy.com\/wp-content\/uploads\/2025\/06\/Technologies.jpg\",\"width\":2048,\"height\":1024},{\"@type\":\"BreadcrumbList\",\"@id\":\"https:\/\/recurrentenergy.com\/technologies\/#breadcrumb\",\"itemListElement\":[{\"@type\":\"ListItem\",\"position\":1,\"name\":\"Home\",\"item\":\"https:\/\/recurrentenergy.com\/pl\/recurrent-energy\/\"},{\"@type\":\"ListItem\",\"position\":2,\"name\":\"TECHNOLOGIE\"}]},{\"@type\":\"WebSite\",\"@id\":\"https:\/\/recurrentenergy.com\/#website\",\"url\":\"https:\/\/recurrentenergy.com\/\",\"name\":\"Recurrent Energy\",\"description\":\"A subsidiary of Canadian Solar\",\"publisher\":{\"@id\":\"https:\/\/recurrentenergy.com\/#organization\"},\"potentialAction\":[{\"@type\":\"SearchAction\",\"target\":{\"@type\":\"EntryPoint\",\"urlTemplate\":\"https:\/\/recurrentenergy.com\/?s={search_term_string}\"},\"query-input\":{\"@type\":\"PropertyValueSpecification\",\"valueRequired\":true,\"valueName\":\"search_term_string\"}}],\"inLanguage\":\"pl-PL\"},{\"@type\":\"Organization\",\"@id\":\"https:\/\/recurrentenergy.com\/#organization\",\"name\":\"Recurrent Energy\",\"url\":\"https:\/\/recurrentenergy.com\/\",\"logo\":{\"@type\":\"ImageObject\",\"inLanguage\":\"pl-PL\",\"@id\":\"https:\/\/recurrentenergy.com\/#\/schema\/logo\/image\/\",\"url\":\"https:\/\/recurrentenergy.com\/wp-content\/uploads\/2021\/01\/Recurrent-Energy-logo.png\",\"contentUrl\":\"https:\/\/recurrentenergy.com\/wp-content\/uploads\/2021\/01\/Recurrent-Energy-logo.png\",\"width\":1201,\"height\":449,\"caption\":\"Recurrent Energy\"},\"image\":{\"@id\":\"https:\/\/recurrentenergy.com\/#\/schema\/logo\/image\/\"}}]}<\/script>\n<!-- \/ Yoast SEO plugin. -->","yoast_head_json":{"title":"TECHNOLOGIE - Recurrent Energy","description":"Renewable energy technologies have matured by rapidly increasing in efficiencies while dramatically decreasing in cost.","robots":{"index":"index","follow":"follow","max-snippet":"max-snippet:-1","max-image-preview":"max-image-preview:large","max-video-preview":"max-video-preview:-1"},"canonical":"https:\/\/recurrentenergy.com\/technologies\/","og_locale":"pl_PL","og_type":"article","og_title":"TECHNOLOGIE - Recurrent Energy","og_description":"Renewable energy technologies have matured by rapidly increasing in efficiencies while dramatically decreasing in cost.","og_url":"https:\/\/recurrentenergy.com\/technologies\/","og_site_name":"Recurrent Energy","article_modified_time":"2025-11-26T16:11:54+00:00","og_image":[{"width":2048,"height":1024,"url":"https:\/\/recurrentenergy.com\/wp-content\/uploads\/2025\/06\/Technologies.jpg","type":"image\/jpeg"}],"twitter_card":"summary_large_image","twitter_misc":{"Szacowany czas czytania":"2 minuty"},"schema":{"@context":"https:\/\/schema.org","@graph":[{"@type":"WebPage","@id":"https:\/\/recurrentenergy.com\/technologies\/","url":"https:\/\/recurrentenergy.com\/technologies\/","name":"TECHNOLOGIE - Recurrent Energy","isPartOf":{"@id":"https:\/\/recurrentenergy.com\/#website"},"primaryImageOfPage":{"@id":"https:\/\/recurrentenergy.com\/technologies\/#primaryimage"},"image":{"@id":"https:\/\/recurrentenergy.com\/technologies\/#primaryimage"},"thumbnailUrl":"https:\/\/recurrentenergy.com\/wp-content\/uploads\/2025\/06\/Technologies.jpg","datePublished":"2021-02-01T20:41:58+00:00","dateModified":"2025-11-26T16:11:54+00:00","description":"Renewable energy technologies have matured by rapidly increasing in efficiencies while dramatically decreasing in cost.","breadcrumb":{"@id":"https:\/\/recurrentenergy.com\/technologies\/#breadcrumb"},"inLanguage":"pl-PL","potentialAction":[{"@type":"ReadAction","target":["https:\/\/recurrentenergy.com\/technologies\/"]}]},{"@type":"ImageObject","inLanguage":"pl-PL","@id":"https:\/\/recurrentenergy.com\/technologies\/#primaryimage","url":"https:\/\/recurrentenergy.com\/wp-content\/uploads\/2025\/06\/Technologies.jpg","contentUrl":"https:\/\/recurrentenergy.com\/wp-content\/uploads\/2025\/06\/Technologies.jpg","width":2048,"height":1024},{"@type":"BreadcrumbList","@id":"https:\/\/recurrentenergy.com\/technologies\/#breadcrumb","itemListElement":[{"@type":"ListItem","position":1,"name":"Home","item":"https:\/\/recurrentenergy.com\/pl\/recurrent-energy\/"},{"@type":"ListItem","position":2,"name":"TECHNOLOGIE"}]},{"@type":"WebSite","@id":"https:\/\/recurrentenergy.com\/#website","url":"https:\/\/recurrentenergy.com\/","name":"Recurrent Energy","description":"A subsidiary of Canadian Solar","publisher":{"@id":"https:\/\/recurrentenergy.com\/#organization"},"potentialAction":[{"@type":"SearchAction","target":{"@type":"EntryPoint","urlTemplate":"https:\/\/recurrentenergy.com\/?s={search_term_string}"},"query-input":{"@type":"PropertyValueSpecification","valueRequired":true,"valueName":"search_term_string"}}],"inLanguage":"pl-PL"},{"@type":"Organization","@id":"https:\/\/recurrentenergy.com\/#organization","name":"Recurrent Energy","url":"https:\/\/recurrentenergy.com\/","logo":{"@type":"ImageObject","inLanguage":"pl-PL","@id":"https:\/\/recurrentenergy.com\/#\/schema\/logo\/image\/","url":"https:\/\/recurrentenergy.com\/wp-content\/uploads\/2021\/01\/Recurrent-Energy-logo.png","contentUrl":"https:\/\/recurrentenergy.com\/wp-content\/uploads\/2021\/01\/Recurrent-Energy-logo.png","width":1201,"height":449,"caption":"Recurrent Energy"},"image":{"@id":"https:\/\/recurrentenergy.com\/#\/schema\/logo\/image\/"}}]}},"_links":{"self":[{"href":"https:\/\/recurrentenergy.com\/pl\/wp-json\/wp\/v2\/pages\/16415","targetHints":{"allow":["GET"]}}],"collection":[{"href":"https:\/\/recurrentenergy.com\/pl\/wp-json\/wp\/v2\/pages"}],"about":[{"href":"https:\/\/recurrentenergy.com\/pl\/wp-json\/wp\/v2\/types\/page"}],"author":[{"embeddable":true,"href":"https:\/\/recurrentenergy.com\/pl\/wp-json\/wp\/v2\/users\/20"}],"replies":[{"embeddable":true,"href":"https:\/\/recurrentenergy.com\/pl\/wp-json\/wp\/v2\/comments?post=16415"}],"version-history":[{"count":0,"href":"https:\/\/recurrentenergy.com\/pl\/wp-json\/wp\/v2\/pages\/16415\/revisions"}],"wp:featuredmedia":[{"embeddable":true,"href":"https:\/\/recurrentenergy.com\/pl\/wp-json\/wp\/v2\/media\/19883"}],"wp:attachment":[{"href":"https:\/\/recurrentenergy.com\/pl\/wp-json\/wp\/v2\/media?parent=16415"}],"curies":[{"name":"wp","href":"https:\/\/api.w.org\/{rel}","templated":true}]}}