{"id":17937,"date":"2025-01-27T09:39:15","date_gmt":"2025-01-27T15:39:15","guid":{"rendered":"https:\/\/recurrentenergy.com\/documentacao-especifica-do-projeto\/"},"modified":"2025-04-10T15:33:36","modified_gmt":"2025-04-10T20:33:36","slug":"documentacao-especifica-do-projeto","status":"publish","type":"page","link":"https:\/\/recurrentenergy.com\/pt-br\/documentacao-especifica-do-projeto\/","title":{"rendered":"Documenta\u00e7\u00e3o espec\u00edfica do projeto"},"content":{"rendered":"\t\t<div data-elementor-type=\"wp-page\" data-elementor-id=\"17937\" class=\"elementor elementor-17937 elementor-17521\" data-elementor-settings=\"{&quot;ha_cmc_init_switcher&quot;:&quot;no&quot;}\" data-elementor-post-type=\"page\">\n\t\t\t\t\t\t<section class=\"elementor-section elementor-top-section elementor-element elementor-element-22de8cd elementor-section-boxed elementor-section-height-default elementor-section-height-default\" data-id=\"22de8cd\" data-element_type=\"section\" data-e-type=\"section\" data-settings=\"{&quot;background_background&quot;:&quot;classic&quot;}\">\n\t\t\t\t\t\t<div class=\"elementor-container elementor-column-gap-default\">\n\t\t\t\t\t<div class=\"elementor-column elementor-col-100 elementor-top-column elementor-element elementor-element-fb2d3c3\" data-id=\"fb2d3c3\" data-element_type=\"column\" data-e-type=\"column\">\n\t\t\t<div class=\"elementor-widget-wrap elementor-element-populated\">\n\t\t\t\t\t\t<div class=\"elementor-element elementor-element-90ff63a elementor-widget__width-initial elementor-widget-tablet__width-inherit elementor-widget elementor-widget-heading\" data-id=\"90ff63a\" data-element_type=\"widget\" data-e-type=\"widget\" data-widget_type=\"heading.default\">\n\t\t\t\t<div class=\"elementor-widget-container\">\n\t\t\t\t\t<h4 class=\"elementor-heading-title elementor-size-default\">LATAM<\/h4>\t\t\t\t<\/div>\n\t\t\t\t<\/div>\n\t\t\t\t<div class=\"elementor-element elementor-element-765ce6f elementor-grid-1 elementor-widget__width-initial elementor-widget-tablet__width-inherit elementor-grid-tablet-1 elementor-grid-mobile-1 elementor-widget elementor-widget-loop-grid\" data-id=\"765ce6f\" data-element_type=\"widget\" data-e-type=\"widget\" data-settings=\"{&quot;template_id&quot;:10961,&quot;columns&quot;:1,&quot;columns_tablet&quot;:1,&quot;row_gap&quot;:{&quot;unit&quot;:&quot;px&quot;,&quot;size&quot;:10,&quot;sizes&quot;:[]},&quot;_skin&quot;:&quot;post&quot;,&quot;columns_mobile&quot;:&quot;1&quot;,&quot;edit_handle_selector&quot;:&quot;[data-elementor-type=\\&quot;loop-item\\&quot;]&quot;,&quot;row_gap_tablet&quot;:{&quot;unit&quot;:&quot;px&quot;,&quot;size&quot;:&quot;&quot;,&quot;sizes&quot;:[]},&quot;row_gap_mobile&quot;:{&quot;unit&quot;:&quot;px&quot;,&quot;size&quot;:&quot;&quot;,&quot;sizes&quot;:[]}}\" data-widget_type=\"loop-grid.post\">\n\t\t\t\t<div class=\"elementor-widget-container\">\n\t\t\t\t\t\t\t<div class=\"elementor-loop-container elementor-grid\" role=\"list\">\n\t\t<style id=\"loop-10961\">.elementor-10961 .elementor-element.elementor-element-6fee946 a{color:var( --e-global-color-primary );}.elementor-10961 .elementor-element.elementor-element-6fee946 a:hover{color:var( --e-global-color-secondary );}.elementor-10961 .elementor-element.elementor-element-35e3c8c .elementor-icon-box-wrapper{align-items:center;text-align:justify;gap:15px;}.elementor-10961 .elementor-element.elementor-element-35e3c8c .elementor-icon-box-title{margin-block-end:0px;}.elementor-10961 .elementor-element.elementor-element-35e3c8c.elementor-view-stacked .elementor-icon{background-color:var( --e-global-color-secondary );fill:var( --e-global-color-1326483 );color:var( --e-global-color-1326483 );}.elementor-10961 .elementor-element.elementor-element-35e3c8c.elementor-view-framed .elementor-icon, .elementor-10961 .elementor-element.elementor-element-35e3c8c.elementor-view-default .elementor-icon{fill:var( --e-global-color-secondary );color:var( --e-global-color-secondary );border-color:var( --e-global-color-secondary );}.elementor-10961 .elementor-element.elementor-element-35e3c8c.elementor-view-framed .elementor-icon{background-color:var( --e-global-color-1326483 );}.elementor-10961 .elementor-element.elementor-element-35e3c8c.elementor-view-stacked:has(:hover) .elementor-icon,\n\t\t\t\t\t .elementor-10961 .elementor-element.elementor-element-35e3c8c.elementor-view-stacked:has(:focus) .elementor-icon{background-color:var( --e-global-color-primary );fill:var( --e-global-color-1326483 );color:var( --e-global-color-1326483 );}.elementor-10961 .elementor-element.elementor-element-35e3c8c.elementor-view-framed:has(:hover) .elementor-icon,\n\t\t\t\t\t .elementor-10961 .elementor-element.elementor-element-35e3c8c.elementor-view-default:has(:hover) .elementor-icon,\n\t\t\t\t\t .elementor-10961 .elementor-element.elementor-element-35e3c8c.elementor-view-framed:has(:focus) .elementor-icon,\n\t\t\t\t\t .elementor-10961 .elementor-element.elementor-element-35e3c8c.elementor-view-default:has(:focus) .elementor-icon{fill:var( --e-global-color-primary );color:var( --e-global-color-primary );border-color:var( --e-global-color-primary );}.elementor-10961 .elementor-element.elementor-element-35e3c8c.elementor-view-framed:has(:hover) .elementor-icon,\n\t\t\t\t\t .elementor-10961 .elementor-element.elementor-element-35e3c8c.elementor-view-framed:has(:focus) .elementor-icon{background-color:var( --e-global-color-1326483 );}.elementor-10961 .elementor-element.elementor-element-35e3c8c .elementor-icon{font-size:15px;padding:12px;}.elementor-10961 .elementor-element.elementor-element-35e3c8c .elementor-icon-box-title, .elementor-10961 .elementor-element.elementor-element-35e3c8c .elementor-icon-box-title a{font-family:\"Din Expanded\", Sans-serif;font-size:1.2em;}.elementor-10961 .elementor-element.elementor-element-35e3c8c > .elementor-widget-container{padding:15px 15px 15px 15px;background-color:var( --e-global-color-1326483 );border-radius:6px 6px 6px 6px;box-shadow:0px 0px 20px 0px rgba(0, 0, 0, 0.1);}@media(max-width:767px){.elementor-10961 .elementor-element.elementor-element-35e3c8c .elementor-icon-box-title{margin-block-end:0px;}.elementor-10961 .elementor-element.elementor-element-35e3c8c .elementor-icon{font-size:15px;padding:8px;}.elementor-10961 .elementor-element.elementor-element-35e3c8c .elementor-icon-box-title, .elementor-10961 .elementor-element.elementor-element-35e3c8c .elementor-icon-box-title a{line-height:1.7em;}.elementor-10961 .elementor-element.elementor-element-35e3c8c > .elementor-widget-container{padding:15px 15px 8px 15px;}}<\/style>\t\t<div data-elementor-type=\"loop-item\" data-elementor-id=\"10961\" class=\"elementor elementor-10961 e-loop-item e-loop-item-18238 post-18238 compliance type-compliance status-publish hentry region-latam\" data-elementor-settings=\"{&quot;ha_cmc_init_switcher&quot;:&quot;no&quot;}\" data-elementor-post-type=\"elementor_library\" data-custom-edit-handle=\"1\">\n\t\t\t\t\t<section class=\"elementor-section elementor-top-section elementor-element elementor-element-6fee946 elementor-section-boxed elementor-section-height-default elementor-section-height-default\" data-id=\"6fee946\" data-element_type=\"section\" data-e-type=\"section\">\n\t\t\t\t\t\t<div class=\"elementor-container elementor-column-gap-no\">\n\t\t\t\t\t<div class=\"elementor-column elementor-col-100 elementor-top-column elementor-element elementor-element-67e0344\" data-id=\"67e0344\" data-element_type=\"column\" data-e-type=\"column\">\n\t\t\t<div class=\"elementor-widget-wrap elementor-element-populated\">\n\t\t\t\t\t\t<div class=\"elementor-element elementor-element-35e3c8c elementor-view-stacked elementor-position-inline-end elementor-mobile-position-inline-end elementor-shape-circle elementor-widget elementor-widget-icon-box\" data-id=\"35e3c8c\" data-element_type=\"widget\" data-e-type=\"widget\" data-widget_type=\"icon-box.default\">\n\t\t\t\t<div class=\"elementor-widget-container\">\n\t\t\t\t\t\t\t<div class=\"elementor-icon-box-wrapper\">\n\n\t\t\t\t\t\t<div class=\"elementor-icon-box-icon\">\n\t\t\t\t<a href=\"https:\/\/recurrentenergy.com\/pt-br\/compliance\/colombia\/\" class=\"elementor-icon\" tabindex=\"-1\" aria-label=\"Colombia\">\n\t\t\t\t<i aria-hidden=\"true\" class=\"fas fa-chevron-right\"><\/i>\t\t\t\t<\/a>\n\t\t\t<\/div>\n\t\t\t\n\t\t\t\t\t\t<div class=\"elementor-icon-box-content\">\n\n\t\t\t\t\t\t\t\t\t<div class=\"elementor-icon-box-title\">\n\t\t\t\t\t\t<a href=\"https:\/\/recurrentenergy.com\/pt-br\/compliance\/colombia\/\" >\n\t\t\t\t\t\t\tColombia\t\t\t\t\t\t<\/a>\n\t\t\t\t\t<\/div>\n\t\t\t\t\n\t\t\t\t\n\t\t\t<\/div>\n\t\t\t\n\t\t<\/div>\n\t\t\t\t\t\t<\/div>\n\t\t\t\t<\/div>\n\t\t\t\t\t<\/div>\n\t\t<\/div>\n\t\t\t\t\t<\/div>\n\t\t<\/section>\n\t\t\t\t<\/div>\n\t\t\t\t<div data-elementor-type=\"loop-item\" data-elementor-id=\"10961\" class=\"elementor elementor-10961 e-loop-item e-loop-item-18233 post-18233 compliance type-compliance status-publish hentry region-latam\" data-elementor-settings=\"{&quot;ha_cmc_init_switcher&quot;:&quot;no&quot;}\" data-elementor-post-type=\"elementor_library\" data-custom-edit-handle=\"1\">\n\t\t\t\t\t<section class=\"elementor-section elementor-top-section elementor-element elementor-element-6fee946 elementor-section-boxed elementor-section-height-default elementor-section-height-default\" data-id=\"6fee946\" data-element_type=\"section\" data-e-type=\"section\">\n\t\t\t\t\t\t<div class=\"elementor-container elementor-column-gap-no\">\n\t\t\t\t\t<div class=\"elementor-column elementor-col-100 elementor-top-column elementor-element elementor-element-67e0344\" data-id=\"67e0344\" data-element_type=\"column\" data-e-type=\"column\">\n\t\t\t<div class=\"elementor-widget-wrap elementor-element-populated\">\n\t\t\t\t\t\t<div class=\"elementor-element elementor-element-35e3c8c elementor-view-stacked elementor-position-inline-end elementor-mobile-position-inline-end elementor-shape-circle elementor-widget elementor-widget-icon-box\" data-id=\"35e3c8c\" data-element_type=\"widget\" data-e-type=\"widget\" data-widget_type=\"icon-box.default\">\n\t\t\t\t<div class=\"elementor-widget-container\">\n\t\t\t\t\t\t\t<div class=\"elementor-icon-box-wrapper\">\n\n\t\t\t\t\t\t<div class=\"elementor-icon-box-icon\">\n\t\t\t\t<a href=\"https:\/\/recurrentenergy.com\/pt-br\/compliance\/brazil\/\" class=\"elementor-icon\" tabindex=\"-1\" aria-label=\"Brazil\">\n\t\t\t\t<i aria-hidden=\"true\" class=\"fas fa-chevron-right\"><\/i>\t\t\t\t<\/a>\n\t\t\t<\/div>\n\t\t\t\n\t\t\t\t\t\t<div class=\"elementor-icon-box-content\">\n\n\t\t\t\t\t\t\t\t\t<div class=\"elementor-icon-box-title\">\n\t\t\t\t\t\t<a href=\"https:\/\/recurrentenergy.com\/pt-br\/compliance\/brazil\/\" >\n\t\t\t\t\t\t\tBrazil\t\t\t\t\t\t<\/a>\n\t\t\t\t\t<\/div>\n\t\t\t\t\n\t\t\t\t\n\t\t\t<\/div>\n\t\t\t\n\t\t<\/div>\n\t\t\t\t\t\t<\/div>\n\t\t\t\t<\/div>\n\t\t\t\t\t<\/div>\n\t\t<\/div>\n\t\t\t\t\t<\/div>\n\t\t<\/section>\n\t\t\t\t<\/div>\n\t\t\t\t<\/div>\n\t\t\n\t\t\t\t\t\t<\/div>\n\t\t\t\t<\/div>\n\t\t\t\t<div class=\"elementor-element elementor-element-41a6d99 elementor-widget-divider--view-line elementor-widget elementor-widget-divider\" data-id=\"41a6d99\" data-element_type=\"widget\" data-e-type=\"widget\" data-widget_type=\"divider.default\">\n\t\t\t\t<div class=\"elementor-widget-container\">\n\t\t\t\t\t\t\t<div class=\"elementor-divider\">\n\t\t\t<span class=\"elementor-divider-separator\">\n\t\t\t\t\t\t<\/span>\n\t\t<\/div>\n\t\t\t\t\t\t<\/div>\n\t\t\t\t<\/div>\n\t\t\t\t<div class=\"elementor-element elementor-element-4a577aa elementor-widget__width-initial elementor-widget-tablet__width-inherit elementor-widget elementor-widget-heading\" data-id=\"4a577aa\" data-element_type=\"widget\" data-e-type=\"widget\" data-widget_type=\"heading.default\">\n\t\t\t\t<div class=\"elementor-widget-container\">\n\t\t\t\t\t<h4 class=\"elementor-heading-title elementor-size-default\">EMEA<\/h4>\t\t\t\t<\/div>\n\t\t\t\t<\/div>\n\t\t\t\t<div class=\"elementor-element elementor-element-d874386 elementor-grid-1 elementor-widget__width-initial elementor-widget-tablet__width-inherit elementor-grid-tablet-1 elementor-grid-mobile-1 elementor-widget elementor-widget-loop-grid\" data-id=\"d874386\" data-element_type=\"widget\" data-e-type=\"widget\" data-settings=\"{&quot;template_id&quot;:10961,&quot;columns&quot;:1,&quot;columns_tablet&quot;:1,&quot;row_gap&quot;:{&quot;unit&quot;:&quot;px&quot;,&quot;size&quot;:10,&quot;sizes&quot;:[]},&quot;_skin&quot;:&quot;post&quot;,&quot;columns_mobile&quot;:&quot;1&quot;,&quot;edit_handle_selector&quot;:&quot;[data-elementor-type=\\&quot;loop-item\\&quot;]&quot;,&quot;row_gap_tablet&quot;:{&quot;unit&quot;:&quot;px&quot;,&quot;size&quot;:&quot;&quot;,&quot;sizes&quot;:[]},&quot;row_gap_mobile&quot;:{&quot;unit&quot;:&quot;px&quot;,&quot;size&quot;:&quot;&quot;,&quot;sizes&quot;:[]}}\" data-widget_type=\"loop-grid.post\">\n\t\t\t\t<div class=\"elementor-widget-container\">\n\t\t\t\t\t\t\t<div class=\"elementor-loop-container elementor-grid\" role=\"list\">\n\t\t\t\t<div data-elementor-type=\"loop-item\" data-elementor-id=\"10961\" class=\"elementor elementor-10961 e-loop-item e-loop-item-18237 post-18237 compliance type-compliance status-publish hentry region-emea\" data-elementor-settings=\"{&quot;ha_cmc_init_switcher&quot;:&quot;no&quot;}\" data-elementor-post-type=\"elementor_library\" data-custom-edit-handle=\"1\">\n\t\t\t\t\t<section class=\"elementor-section elementor-top-section elementor-element elementor-element-6fee946 elementor-section-boxed elementor-section-height-default elementor-section-height-default\" data-id=\"6fee946\" data-element_type=\"section\" data-e-type=\"section\">\n\t\t\t\t\t\t<div class=\"elementor-container elementor-column-gap-no\">\n\t\t\t\t\t<div class=\"elementor-column elementor-col-100 elementor-top-column elementor-element elementor-element-67e0344\" data-id=\"67e0344\" data-element_type=\"column\" data-e-type=\"column\">\n\t\t\t<div class=\"elementor-widget-wrap elementor-element-populated\">\n\t\t\t\t\t\t<div class=\"elementor-element elementor-element-35e3c8c elementor-view-stacked elementor-position-inline-end elementor-mobile-position-inline-end elementor-shape-circle elementor-widget elementor-widget-icon-box\" data-id=\"35e3c8c\" data-element_type=\"widget\" data-e-type=\"widget\" data-widget_type=\"icon-box.default\">\n\t\t\t\t<div class=\"elementor-widget-container\">\n\t\t\t\t\t\t\t<div class=\"elementor-icon-box-wrapper\">\n\n\t\t\t\t\t\t<div class=\"elementor-icon-box-icon\">\n\t\t\t\t<a href=\"https:\/\/recurrentenergy.com\/pt-br\/compliance\/united-kingdom\/\" class=\"elementor-icon\" tabindex=\"-1\" aria-label=\"United Kingdom\">\n\t\t\t\t<i aria-hidden=\"true\" class=\"fas fa-chevron-right\"><\/i>\t\t\t\t<\/a>\n\t\t\t<\/div>\n\t\t\t\n\t\t\t\t\t\t<div class=\"elementor-icon-box-content\">\n\n\t\t\t\t\t\t\t\t\t<div class=\"elementor-icon-box-title\">\n\t\t\t\t\t\t<a href=\"https:\/\/recurrentenergy.com\/pt-br\/compliance\/united-kingdom\/\" >\n\t\t\t\t\t\t\tUnited Kingdom\t\t\t\t\t\t<\/a>\n\t\t\t\t\t<\/div>\n\t\t\t\t\n\t\t\t\t\n\t\t\t<\/div>\n\t\t\t\n\t\t<\/div>\n\t\t\t\t\t\t<\/div>\n\t\t\t\t<\/div>\n\t\t\t\t\t<\/div>\n\t\t<\/div>\n\t\t\t\t\t<\/div>\n\t\t<\/section>\n\t\t\t\t<\/div>\n\t\t\t\t<div data-elementor-type=\"loop-item\" data-elementor-id=\"10961\" class=\"elementor elementor-10961 e-loop-item e-loop-item-18232 post-18232 compliance type-compliance status-publish hentry region-emea\" data-elementor-settings=\"{&quot;ha_cmc_init_switcher&quot;:&quot;no&quot;}\" data-elementor-post-type=\"elementor_library\" data-custom-edit-handle=\"1\">\n\t\t\t\t\t<section class=\"elementor-section elementor-top-section elementor-element elementor-element-6fee946 elementor-section-boxed elementor-section-height-default elementor-section-height-default\" data-id=\"6fee946\" data-element_type=\"section\" data-e-type=\"section\">\n\t\t\t\t\t\t<div class=\"elementor-container elementor-column-gap-no\">\n\t\t\t\t\t<div class=\"elementor-column elementor-col-100 elementor-top-column elementor-element elementor-element-67e0344\" data-id=\"67e0344\" data-element_type=\"column\" data-e-type=\"column\">\n\t\t\t<div class=\"elementor-widget-wrap elementor-element-populated\">\n\t\t\t\t\t\t<div class=\"elementor-element elementor-element-35e3c8c elementor-view-stacked elementor-position-inline-end elementor-mobile-position-inline-end elementor-shape-circle elementor-widget elementor-widget-icon-box\" data-id=\"35e3c8c\" data-element_type=\"widget\" data-e-type=\"widget\" data-widget_type=\"icon-box.default\">\n\t\t\t\t<div class=\"elementor-widget-container\">\n\t\t\t\t\t\t\t<div class=\"elementor-icon-box-wrapper\">\n\n\t\t\t\t\t\t<div class=\"elementor-icon-box-icon\">\n\t\t\t\t<a href=\"https:\/\/recurrentenergy.com\/pt-br\/compliance\/spain\/\" class=\"elementor-icon\" tabindex=\"-1\" aria-label=\"Spain\">\n\t\t\t\t<i aria-hidden=\"true\" class=\"fas fa-chevron-right\"><\/i>\t\t\t\t<\/a>\n\t\t\t<\/div>\n\t\t\t\n\t\t\t\t\t\t<div class=\"elementor-icon-box-content\">\n\n\t\t\t\t\t\t\t\t\t<div class=\"elementor-icon-box-title\">\n\t\t\t\t\t\t<a href=\"https:\/\/recurrentenergy.com\/pt-br\/compliance\/spain\/\" >\n\t\t\t\t\t\t\tSpain\t\t\t\t\t\t<\/a>\n\t\t\t\t\t<\/div>\n\t\t\t\t\n\t\t\t\t\n\t\t\t<\/div>\n\t\t\t\n\t\t<\/div>\n\t\t\t\t\t\t<\/div>\n\t\t\t\t<\/div>\n\t\t\t\t\t<\/div>\n\t\t<\/div>\n\t\t\t\t\t<\/div>\n\t\t<\/section>\n\t\t\t\t<\/div>\n\t\t\t\t<\/div>\n\t\t\n\t\t\t\t\t\t<\/div>\n\t\t\t\t<\/div>\n\t\t\t\t\t<\/div>\n\t\t<\/div>\n\t\t\t\t\t<\/div>\n\t\t<\/section>\n\t\t\t\t<\/div>\n\t\t","protected":false},"excerpt":{"rendered":"<p>LATAM EMEA<\/p>\n","protected":false},"author":20,"featured_media":20110,"parent":0,"menu_order":0,"comment_status":"closed","ping_status":"closed","template":"","meta":{"_acf_changed":false,"_lmt_disableupdate":"","_lmt_disable":"","_monsterinsights_skip_tracking":false,"_monsterinsights_sitenote_active":false,"_monsterinsights_sitenote_note":"","_monsterinsights_sitenote_category":0,"_uf_show_specific_survey":0,"_uf_disable_surveys":false,"footnotes":"","_links_to":"","_links_to_target":""},"class_list":["post-17937","page","type-page","status-publish","has-post-thumbnail","hentry"],"acf":[],"yoast_head":"<!-- This site is optimized with the Yoast SEO plugin v27.2 - https:\/\/yoast.com\/product\/yoast-seo-wordpress\/ -->\n<title>Documenta\u00e7\u00e3o espec\u00edfica do projeto - Recurrent Energy<\/title>\n<meta name=\"robots\" content=\"index, follow, max-snippet:-1, max-image-preview:large, max-video-preview:-1\" \/>\n<link rel=\"canonical\" href=\"https:\/\/recurrentenergy.com\/pt-br\/documentacao-especifica-do-projeto\/\" \/>\n<meta property=\"og:locale\" content=\"pt_BR\" \/>\n<meta property=\"og:type\" content=\"article\" \/>\n<meta property=\"og:title\" content=\"Documenta\u00e7\u00e3o espec\u00edfica do projeto - Recurrent Energy\" \/>\n<meta property=\"og:description\" content=\"LATAM EMEA\" \/>\n<meta property=\"og:url\" content=\"https:\/\/recurrentenergy.com\/pt-br\/documentacao-especifica-do-projeto\/\" \/>\n<meta property=\"og:site_name\" content=\"Recurrent Energy\" \/>\n<meta property=\"article:modified_time\" content=\"2025-04-10T20:33:36+00:00\" \/>\n<meta property=\"og:image\" content=\"https:\/\/recurrentenergy.com\/wp-content\/uploads\/2025\/07\/Our-Team-1-1024x512.png\" \/>\n\t<meta property=\"og:image:width\" content=\"1024\" \/>\n\t<meta property=\"og:image:height\" content=\"512\" \/>\n\t<meta property=\"og:image:type\" content=\"image\/png\" \/>\n<meta name=\"twitter:card\" content=\"summary_large_image\" \/>\n<script type=\"application\/ld+json\" class=\"yoast-schema-graph\">{\"@context\":\"https:\/\/schema.org\",\"@graph\":[{\"@type\":\"WebPage\",\"@id\":\"https:\/\/recurrentenergy.com\/pt-br\/documentacao-especifica-do-projeto\/\",\"url\":\"https:\/\/recurrentenergy.com\/pt-br\/documentacao-especifica-do-projeto\/\",\"name\":\"Documenta\u00e7\u00e3o espec\u00edfica do projeto - Recurrent Energy\",\"isPartOf\":{\"@id\":\"https:\/\/recurrentenergy.com\/#website\"},\"primaryImageOfPage\":{\"@id\":\"https:\/\/recurrentenergy.com\/pt-br\/documentacao-especifica-do-projeto\/#primaryimage\"},\"image\":{\"@id\":\"https:\/\/recurrentenergy.com\/pt-br\/documentacao-especifica-do-projeto\/#primaryimage\"},\"thumbnailUrl\":\"https:\/\/recurrentenergy.com\/wp-content\/uploads\/2025\/07\/Our-Team-1-scaled.png\",\"datePublished\":\"2025-01-27T15:39:15+00:00\",\"dateModified\":\"2025-04-10T20:33:36+00:00\",\"breadcrumb\":{\"@id\":\"https:\/\/recurrentenergy.com\/pt-br\/documentacao-especifica-do-projeto\/#breadcrumb\"},\"inLanguage\":\"pt-BR\",\"potentialAction\":[{\"@type\":\"ReadAction\",\"target\":[\"https:\/\/recurrentenergy.com\/pt-br\/documentacao-especifica-do-projeto\/\"]}]},{\"@type\":\"ImageObject\",\"inLanguage\":\"pt-BR\",\"@id\":\"https:\/\/recurrentenergy.com\/pt-br\/documentacao-especifica-do-projeto\/#primaryimage\",\"url\":\"https:\/\/recurrentenergy.com\/wp-content\/uploads\/2025\/07\/Our-Team-1-scaled.png\",\"contentUrl\":\"https:\/\/recurrentenergy.com\/wp-content\/uploads\/2025\/07\/Our-Team-1-scaled.png\",\"width\":2560,\"height\":1280},{\"@type\":\"BreadcrumbList\",\"@id\":\"https:\/\/recurrentenergy.com\/pt-br\/documentacao-especifica-do-projeto\/#breadcrumb\",\"itemListElement\":[{\"@type\":\"ListItem\",\"position\":1,\"name\":\"Home\",\"item\":\"https:\/\/recurrentenergy.com\/pt-br\/recurrent-energy\/\"},{\"@type\":\"ListItem\",\"position\":2,\"name\":\"Documenta\u00e7\u00e3o espec\u00edfica do projeto\"}]},{\"@type\":\"WebSite\",\"@id\":\"https:\/\/recurrentenergy.com\/#website\",\"url\":\"https:\/\/recurrentenergy.com\/\",\"name\":\"Recurrent Energy\",\"description\":\"A subsidiary of Canadian Solar\",\"publisher\":{\"@id\":\"https:\/\/recurrentenergy.com\/#organization\"},\"potentialAction\":[{\"@type\":\"SearchAction\",\"target\":{\"@type\":\"EntryPoint\",\"urlTemplate\":\"https:\/\/recurrentenergy.com\/?s={search_term_string}\"},\"query-input\":{\"@type\":\"PropertyValueSpecification\",\"valueRequired\":true,\"valueName\":\"search_term_string\"}}],\"inLanguage\":\"pt-BR\"},{\"@type\":\"Organization\",\"@id\":\"https:\/\/recurrentenergy.com\/#organization\",\"name\":\"Recurrent Energy\",\"url\":\"https:\/\/recurrentenergy.com\/\",\"logo\":{\"@type\":\"ImageObject\",\"inLanguage\":\"pt-BR\",\"@id\":\"https:\/\/recurrentenergy.com\/#\/schema\/logo\/image\/\",\"url\":\"https:\/\/recurrentenergy.com\/wp-content\/uploads\/2021\/01\/Recurrent-Energy-logo.png\",\"contentUrl\":\"https:\/\/recurrentenergy.com\/wp-content\/uploads\/2021\/01\/Recurrent-Energy-logo.png\",\"width\":1201,\"height\":449,\"caption\":\"Recurrent Energy\"},\"image\":{\"@id\":\"https:\/\/recurrentenergy.com\/#\/schema\/logo\/image\/\"}}]}<\/script>\n<!-- \/ Yoast SEO plugin. -->","yoast_head_json":{"title":"Documenta\u00e7\u00e3o espec\u00edfica do projeto - Recurrent Energy","robots":{"index":"index","follow":"follow","max-snippet":"max-snippet:-1","max-image-preview":"max-image-preview:large","max-video-preview":"max-video-preview:-1"},"canonical":"https:\/\/recurrentenergy.com\/pt-br\/documentacao-especifica-do-projeto\/","og_locale":"pt_BR","og_type":"article","og_title":"Documenta\u00e7\u00e3o espec\u00edfica do projeto - Recurrent Energy","og_description":"LATAM EMEA","og_url":"https:\/\/recurrentenergy.com\/pt-br\/documentacao-especifica-do-projeto\/","og_site_name":"Recurrent Energy","article_modified_time":"2025-04-10T20:33:36+00:00","og_image":[{"width":1024,"height":512,"url":"https:\/\/recurrentenergy.com\/wp-content\/uploads\/2025\/07\/Our-Team-1-1024x512.png","type":"image\/png"}],"twitter_card":"summary_large_image","schema":{"@context":"https:\/\/schema.org","@graph":[{"@type":"WebPage","@id":"https:\/\/recurrentenergy.com\/pt-br\/documentacao-especifica-do-projeto\/","url":"https:\/\/recurrentenergy.com\/pt-br\/documentacao-especifica-do-projeto\/","name":"Documenta\u00e7\u00e3o espec\u00edfica do projeto - Recurrent Energy","isPartOf":{"@id":"https:\/\/recurrentenergy.com\/#website"},"primaryImageOfPage":{"@id":"https:\/\/recurrentenergy.com\/pt-br\/documentacao-especifica-do-projeto\/#primaryimage"},"image":{"@id":"https:\/\/recurrentenergy.com\/pt-br\/documentacao-especifica-do-projeto\/#primaryimage"},"thumbnailUrl":"https:\/\/recurrentenergy.com\/wp-content\/uploads\/2025\/07\/Our-Team-1-scaled.png","datePublished":"2025-01-27T15:39:15+00:00","dateModified":"2025-04-10T20:33:36+00:00","breadcrumb":{"@id":"https:\/\/recurrentenergy.com\/pt-br\/documentacao-especifica-do-projeto\/#breadcrumb"},"inLanguage":"pt-BR","potentialAction":[{"@type":"ReadAction","target":["https:\/\/recurrentenergy.com\/pt-br\/documentacao-especifica-do-projeto\/"]}]},{"@type":"ImageObject","inLanguage":"pt-BR","@id":"https:\/\/recurrentenergy.com\/pt-br\/documentacao-especifica-do-projeto\/#primaryimage","url":"https:\/\/recurrentenergy.com\/wp-content\/uploads\/2025\/07\/Our-Team-1-scaled.png","contentUrl":"https:\/\/recurrentenergy.com\/wp-content\/uploads\/2025\/07\/Our-Team-1-scaled.png","width":2560,"height":1280},{"@type":"BreadcrumbList","@id":"https:\/\/recurrentenergy.com\/pt-br\/documentacao-especifica-do-projeto\/#breadcrumb","itemListElement":[{"@type":"ListItem","position":1,"name":"Home","item":"https:\/\/recurrentenergy.com\/pt-br\/recurrent-energy\/"},{"@type":"ListItem","position":2,"name":"Documenta\u00e7\u00e3o espec\u00edfica do projeto"}]},{"@type":"WebSite","@id":"https:\/\/recurrentenergy.com\/#website","url":"https:\/\/recurrentenergy.com\/","name":"Recurrent Energy","description":"A subsidiary of Canadian Solar","publisher":{"@id":"https:\/\/recurrentenergy.com\/#organization"},"potentialAction":[{"@type":"SearchAction","target":{"@type":"EntryPoint","urlTemplate":"https:\/\/recurrentenergy.com\/?s={search_term_string}"},"query-input":{"@type":"PropertyValueSpecification","valueRequired":true,"valueName":"search_term_string"}}],"inLanguage":"pt-BR"},{"@type":"Organization","@id":"https:\/\/recurrentenergy.com\/#organization","name":"Recurrent Energy","url":"https:\/\/recurrentenergy.com\/","logo":{"@type":"ImageObject","inLanguage":"pt-BR","@id":"https:\/\/recurrentenergy.com\/#\/schema\/logo\/image\/","url":"https:\/\/recurrentenergy.com\/wp-content\/uploads\/2021\/01\/Recurrent-Energy-logo.png","contentUrl":"https:\/\/recurrentenergy.com\/wp-content\/uploads\/2021\/01\/Recurrent-Energy-logo.png","width":1201,"height":449,"caption":"Recurrent Energy"},"image":{"@id":"https:\/\/recurrentenergy.com\/#\/schema\/logo\/image\/"}}]}},"_links":{"self":[{"href":"https:\/\/recurrentenergy.com\/pt-br\/wp-json\/wp\/v2\/pages\/17937","targetHints":{"allow":["GET"]}}],"collection":[{"href":"https:\/\/recurrentenergy.com\/pt-br\/wp-json\/wp\/v2\/pages"}],"about":[{"href":"https:\/\/recurrentenergy.com\/pt-br\/wp-json\/wp\/v2\/types\/page"}],"author":[{"embeddable":true,"href":"https:\/\/recurrentenergy.com\/pt-br\/wp-json\/wp\/v2\/users\/20"}],"replies":[{"embeddable":true,"href":"https:\/\/recurrentenergy.com\/pt-br\/wp-json\/wp\/v2\/comments?post=17937"}],"version-history":[{"count":0,"href":"https:\/\/recurrentenergy.com\/pt-br\/wp-json\/wp\/v2\/pages\/17937\/revisions"}],"wp:featuredmedia":[{"embeddable":true,"href":"https:\/\/recurrentenergy.com\/pt-br\/wp-json\/wp\/v2\/media\/20110"}],"wp:attachment":[{"href":"https:\/\/recurrentenergy.com\/pt-br\/wp-json\/wp\/v2\/media?parent=17937"}],"curies":[{"name":"wp","href":"https:\/\/api.w.org\/{rel}","templated":true}]}}