{"id":17939,"date":"2021-02-01T14:41:58","date_gmt":"2021-02-01T20:41:58","guid":{"rendered":"https:\/\/recurrentenergy.com\/tecnologias\/"},"modified":"2025-11-07T09:40:39","modified_gmt":"2025-11-07T15:40:39","slug":"tecnologias","status":"publish","type":"page","link":"https:\/\/recurrentenergy.com\/pt-br\/tecnologias\/","title":{"rendered":"Tecnologias"},"content":{"rendered":"\t\t<div data-elementor-type=\"wp-page\" data-elementor-id=\"17939\" class=\"elementor elementor-17939 elementor-5711\" data-elementor-settings=\"{&quot;ha_cmc_init_switcher&quot;:&quot;no&quot;}\" data-elementor-post-type=\"page\">\n\t\t\t\t\t\t<section class=\"elementor-section elementor-top-section elementor-element elementor-element-6fb8d24 elementor-section-boxed elementor-section-height-default elementor-section-height-default\" data-id=\"6fb8d24\" data-element_type=\"section\" data-e-type=\"section\">\n\t\t\t\t\t\t<div class=\"elementor-container elementor-column-gap-default\">\n\t\t\t\t\t<div class=\"elementor-column elementor-col-100 elementor-top-column elementor-element elementor-element-3989a5a\" data-id=\"3989a5a\" data-element_type=\"column\" data-e-type=\"column\">\n\t\t\t<div class=\"elementor-widget-wrap elementor-element-populated\">\n\t\t\t\t\t\t<div class=\"elementor-element elementor-element-aad3fa0 elementor-widget__width-inherit elementor-widget elementor-widget-heading\" data-id=\"aad3fa0\" data-element_type=\"widget\" data-e-type=\"widget\" data-widget_type=\"heading.default\">\n\t\t\t\t<div class=\"elementor-widget-container\">\n\t\t\t\t\t<h1 class=\"elementor-heading-title elementor-size-default\">Energia Solar e Armazenamento<\/h1>\t\t\t\t<\/div>\n\t\t\t\t<\/div>\n\t\t\t\t\t<\/div>\n\t\t<\/div>\n\t\t\t\t\t<\/div>\n\t\t<\/section>\n\t\t\t\t<section class=\"elementor-section elementor-top-section elementor-element elementor-element-5789030 elementor-section-height-min-height elementor-section-content-bottom elementor-section-full_width elementor-section-height-default elementor-section-items-middle\" data-id=\"5789030\" data-element_type=\"section\" data-e-type=\"section\" data-settings=\"{&quot;background_background&quot;:&quot;classic&quot;,&quot;background_motion_fx_motion_fx_scrolling&quot;:&quot;yes&quot;,&quot;background_motion_fx_translateY_effect&quot;:&quot;yes&quot;,&quot;background_motion_fx_translateY_speed&quot;:{&quot;unit&quot;:&quot;px&quot;,&quot;size&quot;:4,&quot;sizes&quot;:[]},&quot;background_motion_fx_translateY_affectedRange&quot;:{&quot;unit&quot;:&quot;%&quot;,&quot;size&quot;:&quot;&quot;,&quot;sizes&quot;:{&quot;start&quot;:0,&quot;end&quot;:100}},&quot;background_motion_fx_devices&quot;:[&quot;desktop&quot;,&quot;tablet&quot;,&quot;mobile&quot;]}\">\n\t\t\t\t\t\t<div class=\"elementor-container elementor-column-gap-default\">\n\t\t\t\t\t<div class=\"elementor-column elementor-col-100 elementor-top-column elementor-element elementor-element-3c3a2cd\" data-id=\"3c3a2cd\" data-element_type=\"column\" data-e-type=\"column\" data-settings=\"{&quot;background_background&quot;:&quot;classic&quot;}\">\n\t\t\t<div class=\"elementor-widget-wrap elementor-element-populated\">\n\t\t\t\t\t\t<section class=\"elementor-section elementor-inner-section elementor-element elementor-element-c4ed430 elementor-section-full_width elementor-section-height-default elementor-section-height-default\" data-id=\"c4ed430\" data-element_type=\"section\" data-e-type=\"section\">\n\t\t\t\t\t\t<div class=\"elementor-container elementor-column-gap-default\">\n\t\t\t\t\t<div class=\"elementor-column elementor-col-50 elementor-inner-column elementor-element elementor-element-9423ef7\" data-id=\"9423ef7\" data-element_type=\"column\" data-e-type=\"column\">\n\t\t\t<div class=\"elementor-widget-wrap elementor-element-populated\">\n\t\t\t\t\t\t<div class=\"elementor-element elementor-element-532d971 elementor-widget elementor-widget-heading\" data-id=\"532d971\" data-element_type=\"widget\" data-e-type=\"widget\" data-widget_type=\"heading.default\">\n\t\t\t\t<div class=\"elementor-widget-container\">\n\t\t\t\t\t<h2 class=\"elementor-heading-title elementor-size-default\">A Recurrent Energy est\u00e1 na vanguarda da transi\u00e7\u00e3o energ\u00e9tica atual.<\/h2>\t\t\t\t<\/div>\n\t\t\t\t<\/div>\n\t\t\t\t<div class=\"elementor-element elementor-element-758d648 elementor-widget elementor-widget-text-editor\" data-id=\"758d648\" data-element_type=\"widget\" data-e-type=\"widget\" data-widget_type=\"text-editor.default\">\n\t\t\t\t<div class=\"elementor-widget-container\">\n\t\t\t\t\t\t\t\t\t<p>As tecnologias de energia renov\u00e1vel amadureceram rapidamente, aumentando sua efici\u00eancia enquanto os custos ca\u00edram drasticamente. Ao mesmo tempo, os mercados de eletricidade entraram em um processo de transi\u00e7\u00e3o \u00e0 medida que mais e mais geradores de energia renov\u00e1vel s\u00e3o adicionados \u00e0 rede. \u00c0 medida que a ado\u00e7\u00e3o de energia renov\u00e1vel acelera e os custos das tecnologias de armazenamento continuam a cair, os compradores de energia est\u00e3o cada vez mais aproveitando os muitos benef\u00edcios da energia solar combinada com armazenamento de energia.   <\/p><p>Ao combinar o recurso infinito do sol com solu\u00e7\u00f5es avan\u00e7adas de armazenamento, podemos atender \u00e0s necessidades espec\u00edficas de eletricidade de nossos clientes em todo o mundo. Al\u00e9m disso, como n\u00e3o h\u00e1 custos vari\u00e1veis de combust\u00edvel ou opera\u00e7\u00e3o associados \u00e0 gera\u00e7\u00e3o de energia renov\u00e1vel, nossos projetos oferecem energia limpa, de baixo custo e confi\u00e1vel aos nossos clientes. <\/p>\t\t\t\t\t\t\t\t<\/div>\n\t\t\t\t<\/div>\n\t\t\t\t\t<\/div>\n\t\t<\/div>\n\t\t\t\t<div class=\"elementor-column elementor-col-50 elementor-inner-column elementor-element elementor-element-44ad5f3\" data-id=\"44ad5f3\" data-element_type=\"column\" data-e-type=\"column\" data-settings=\"{&quot;background_background&quot;:&quot;classic&quot;}\">\n\t\t\t<div class=\"elementor-widget-wrap elementor-element-populated\">\n\t\t\t\t\t\t<div class=\"elementor-element elementor-element-075dbb8 elementor-widget elementor-widget-spacer\" data-id=\"075dbb8\" data-element_type=\"widget\" data-e-type=\"widget\" data-widget_type=\"spacer.default\">\n\t\t\t\t<div class=\"elementor-widget-container\">\n\t\t\t\t\t\t\t<div class=\"elementor-spacer\">\n\t\t\t<div class=\"elementor-spacer-inner\"><\/div>\n\t\t<\/div>\n\t\t\t\t\t\t<\/div>\n\t\t\t\t<\/div>\n\t\t\t\t\t<\/div>\n\t\t<\/div>\n\t\t\t\t\t<\/div>\n\t\t<\/section>\n\t\t\t\t\t<\/div>\n\t\t<\/div>\n\t\t\t\t\t<\/div>\n\t\t<\/section>\n\t\t\t\t<section class=\"elementor-section elementor-top-section elementor-element elementor-element-6461836 elementor-section-content-middle elementor-section-boxed elementor-section-height-default elementor-section-height-default\" data-id=\"6461836\" data-element_type=\"section\" data-e-type=\"section\" data-settings=\"{&quot;background_background&quot;:&quot;classic&quot;}\">\n\t\t\t\t\t\t<div class=\"elementor-container elementor-column-gap-default\">\n\t\t\t\t\t<div class=\"elementor-column elementor-col-100 elementor-top-column elementor-element elementor-element-1e26bbc\" data-id=\"1e26bbc\" data-element_type=\"column\" data-e-type=\"column\">\n\t\t\t<div class=\"elementor-widget-wrap elementor-element-populated\">\n\t\t\t\t\t\t<section class=\"elementor-section elementor-inner-section elementor-element elementor-element-9c82714 elementor-section-boxed elementor-section-height-default elementor-section-height-default\" data-id=\"9c82714\" data-element_type=\"section\" data-e-type=\"section\">\n\t\t\t\t\t\t<div class=\"elementor-container elementor-column-gap-no\">\n\t\t\t\t\t<div class=\"elementor-column elementor-col-100 elementor-inner-column elementor-element elementor-element-6383807\" data-id=\"6383807\" data-element_type=\"column\" data-e-type=\"column\">\n\t\t\t<div class=\"elementor-widget-wrap elementor-element-populated\">\n\t\t\t\t\t\t<div class=\"elementor-element elementor-element-6795192 elementor-widget elementor-widget-heading\" data-id=\"6795192\" data-element_type=\"widget\" data-e-type=\"widget\" data-widget_type=\"heading.default\">\n\t\t\t\t<div class=\"elementor-widget-container\">\n\t\t\t\t\t<h2 class=\"elementor-heading-title elementor-size-default\">Usamos tecnologias comprovadas, confi\u00e1veis e seguras para nossos projetos solares e de baterias.<\/h2>\t\t\t\t<\/div>\n\t\t\t\t<\/div>\n\t\t\t\t\t<\/div>\n\t\t<\/div>\n\t\t\t\t\t<\/div>\n\t\t<\/section>\n\t\t\t\t<div class=\"elementor-element elementor-element-46b8189 elementor-widget elementor-widget-spacer\" data-id=\"46b8189\" data-element_type=\"widget\" data-e-type=\"widget\" data-widget_type=\"spacer.default\">\n\t\t\t\t<div class=\"elementor-widget-container\">\n\t\t\t\t\t\t\t<div class=\"elementor-spacer\">\n\t\t\t<div class=\"elementor-spacer-inner\"><\/div>\n\t\t<\/div>\n\t\t\t\t\t\t<\/div>\n\t\t\t\t<\/div>\n\t\t\t\t<section class=\"elementor-section elementor-inner-section elementor-element elementor-element-2821f26 elementor-section-boxed elementor-section-height-default elementor-section-height-default\" data-id=\"2821f26\" data-element_type=\"section\" data-e-type=\"section\">\n\t\t\t\t\t\t<div class=\"elementor-container elementor-column-gap-default\">\n\t\t\t\t\t<div class=\"elementor-column elementor-col-50 elementor-inner-column elementor-element elementor-element-b398ffe\" data-id=\"b398ffe\" data-element_type=\"column\" data-e-type=\"column\" data-settings=\"{&quot;background_background&quot;:&quot;classic&quot;}\">\n\t\t\t<div class=\"elementor-widget-wrap elementor-element-populated\">\n\t\t\t\t\t<div class=\"elementor-background-overlay\"><\/div>\n\t\t\t\t\t\t<div class=\"elementor-element elementor-element-ecb276c elementor-widget elementor-widget-pp-info-box\" data-id=\"ecb276c\" data-element_type=\"widget\" data-e-type=\"widget\" data-widget_type=\"pp-info-box.default\">\n\t\t\t\t<div class=\"elementor-widget-container\">\n\t\t\t\t\t\t\t<div class=\"pp-info-box-container\">\n\t\t\t<div class=\"pp-info-box\">\n\t\t\t\t\t\t\t\t<div class=\"pp-info-box-content\">\n\t\t\t\t\t<div class=\"pp-info-box-title-wrap\">\n\t\t\t\t\t\t\t\t\t\t\t\t\t<div class=\"pp-info-box-title-container\">\n\t\t\t\t\t\t\t\t<h4 class=\"pp-info-box-title\">\n\t\t\t\t\t\t\t\t\tSolar\t\t\t\t\t\t\t\t<\/h4>\n\t\t\t\t\t\t\t<\/div>\n\t\t\t\t\t\t\t\t\t\t\t\t<\/div>\n\n\t\t\t\t\t\n\t\t\t\t\t\t\t\t\t\t\t<div class=\"pp-info-box-description\">\n\t\t\t\t\t\t\tA Recurrent Energy tem sido pioneira no desenvolvimento de energia solar. Como uma das primeiras a atuar em mercados em crescimento, a Recurrent Energy estabeleceu o padr\u00e3o para o desenvolvimento e contrata\u00e7\u00e3o de energia solar. \u00c0 medida que a energia solar se tornou mais competitiva em custo em novos mercados, expandimos nossa presen\u00e7a, atendendo \u00e0s necessidades de nossos clientes em todo o mundo.<br><br><br><br><br>   \t\t\t\t\t\t<\/div>\n\t\t\t\t\t\t\t\t\t\t\t\t\t\t<\/div>\n\t\t\t<\/div>\n\t\t<\/div>\n\t\t\t\t\t\t<\/div>\n\t\t\t\t<\/div>\n\t\t\t\t<div class=\"elementor-element elementor-element-56002ab pp-icon-right elementor-widget__width-auto pp-icon-list-traditional elementor-list-item-link-inline elementor-widget elementor-widget-pp-icon-list\" data-id=\"56002ab\" data-element_type=\"widget\" data-e-type=\"widget\" data-widget_type=\"pp-icon-list.default\">\n\t\t\t\t<div class=\"elementor-widget-container\">\n\t\t\t\t\t\t\t<div class=\"pp-list-container\">\n\t\t\t<ul class=\"pp-list-items\">\n\t\t\t\t\t\t\t\t\t\t\t\t\t\t\t\t\t\t\t\t\t<li class=\"pp-icon-list-item elementor-repeater-item-230ca39\">\n\t\t\t\t\t\t\t\t\t\t\t\t\t\t\t<a href=\"\/solar\">\n\t\t\t\t\t\t\t\t\t\t\t<span class=\"pp-icon-wrapper\">\n\t\t\t\t\t\t\t\t\t\t<span class=\"pp-icon-list-icon pp-icon \">\n\t\t\t\t\t\t<i aria-hidden=\"true\" class=\"hm hm-arrow-right\"><\/i><\/span>\t\t\t<\/span>\n\t\t\t\t\t\t\t\t\t\t<span class=\"pp-icon-list-text\">\n\t\t\t\t\t\t\t\tSaiba Mais\t\t\t\t\t\t\t<\/span>\n\t\t\t\t\t\t\t\t\t\t\t\t\t\t\t<\/a>\n\t\t\t\t\t\t\t\t\t\t\t\t\t\t<\/li>\n\t\t\t\t\t\t\t\t\t\t\t\t\t<\/ul>\n\t\t<\/div>\n\t\t\t\t\t\t<\/div>\n\t\t\t\t<\/div>\n\t\t\t\t\t<\/div>\n\t\t<\/div>\n\t\t\t\t<div class=\"elementor-column elementor-col-50 elementor-inner-column elementor-element elementor-element-2d59cdc\" data-id=\"2d59cdc\" data-element_type=\"column\" data-e-type=\"column\" data-settings=\"{&quot;background_background&quot;:&quot;classic&quot;}\">\n\t\t\t<div class=\"elementor-widget-wrap elementor-element-populated\">\n\t\t\t\t\t<div class=\"elementor-background-overlay\"><\/div>\n\t\t\t\t\t\t<div class=\"elementor-element elementor-element-495f678 elementor-widget elementor-widget-pp-info-box\" data-id=\"495f678\" data-element_type=\"widget\" data-e-type=\"widget\" data-widget_type=\"pp-info-box.default\">\n\t\t\t\t<div class=\"elementor-widget-container\">\n\t\t\t\t\t\t\t<div class=\"pp-info-box-container\">\n\t\t\t<div class=\"pp-info-box\">\n\t\t\t\t\t\t\t\t<div class=\"pp-info-box-content\">\n\t\t\t\t\t<div class=\"pp-info-box-title-wrap\">\n\t\t\t\t\t\t\t\t\t\t\t\t\t<div class=\"pp-info-box-title-container\">\n\t\t\t\t\t\t\t\t<h4 class=\"pp-info-box-title\">\n\t\t\t\t\t\t\t\t\tArmazenamento de Energia\t\t\t\t\t\t\t\t<\/h4>\n\t\t\t\t\t\t\t<\/div>\n\t\t\t\t\t\t\t\t\t\t\t\t<\/div>\n\n\t\t\t\t\t\n\t\t\t\t\t\t\t\t\t\t\t<div class=\"pp-info-box-description\">\n\t\t\t\t\t\t\tTemos uma equipe de classe mundial com especialistas internos em todas as etapas do ciclo de desenvolvimento de projetos de armazenamento de energia, desde localiza\u00e7\u00e3o, design, interconex\u00e3o, licenciamento e aquisi\u00e7\u00e3o at\u00e9 origina\u00e7\u00e3o e estrutura\u00e7\u00e3o, financiamento, constru\u00e7\u00e3o e gest\u00e3o de ativos. A vasta experi\u00eancia de nossa equipe em design, marketing e otimiza\u00e7\u00e3o de armazenamento de energia complementa nossa experi\u00eancia solar para entregar projetos inovadores que apoiam a transi\u00e7\u00e3o para uma rede de baixo carbono.  \t\t\t\t\t\t<\/div>\n\t\t\t\t\t\t\t\t\t\t\t\t\t\t<\/div>\n\t\t\t<\/div>\n\t\t<\/div>\n\t\t\t\t\t\t<\/div>\n\t\t\t\t<\/div>\n\t\t\t\t<div class=\"elementor-element elementor-element-d1b9b39 elementor-widget elementor-widget-spacer\" data-id=\"d1b9b39\" data-element_type=\"widget\" data-e-type=\"widget\" data-widget_type=\"spacer.default\">\n\t\t\t\t<div class=\"elementor-widget-container\">\n\t\t\t\t\t\t\t<div class=\"elementor-spacer\">\n\t\t\t<div class=\"elementor-spacer-inner\"><\/div>\n\t\t<\/div>\n\t\t\t\t\t\t<\/div>\n\t\t\t\t<\/div>\n\t\t\t\t<div class=\"elementor-element elementor-element-15362a1 pp-icon-right elementor-widget__width-auto pp-icon-list-traditional elementor-list-item-link-inline elementor-widget elementor-widget-pp-icon-list\" data-id=\"15362a1\" data-element_type=\"widget\" data-e-type=\"widget\" data-widget_type=\"pp-icon-list.default\">\n\t\t\t\t<div class=\"elementor-widget-container\">\n\t\t\t\t\t\t\t<div class=\"pp-list-container\">\n\t\t\t<ul class=\"pp-list-items\">\n\t\t\t\t\t\t\t\t\t\t\t\t\t\t\t\t\t\t\t\t\t<li class=\"pp-icon-list-item elementor-repeater-item-230ca39\">\n\t\t\t\t\t\t\t\t\t\t\t\t\t\t\t<a href=\"https:\/\/recurrentenergy.com\/pt-br\/tecnologias\/energy-storage\/\">\n\t\t\t\t\t\t\t\t\t\t\t<span class=\"pp-icon-wrapper\">\n\t\t\t\t\t\t\t\t\t\t<span class=\"pp-icon-list-icon pp-icon \">\n\t\t\t\t\t\t<i aria-hidden=\"true\" class=\"hm hm-arrow-right\"><\/i><\/span>\t\t\t<\/span>\n\t\t\t\t\t\t\t\t\t\t<span class=\"pp-icon-list-text\">\n\t\t\t\t\t\t\t\tSaiba Mais\t\t\t\t\t\t\t<\/span>\n\t\t\t\t\t\t\t\t\t\t\t\t\t\t\t<\/a>\n\t\t\t\t\t\t\t\t\t\t\t\t\t\t<\/li>\n\t\t\t\t\t\t\t\t\t\t\t\t\t<\/ul>\n\t\t<\/div>\n\t\t\t\t\t\t<\/div>\n\t\t\t\t<\/div>\n\t\t\t\t\t<\/div>\n\t\t<\/div>\n\t\t\t\t\t<\/div>\n\t\t<\/section>\n\t\t\t\t\t<\/div>\n\t\t<\/div>\n\t\t\t\t\t<\/div>\n\t\t<\/section>\n\t\t\t\t<\/div>\n\t\t","protected":false},"excerpt":{"rendered":"<p>Energia Solar e Armazenamento A Recurrent Energy est\u00e1 na vanguarda da transi\u00e7\u00e3o energ\u00e9tica atual. As tecnologias de energia renov\u00e1vel amadureceram rapidamente, aumentando sua efici\u00eancia enquanto os custos ca\u00edram drasticamente. Ao mesmo tempo, os mercados de eletricidade entraram em um processo de transi\u00e7\u00e3o \u00e0 medida que mais e mais geradores de energia renov\u00e1vel s\u00e3o adicionados \u00e0&hellip;<a class=\"button moretag\" href=\"https:\/\/recurrentenergy.com\/pt-br\/tecnologias\/\">Read More<\/a><\/p>\n","protected":false},"author":20,"featured_media":19884,"parent":0,"menu_order":0,"comment_status":"closed","ping_status":"closed","template":"","meta":{"_acf_changed":false,"_lmt_disableupdate":"","_lmt_disable":"","_monsterinsights_skip_tracking":false,"_monsterinsights_sitenote_active":false,"_monsterinsights_sitenote_note":"","_monsterinsights_sitenote_category":0,"_uf_show_specific_survey":0,"_uf_disable_surveys":false,"footnotes":"","_links_to":"","_links_to_target":""},"class_list":["post-17939","page","type-page","status-publish","has-post-thumbnail","hentry"],"acf":[],"yoast_head":"<!-- This site is optimized with the Yoast SEO plugin v27.3 - https:\/\/yoast.com\/product\/yoast-seo-wordpress\/ -->\n<title>Tecnologias - Recurrent Energy<\/title>\n<meta name=\"description\" content=\"As tecnologias de energia renov\u00e1vel amadureceram rapidamente, aumentando sua efici\u00eancia enquanto os custos ca\u00edram drasticamente.\" \/>\n<meta name=\"robots\" content=\"index, follow, max-snippet:-1, max-image-preview:large, max-video-preview:-1\" \/>\n<link rel=\"canonical\" href=\"https:\/\/recurrentenergy.com\/technologies\/\" \/>\n<meta property=\"og:locale\" content=\"pt_BR\" \/>\n<meta property=\"og:type\" content=\"article\" \/>\n<meta property=\"og:title\" content=\"Tecnologias - Recurrent Energy\" \/>\n<meta property=\"og:description\" content=\"As tecnologias de energia renov\u00e1vel amadureceram rapidamente, aumentando sua efici\u00eancia enquanto os custos ca\u00edram drasticamente.\" \/>\n<meta property=\"og:url\" content=\"https:\/\/recurrentenergy.com\/technologies\/\" \/>\n<meta property=\"og:site_name\" content=\"Recurrent Energy\" \/>\n<meta property=\"article:modified_time\" content=\"2025-11-07T15:40:39+00:00\" \/>\n<meta property=\"og:image\" content=\"https:\/\/recurrentenergy.com\/wp-content\/uploads\/2025\/06\/Technologies.jpg\" \/>\n\t<meta property=\"og:image:width\" content=\"2048\" \/>\n\t<meta property=\"og:image:height\" content=\"1024\" \/>\n\t<meta property=\"og:image:type\" content=\"image\/jpeg\" \/>\n<meta name=\"twitter:card\" content=\"summary_large_image\" \/>\n<meta name=\"twitter:label1\" content=\"Est. tempo de leitura\" \/>\n\t<meta name=\"twitter:data1\" content=\"2 minutos\" \/>\n<script type=\"application\/ld+json\" class=\"yoast-schema-graph\">{\"@context\":\"https:\\\/\\\/schema.org\",\"@graph\":[{\"@type\":\"WebPage\",\"@id\":\"https:\\\/\\\/recurrentenergy.com\\\/technologies\\\/\",\"url\":\"https:\\\/\\\/recurrentenergy.com\\\/technologies\\\/\",\"name\":\"Tecnologias - Recurrent Energy\",\"isPartOf\":{\"@id\":\"https:\\\/\\\/recurrentenergy.com\\\/#website\"},\"primaryImageOfPage\":{\"@id\":\"https:\\\/\\\/recurrentenergy.com\\\/technologies\\\/#primaryimage\"},\"image\":{\"@id\":\"https:\\\/\\\/recurrentenergy.com\\\/technologies\\\/#primaryimage\"},\"thumbnailUrl\":\"https:\\\/\\\/recurrentenergy.com\\\/wp-content\\\/uploads\\\/2025\\\/06\\\/Technologies.jpg\",\"datePublished\":\"2021-02-01T20:41:58+00:00\",\"dateModified\":\"2025-11-07T15:40:39+00:00\",\"description\":\"As tecnologias de energia renov\u00e1vel amadureceram rapidamente, aumentando sua efici\u00eancia enquanto os custos ca\u00edram drasticamente.\",\"breadcrumb\":{\"@id\":\"https:\\\/\\\/recurrentenergy.com\\\/technologies\\\/#breadcrumb\"},\"inLanguage\":\"pt-BR\",\"potentialAction\":[{\"@type\":\"ReadAction\",\"target\":[\"https:\\\/\\\/recurrentenergy.com\\\/technologies\\\/\"]}]},{\"@type\":\"ImageObject\",\"inLanguage\":\"pt-BR\",\"@id\":\"https:\\\/\\\/recurrentenergy.com\\\/technologies\\\/#primaryimage\",\"url\":\"https:\\\/\\\/recurrentenergy.com\\\/wp-content\\\/uploads\\\/2025\\\/06\\\/Technologies.jpg\",\"contentUrl\":\"https:\\\/\\\/recurrentenergy.com\\\/wp-content\\\/uploads\\\/2025\\\/06\\\/Technologies.jpg\",\"width\":2048,\"height\":1024},{\"@type\":\"BreadcrumbList\",\"@id\":\"https:\\\/\\\/recurrentenergy.com\\\/technologies\\\/#breadcrumb\",\"itemListElement\":[{\"@type\":\"ListItem\",\"position\":1,\"name\":\"Home\",\"item\":\"https:\\\/\\\/recurrentenergy.com\\\/pt-br\\\/recurrent-energy\\\/\"},{\"@type\":\"ListItem\",\"position\":2,\"name\":\"Tecnologias\"}]},{\"@type\":\"WebSite\",\"@id\":\"https:\\\/\\\/recurrentenergy.com\\\/#website\",\"url\":\"https:\\\/\\\/recurrentenergy.com\\\/\",\"name\":\"Recurrent Energy\",\"description\":\"A subsidiary of Canadian Solar\",\"publisher\":{\"@id\":\"https:\\\/\\\/recurrentenergy.com\\\/#organization\"},\"potentialAction\":[{\"@type\":\"SearchAction\",\"target\":{\"@type\":\"EntryPoint\",\"urlTemplate\":\"https:\\\/\\\/recurrentenergy.com\\\/?s={search_term_string}\"},\"query-input\":{\"@type\":\"PropertyValueSpecification\",\"valueRequired\":true,\"valueName\":\"search_term_string\"}}],\"inLanguage\":\"pt-BR\"},{\"@type\":\"Organization\",\"@id\":\"https:\\\/\\\/recurrentenergy.com\\\/#organization\",\"name\":\"Recurrent Energy\",\"url\":\"https:\\\/\\\/recurrentenergy.com\\\/\",\"logo\":{\"@type\":\"ImageObject\",\"inLanguage\":\"pt-BR\",\"@id\":\"https:\\\/\\\/recurrentenergy.com\\\/#\\\/schema\\\/logo\\\/image\\\/\",\"url\":\"https:\\\/\\\/recurrentenergy.com\\\/wp-content\\\/uploads\\\/2021\\\/01\\\/Recurrent-Energy-logo.png\",\"contentUrl\":\"https:\\\/\\\/recurrentenergy.com\\\/wp-content\\\/uploads\\\/2021\\\/01\\\/Recurrent-Energy-logo.png\",\"width\":1201,\"height\":449,\"caption\":\"Recurrent Energy\"},\"image\":{\"@id\":\"https:\\\/\\\/recurrentenergy.com\\\/#\\\/schema\\\/logo\\\/image\\\/\"}}]}<\/script>\n<!-- \/ Yoast SEO plugin. -->","yoast_head_json":{"title":"Tecnologias - Recurrent Energy","description":"As tecnologias de energia renov\u00e1vel amadureceram rapidamente, aumentando sua efici\u00eancia enquanto os custos ca\u00edram drasticamente.","robots":{"index":"index","follow":"follow","max-snippet":"max-snippet:-1","max-image-preview":"max-image-preview:large","max-video-preview":"max-video-preview:-1"},"canonical":"https:\/\/recurrentenergy.com\/technologies\/","og_locale":"pt_BR","og_type":"article","og_title":"Tecnologias - Recurrent Energy","og_description":"As tecnologias de energia renov\u00e1vel amadureceram rapidamente, aumentando sua efici\u00eancia enquanto os custos ca\u00edram drasticamente.","og_url":"https:\/\/recurrentenergy.com\/technologies\/","og_site_name":"Recurrent Energy","article_modified_time":"2025-11-07T15:40:39+00:00","og_image":[{"width":2048,"height":1024,"url":"https:\/\/recurrentenergy.com\/wp-content\/uploads\/2025\/06\/Technologies.jpg","type":"image\/jpeg"}],"twitter_card":"summary_large_image","twitter_misc":{"Est. tempo de leitura":"2 minutos"},"schema":{"@context":"https:\/\/schema.org","@graph":[{"@type":"WebPage","@id":"https:\/\/recurrentenergy.com\/technologies\/","url":"https:\/\/recurrentenergy.com\/technologies\/","name":"Tecnologias - Recurrent Energy","isPartOf":{"@id":"https:\/\/recurrentenergy.com\/#website"},"primaryImageOfPage":{"@id":"https:\/\/recurrentenergy.com\/technologies\/#primaryimage"},"image":{"@id":"https:\/\/recurrentenergy.com\/technologies\/#primaryimage"},"thumbnailUrl":"https:\/\/recurrentenergy.com\/wp-content\/uploads\/2025\/06\/Technologies.jpg","datePublished":"2021-02-01T20:41:58+00:00","dateModified":"2025-11-07T15:40:39+00:00","description":"As tecnologias de energia renov\u00e1vel amadureceram rapidamente, aumentando sua efici\u00eancia enquanto os custos ca\u00edram drasticamente.","breadcrumb":{"@id":"https:\/\/recurrentenergy.com\/technologies\/#breadcrumb"},"inLanguage":"pt-BR","potentialAction":[{"@type":"ReadAction","target":["https:\/\/recurrentenergy.com\/technologies\/"]}]},{"@type":"ImageObject","inLanguage":"pt-BR","@id":"https:\/\/recurrentenergy.com\/technologies\/#primaryimage","url":"https:\/\/recurrentenergy.com\/wp-content\/uploads\/2025\/06\/Technologies.jpg","contentUrl":"https:\/\/recurrentenergy.com\/wp-content\/uploads\/2025\/06\/Technologies.jpg","width":2048,"height":1024},{"@type":"BreadcrumbList","@id":"https:\/\/recurrentenergy.com\/technologies\/#breadcrumb","itemListElement":[{"@type":"ListItem","position":1,"name":"Home","item":"https:\/\/recurrentenergy.com\/pt-br\/recurrent-energy\/"},{"@type":"ListItem","position":2,"name":"Tecnologias"}]},{"@type":"WebSite","@id":"https:\/\/recurrentenergy.com\/#website","url":"https:\/\/recurrentenergy.com\/","name":"Recurrent Energy","description":"A subsidiary of Canadian Solar","publisher":{"@id":"https:\/\/recurrentenergy.com\/#organization"},"potentialAction":[{"@type":"SearchAction","target":{"@type":"EntryPoint","urlTemplate":"https:\/\/recurrentenergy.com\/?s={search_term_string}"},"query-input":{"@type":"PropertyValueSpecification","valueRequired":true,"valueName":"search_term_string"}}],"inLanguage":"pt-BR"},{"@type":"Organization","@id":"https:\/\/recurrentenergy.com\/#organization","name":"Recurrent Energy","url":"https:\/\/recurrentenergy.com\/","logo":{"@type":"ImageObject","inLanguage":"pt-BR","@id":"https:\/\/recurrentenergy.com\/#\/schema\/logo\/image\/","url":"https:\/\/recurrentenergy.com\/wp-content\/uploads\/2021\/01\/Recurrent-Energy-logo.png","contentUrl":"https:\/\/recurrentenergy.com\/wp-content\/uploads\/2021\/01\/Recurrent-Energy-logo.png","width":1201,"height":449,"caption":"Recurrent Energy"},"image":{"@id":"https:\/\/recurrentenergy.com\/#\/schema\/logo\/image\/"}}]}},"_links":{"self":[{"href":"https:\/\/recurrentenergy.com\/pt-br\/wp-json\/wp\/v2\/pages\/17939","targetHints":{"allow":["GET"]}}],"collection":[{"href":"https:\/\/recurrentenergy.com\/pt-br\/wp-json\/wp\/v2\/pages"}],"about":[{"href":"https:\/\/recurrentenergy.com\/pt-br\/wp-json\/wp\/v2\/types\/page"}],"author":[{"embeddable":true,"href":"https:\/\/recurrentenergy.com\/pt-br\/wp-json\/wp\/v2\/users\/20"}],"replies":[{"embeddable":true,"href":"https:\/\/recurrentenergy.com\/pt-br\/wp-json\/wp\/v2\/comments?post=17939"}],"version-history":[{"count":0,"href":"https:\/\/recurrentenergy.com\/pt-br\/wp-json\/wp\/v2\/pages\/17939\/revisions"}],"wp:featuredmedia":[{"embeddable":true,"href":"https:\/\/recurrentenergy.com\/pt-br\/wp-json\/wp\/v2\/media\/19884"}],"wp:attachment":[{"href":"https:\/\/recurrentenergy.com\/pt-br\/wp-json\/wp\/v2\/media?parent=17939"}],"curies":[{"name":"wp","href":"https:\/\/api.w.org\/{rel}","templated":true}]}}